{"id":40553,"date":"2026-02-19T13:47:46","date_gmt":"2026-02-19T13:47:46","guid":{"rendered":"https:\/\/www.hri-research.org\/?page_id=40553"},"modified":"2026-02-19T13:47:46","modified_gmt":"2026-02-19T13:47:46","slug":"anwendung-gesundheit-und-offenlegung-von-homoeopathie-in-der-britischen-bevoelkerung-umfrage-im-vereinigten-koenigreich","status":"publish","type":"page","link":"https:\/\/www.hri-research.org\/de\/laufende-projekte\/von-der-taeglichen-praxis-lernen\/anwendung-gesundheit-und-offenlegung-von-homoeopathie-in-der-britischen-bevoelkerung-umfrage-im-vereinigten-koenigreich\/","title":{"rendered":"Anwendung, Gesundheit und Offenlegung von Hom\u00f6opathie in der britischen Bev\u00f6lkerung \u2013 Umfrage im Vereinigten K\u00f6nigreich"},"content":{"rendered":"<h3><span class=\"accent\">Projektinhalt<\/span><\/h3>\n<p style=\"font-weight: 400;\">Eine Querschnittsbefragung der britischen Bev\u00f6lkerung wird online durchgef\u00fchrt. Diese Studie beabsichtigt erstens, aktuelle Daten zur H\u00e4ufigkeit und den Merkmalen der Anwendung von Hom\u00f6opathie und Produktverwendung durch die britische Bev\u00f6lkerung zu erhalten sowie zweitens, die Pr\u00e4dikatoren f\u00fcr die Hom\u00f6opathie-Anwendung unter Verwendung zuverl\u00e4ssiger und reproduzierbarer Instrumente und Methodologie zu bestimmen.<\/p>\n<p style=\"font-weight: 400;\">Die Teilnehmenden (1.500 Personen) sind aufgefordert, Informationen \u00fcber ihre Nutzung der Gesundheitsdienstleistungen sowie der Produkte in den vorausgehenden 12 Monaten zu liefern. Dazu geh\u00f6ren sowohl die konventionelle Medizin als auch die Hom\u00f6opathie. Genauere Behandlungsangaben werden mittels einer Befragung gemessen, bei der pharmazeutische (verschreibungspflichtige und nicht verschreibungspflichtige Mittel) und nicht pharmazeutische Therapien angef\u00fchrt werden.<\/p>\n<h3><span class=\"accent\">Forschungsgruppe<\/span><\/h3>\n<ul>\n<li>Dr. Esther van der Werf (Projektleiterin), Homeopathy Research Institute, London, Vereinigtes K\u00f6nigreich<\/li>\n<li>Dr. Amy Steel, Au\u00dferordentliche Professorin and Kodirektorin ARCCIM (Australisches Forschungszentrum f\u00fcr komplement\u00e4re und integrative Medizin), \u00f6ffentliche Gesundheit, University of Technology Sydney, Australien<\/li>\n<li>Dr. Hope Foley, Forscherin am ARCCIM, Australisches Forschungszentrum f\u00fcr komplement\u00e4re und integrative Medizin, \u00f6ffentliche Gesundheit, University of Technology Sydney, Australien<\/li>\n<li>Prof. Jon Adams, Professor und Kodirektor ARCCIM, Australisches Forschungszentrum f\u00fcr komplement\u00e4re und integrative Medizin, \u00f6ffentliche Gesundheit, University of Technology Sydney, Australien<\/li>\n<\/ul>\n<h3><span class=\"accent\">Forschungsleiterin<\/span><\/h3>\n<p><img loading=\"lazy\" decoding=\"async\" class=\"alignleft wp-image-25503 size-people_listing_headshot\" src=\"https:\/\/www.hri-research.org\/wp-content\/uploads\/2023\/01\/EvdW-1-98x157.jpg\" alt=\"\" width=\"98\" height=\"157\" srcset=\"https:\/\/www.hri-research.org\/wp-content\/uploads\/2023\/01\/EvdW-1-98x157.jpg 98w, https:\/\/www.hri-research.org\/wp-content\/uploads\/2023\/01\/EvdW-1-188x300.jpg 188w, https:\/\/www.hri-research.org\/wp-content\/uploads\/2023\/01\/EvdW-1-198x317.jpg 198w, https:\/\/www.hri-research.org\/wp-content\/uploads\/2023\/01\/EvdW-1-158x253.jpg 158w, https:\/\/www.hri-research.org\/wp-content\/uploads\/2023\/01\/EvdW-1-160x256.jpg 160w, https:\/\/www.hri-research.org\/wp-content\/uploads\/2023\/01\/EvdW-1.jpg 500w\" sizes=\"auto, (max-width: 98px) 100vw, 98px\" \/><\/p>\n<p><strong>Dr Esther van der Werf<\/strong>MSc PhD Dip IACH (Hom) (Diplom f\u00fcr Internationale Akademie der klassischen Hom\u00f6opathie)<br \/>\n<span lang=\"DE\">Klinische Forschungsleiterin<br \/>\nHomeopathy Research Institute<\/span><\/p>\n<p style=\"font-weight: 400;\">Esther\u00a0erwarb an der Erasmus-Universit\u00e4t Rotterdam (Niederlande) einen Master of Science in Epidemiologie sowie einen Master of Science in Gesundheitspolitik &amp; Management. 2006 promovierte sie an der Erasmus-Universit\u00e4t Rotterdam \u00fcber Epidemiologie und Harnwege. Esther ist zugelassene klassische Hom\u00f6opathin und absolvierte ihre Ausbildung in Hom\u00f6opathie an der Internationalen Akademie f\u00fcr klassische Hom\u00f6opathie (unter der Leitung von Professor George Vithoulkas, Griechenland.<\/p>\n<p style=\"font-weight: 400;\">Sie kann auf eine \u00fcber 20-j\u00e4hrige Erfahrung in der klinischen Forschung und im Projektmanagement zur\u00fcckblicken. Im Anschluss daran arbeitete sie als Epidemiologin am Universit\u00e4tsklinikum Utrecht sowie an der Fachhochschule Leiden (Niederlade). 2015\u00a0begann Esther\u00a0ihre T\u00e4tigkeit an der Einrichtung f\u00fcr akademische Prim\u00e4rversorgung Centre of Academic Primary Care an der Universit\u00e4t Bristol (Vereinigtes K\u00f6nigreich), wo sie ihre Forschung zu integrativer Medizin und Infektionskrankheiten fortsetzte. Von August 2018 bis August 2019 baute sie die Forschungsgruppe zu integrativer Medizin an der medizinischen Fakult\u00e4t der Taylor\u2019s University in Kuala Lumpur, Malaysia auf, die sie leitete. Darauf leitete sie dann zwei Jahre lang die Forschungsabteilung f\u00fcr integrative Medizin am Louis Bolk Institut (Niederlande).<\/p>\n<h3><span class=\"accent\">Worin liegt die Bedeutung dieses Projekts?<\/span><\/h3>\n<p>This research is to find out about the patterns of homeopathy use in the UK population. It is also designed to explore the patient experience and communication surrounding homeopathy use in the UK.<\/p>\n","protected":false},"excerpt":{"rendered":"<p>Projektinhalt Eine Querschnittsbefragung der britischen Bev\u00f6lkerung wird online durchgef\u00fchrt. Diese Studie beabsichtigt erstens, aktuelle Daten zur H\u00e4ufigkeit und den Merkmalen der Anwendung von Hom\u00f6opathie und Produktverwendung durch die britische Bev\u00f6lkerung zu erhalten sowie zweitens, die Pr\u00e4dikatoren f\u00fcr die Hom\u00f6opathie-Anwendung unter Verwendung zuverl\u00e4ssiger und reproduzierbarer Instrumente und Methodologie zu bestimmen. Die Teilnehmenden (1.500 Personen) sind aufgefordert, [&hellip;]<\/p>\n","protected":false},"author":3894,"featured_media":0,"parent":15516,"menu_order":0,"comment_status":"closed","ping_status":"closed","template":"","meta":{"footnotes":""},"class_list":["post-40553","page","type-page","status-publish","hentry"],"jetpack_sharing_enabled":true,"_links":{"self":[{"href":"https:\/\/www.hri-research.org\/de\/wp-json\/wp\/v2\/pages\/40553","targetHints":{"allow":["GET"]}}],"collection":[{"href":"https:\/\/www.hri-research.org\/de\/wp-json\/wp\/v2\/pages"}],"about":[{"href":"https:\/\/www.hri-research.org\/de\/wp-json\/wp\/v2\/types\/page"}],"author":[{"embeddable":true,"href":"https:\/\/www.hri-research.org\/de\/wp-json\/wp\/v2\/users\/3894"}],"replies":[{"embeddable":true,"href":"https:\/\/www.hri-research.org\/de\/wp-json\/wp\/v2\/comments?post=40553"}],"version-history":[{"count":0,"href":"https:\/\/www.hri-research.org\/de\/wp-json\/wp\/v2\/pages\/40553\/revisions"}],"up":[{"embeddable":true,"href":"https:\/\/www.hri-research.org\/de\/wp-json\/wp\/v2\/pages\/15516"}],"wp:attachment":[{"href":"https:\/\/www.hri-research.org\/de\/wp-json\/wp\/v2\/media?parent=40553"}],"curies":[{"name":"wp","href":"https:\/\/api.w.org\/{rel}","templated":true}]}}