{"id":40552,"date":"2026-02-19T13:38:52","date_gmt":"2026-02-19T13:38:52","guid":{"rendered":"https:\/\/www.hri-research.org\/?page_id=40552"},"modified":"2026-02-19T13:38:52","modified_gmt":"2026-02-19T13:38:52","slug":"homoeopathie-bei-sinusitis-systematisches-review-und-metaanalyse","status":"publish","type":"page","link":"https:\/\/www.hri-research.org\/de\/laufende-projekte\/mehr-informationen-aus-dem-vorhandenen-wissenschaftlichen-datenmaterial-ziehen\/homoeopathie-bei-sinusitis-systematisches-review-und-metaanalyse\/","title":{"rendered":"Hom\u00f6opathie bei Sinusitis: Systematisches Review und Metaanalyse"},"content":{"rendered":"<h3><span class=\"accent\">Projektinhalt<\/span><\/h3>\n<p style=\"font-weight: 400;\">Sinusitis ist eine h\u00e4ufig auftretende Erkrankung, bei der Patienten und Patientinnen einen Arzt oder \u00c4rztin aufsuchen. Bei bakterieller Rhinosinusitis ist h\u00e4ufig eine Therapie mit Antibiotika indiziert. Die Behandlung einer akuten Sinusitis ist meistens unterst\u00fctzend und beinhaltet Sp\u00fclungen mit Kochsalzl\u00f6sung, Schmerzmittel und abschwellende Mittel. Antibiotika werden nur bei Verdacht auf bakterielle F\u00e4lle verabreicht.<\/p>\n<p style=\"font-weight: 400;\">Die Behandlung der chronischen Sinusitis sieht intranasale Kortikosteroide vor, Antihistaminika und bei schweren F\u00e4llen die funktionelle endoskopische Nasennebenh\u00f6hlenoperation (FESS). Zu behandlungsbedingten unerw\u00fcnschten Ereignissen geh\u00f6ren Nebenwirkungen durch Kortikosteroide (z.B. trockene Nase oder Reizung), Antibiotikaresistenz und Komplikationen bei der Operation wie Blutungen oder Infektionen.<\/p>\n<p style=\"font-weight: 400;\">Dieses Projekt zielt auf die Bewertung der Wirksamkeit von Hom\u00f6opathie bei der Behandlung von Sinusitis ab und betrifft die Symptomerleichterung und eine verringerte Verabreichung von Antibiotika. Damit sollen Patienten und Patientinnen, \u00c4rzte und \u00c4rztinnen sowie Interessensvertreter klare, verst\u00e4ndliche und sachliche Informationen zu einer Erkrankung erhalten, die routinem\u00e4\u00dfig mit Hom\u00f6opathie behandelt wird.<\/p>\n<h3><span class=\"accent\">Forschungsgruppe<\/span><\/h3>\n<ul>\n<li>Dr. Esther van der Werf, Homeopathy Research Institute, London, Vereinigtes K\u00f6nigreich<\/li>\n<li>Rachel Roberts, Homeopathy Research Institute, London, Vereinigtes K\u00f6nigreich<\/li>\n<li>Dr. Alyson Huntley, Centre for Academic Primary Care, Bristol Medical School, Bristol, Vereinigtes K\u00f6nigreich<\/li>\n<li>Dr. Rachel Perry, The National Institute for Health and Care Research Applied Research Collaboration West (NIHR ARC West) am University Hospitals Bristol and Weston NHS Foundation Trust, Vereinigtes K\u00f6nigreich<\/li>\n<li>Professor Nai Ming Lai, Medizinische Fakult\u00e4t, Fakult\u00e4t f\u00fcr Gesundheitswissenschaften und Medizin, Taylor\u2019s University, Malaysia<\/li>\n<\/ul>\n<h3><span class=\"accent\">Forschungsleiterin<\/span><\/h3>\n<h3><span class=\"accent\"><img loading=\"lazy\" decoding=\"async\" class=\"alignleft wp-image-31717 \" src=\"https:\/\/www.hri-research.org\/wp-content\/uploads\/2024\/04\/EvdW-2024-scaled-e1713443824168-98x170.jpg\" alt=\"\" width=\"130\" height=\"226\" srcset=\"https:\/\/www.hri-research.org\/wp-content\/uploads\/2024\/04\/EvdW-2024-scaled-e1713443824168-98x170.jpg 98w, https:\/\/www.hri-research.org\/wp-content\/uploads\/2024\/04\/EvdW-2024-scaled-e1713443824168-173x300.jpg 173w, https:\/\/www.hri-research.org\/wp-content\/uploads\/2024\/04\/EvdW-2024-scaled-e1713443824168-589x1024.jpg 589w, https:\/\/www.hri-research.org\/wp-content\/uploads\/2024\/04\/EvdW-2024-scaled-e1713443824168-768x1334.jpg 768w, https:\/\/www.hri-research.org\/wp-content\/uploads\/2024\/04\/EvdW-2024-scaled-e1713443824168-884x1536.jpg 884w, https:\/\/www.hri-research.org\/wp-content\/uploads\/2024\/04\/EvdW-2024-scaled-e1713443824168-1179x2048.jpg 1179w, https:\/\/www.hri-research.org\/wp-content\/uploads\/2024\/04\/EvdW-2024-scaled-e1713443824168-198x344.jpg 198w, https:\/\/www.hri-research.org\/wp-content\/uploads\/2024\/04\/EvdW-2024-scaled-e1713443824168-158x275.jpg 158w, https:\/\/www.hri-research.org\/wp-content\/uploads\/2024\/04\/EvdW-2024-scaled-e1713443824168-160x278.jpg 160w, https:\/\/www.hri-research.org\/wp-content\/uploads\/2024\/04\/EvdW-2024-scaled-e1713443824168-520x904.jpg 520w, https:\/\/www.hri-research.org\/wp-content\/uploads\/2024\/04\/EvdW-2024-scaled-e1713443824168.jpg 1181w\" sizes=\"auto, (max-width: 130px) 100vw, 130px\" \/><\/span><\/h3>\n<p><strong>Dr Esther van der Werf<\/strong> MSc PhD Dip IACH (Hom) (Diplom f\u00fcr Internationale Akademie der klassischen Hom\u00f6opathie)<span lang=\"DE\">Klinische Forschungsleiterin<br \/>\n<\/span><span lang=\"DE\">Klinische Forschungsleiterin<br \/>\nHomeopathy Research Institute<\/span><\/p>\n<p style=\"font-weight: 400;\">Esther\u00a0erwarb an der Erasmus-Universit\u00e4t Rotterdam (Niederlande) einen Master of Science in Epidemiologie sowie einen Master of Science in Gesundheitspolitik &amp; Management. 2006 promovierte sie an der Erasmus-Universit\u00e4t Rotterdam \u00fcber Epidemiologie und Harnwege. Esther ist zugelassene klassische Hom\u00f6opathin und absolvierte ihre Ausbildung in Hom\u00f6opathie an der Internationalen Akademie f\u00fcr klassische Hom\u00f6opathie (unter der Leitung von Professor George Vithoulkas, Griechenland).<\/p>\n<p style=\"font-weight: 400;\">Sie kann auf eine \u00fcber 20-j\u00e4hrige Erfahrung in der klinischen Forschung und im Projektmanagement zur\u00fcckblicken. Im Anschluss daran arbeitete sie als Epidemiologin am Universit\u00e4tsklinikum Utrecht sowie an der Fachhochschule Leiden (Niederlade). 2015\u00a0begann Esther\u00a0ihre T\u00e4tigkeit an der Einrichtung f\u00fcr akademische Prim\u00e4rversorgung Centre of Academic Primary Care an der Universit\u00e4t Bristol (Vereinigtes K\u00f6nigreich), wo sie ihre Forschung zu integrativer Medizin und Infektionskrankheiten fortsetzte. Von August 2018 bis August 2019 baute sie die Forschungsgruppe zu integrativer Medizin an der medizinischen Fakult\u00e4t der Taylor\u2019s University in Kuala Lumpur, Malaysia auf, die sie leitete. Darauf leitete sie dann zwei Jahre lang die Forschungsabteilung f\u00fcr integrative Medizin am Louis Bolk Institut (Niederlande).<\/p>\n<h3><span class=\"accent\">Worin liegt die Bedeutung dieses Projekts?<\/span><\/h3>\n<p style=\"font-weight: 400;\">Sinusitis ist eine h\u00e4ufige Erkrankung. Von akuter Sinusitis sind dabei j\u00e4hrlich zwischen 6 und 15 % der Erwachsenen betroffen, chronische Sinusitis betrifft ungef\u00e4hr 10\u00a0% der Weltbev\u00f6lkerung. Patienten und Patientinnen, Behandelnde und weitere Interessensvertreter sind nur dann zu einer fundierten Entscheidung in der Lage, wenn sie \u00fcber qualitativ hochwertige, zuverl\u00e4ssige Daten verf\u00fcgen. Mit diesem Projekt konnten klare Angaben zu einer h\u00e4ufig auftretenden Erkrankung geliefert und ein vielversprechender Nachweis erbracht werden, dass Hom\u00f6opathie als wirksame Therapie betrachtet werden kann. Da die Antibiotikaresistenz in der Gesundheitsversorgung ein wachsendes Problem darstellt, ist jede evidenzbasierte Behandlungsoption, die die Antibiotikaverwendung verringert, von gr\u00f6\u00dftem Nutzen.<\/p>\n<p><a href=\"https:\/\/www.crd.york.ac.uk\/PROSPERO\/view\/CRD42025649258\" target=\"_blank\" rel=\"noopener\">Prospero<\/a><\/p>\n","protected":false},"excerpt":{"rendered":"<p>Projektinhalt Sinusitis ist eine h\u00e4ufig auftretende Erkrankung, bei der Patienten und Patientinnen einen Arzt oder \u00c4rztin aufsuchen. Bei bakterieller Rhinosinusitis ist h\u00e4ufig eine Therapie mit Antibiotika indiziert. Die Behandlung einer akuten Sinusitis ist meistens unterst\u00fctzend und beinhaltet Sp\u00fclungen mit Kochsalzl\u00f6sung, Schmerzmittel und abschwellende Mittel. Antibiotika werden nur bei Verdacht auf bakterielle F\u00e4lle verabreicht. Die Behandlung [&hellip;]<\/p>\n","protected":false},"author":3894,"featured_media":0,"parent":11509,"menu_order":0,"comment_status":"closed","ping_status":"closed","template":"","meta":{"footnotes":""},"class_list":["post-40552","page","type-page","status-publish","hentry"],"jetpack_sharing_enabled":true,"_links":{"self":[{"href":"https:\/\/www.hri-research.org\/de\/wp-json\/wp\/v2\/pages\/40552","targetHints":{"allow":["GET"]}}],"collection":[{"href":"https:\/\/www.hri-research.org\/de\/wp-json\/wp\/v2\/pages"}],"about":[{"href":"https:\/\/www.hri-research.org\/de\/wp-json\/wp\/v2\/types\/page"}],"author":[{"embeddable":true,"href":"https:\/\/www.hri-research.org\/de\/wp-json\/wp\/v2\/users\/3894"}],"replies":[{"embeddable":true,"href":"https:\/\/www.hri-research.org\/de\/wp-json\/wp\/v2\/comments?post=40552"}],"version-history":[{"count":0,"href":"https:\/\/www.hri-research.org\/de\/wp-json\/wp\/v2\/pages\/40552\/revisions"}],"up":[{"embeddable":true,"href":"https:\/\/www.hri-research.org\/de\/wp-json\/wp\/v2\/pages\/11509"}],"wp:attachment":[{"href":"https:\/\/www.hri-research.org\/de\/wp-json\/wp\/v2\/media?parent=40552"}],"curies":[{"name":"wp","href":"https:\/\/api.w.org\/{rel}","templated":true}]}}