{"id":33210,"date":"2024-08-22T08:31:28","date_gmt":"2024-08-22T08:31:28","guid":{"rendered":"https:\/\/www.hri-research.org\/?page_id=33210"},"modified":"2024-08-22T08:31:28","modified_gmt":"2024-08-22T08:31:28","slug":"kosteneffizienz-der-homoeopathie","status":"publish","type":"page","link":"https:\/\/www.hri-research.org\/de\/informationsquellen\/wichtiges-forschungsmaterial\/kosteneffizienz-der-homoeopathie\/","title":{"rendered":"Kosteneffizienz der Hom\u00f6opathie"},"content":{"rendered":"<p>Die gesundheits\u00f6konomische Forschung zielt darauf ab, eine wissenschaftliche Grundlage f\u00fcr eine effiziente Verteilung der begrenzten Gesundheits- und Finanzressourcen zu schaffen und gleichzeitig eine gleichbleibend hochwertige Versorgung der Patienten zu gew\u00e4hrleisten. Die gesundheits\u00f6konomischen Methoden, die zur Bewertung der Kostenwirksamkeit konventioneller medizinischer Behandlungen verwendet werden, k\u00f6nnen auch auf die Hom\u00f6opathie angewendet werden.<\/p>\n<p>Im Januar 2024 wurde eine <a href=\"#\" class=\"definition\" title=\"die die kombinierten Ergebnisse zahlreicher \u00e4hnlich-gestalteter Studien miteinander vergleicht, um verl\u00e4sslichere Erkenntnisse zu erlangen\">Systematic Review<\/a> die als h\u00f6chste Stufe der wissenschaftlichen Evidenz gilt &#8211; ver\u00f6ffentlicht, die einen \u00dcberblick \u00fcber die Kostenwirksamkeitsstudien zur Hom\u00f6opathie gibt<sup><a href=\"https:\/\/www.tandfonline.com\/doi\/full\/10.1080\/14737167.2023.2266136\">1<\/a><\/sup>. In allen 21 Studien, die in diese \u00dcbersichtsarbeit einbezogen wurden, zeigte die Hom\u00f6opathie eine \u00e4hnliche oder bessere klinische Wirksamkeit im Vergleich zu den Kontrollgruppen, mit einem klaren positiven Trend bei der Kostenwirksamkeit:<\/p>\n<p><img loading=\"lazy\" decoding=\"async\" class=\"alignnone size-full wp-image-31639\" src=\"https:\/\/www.hri-research.org\/wp-content\/uploads\/2024\/04\/cost-effectiveness-DE.png\" alt=\"\" width=\"1202\" height=\"320\" srcset=\"https:\/\/www.hri-research.org\/wp-content\/uploads\/2024\/04\/cost-effectiveness-DE.png 1202w, https:\/\/www.hri-research.org\/wp-content\/uploads\/2024\/04\/cost-effectiveness-DE-300x80.png 300w, https:\/\/www.hri-research.org\/wp-content\/uploads\/2024\/04\/cost-effectiveness-DE-1024x273.png 1024w, https:\/\/www.hri-research.org\/wp-content\/uploads\/2024\/04\/cost-effectiveness-DE-768x204.png 768w, https:\/\/www.hri-research.org\/wp-content\/uploads\/2024\/04\/cost-effectiveness-DE-98x26.png 98w, https:\/\/www.hri-research.org\/wp-content\/uploads\/2024\/04\/cost-effectiveness-DE-198x53.png 198w, https:\/\/www.hri-research.org\/wp-content\/uploads\/2024\/04\/cost-effectiveness-DE-158x42.png 158w, https:\/\/www.hri-research.org\/wp-content\/uploads\/2024\/04\/cost-effectiveness-DE-160x43.png 160w, https:\/\/www.hri-research.org\/wp-content\/uploads\/2024\/04\/cost-effectiveness-DE-520x138.png 520w\" sizes=\"auto, (max-width: 1202px) 100vw, 1202px\" \/><br \/>\n<sup>(*zwei dieser Studien erwiesen sich durch <a href=\"#\" class=\"definition\" title=\"Das \u201einkrementale Kosten-Effektivit\u00e4ts-Verh\u00e4ltnis\u201d ergibt sich aus der Differenz der Kosten, geteilt durch die Differenz der klinischen Ergebnisse, um einen Gesamtvergleich zwischen zwei Behandlungen anzustellen.\">inkrementale Kosten<\/a>-Effektivit\u00e4ts-Analysen als kosteneffektiv).<\/sup><p><a href=\"#\" class=\"expand-content\" id=\"69f57aa8617ee\"><span class=\"expand-content-more\">Mehr<\/span><span class=\"expand-content-less\">Weniger<\/span><\/a><\/p><div class=\"collapse-content\" id=\"panel-69f57aa8617ee\">\n<p>Dieser Systematic Review<sup><a href=\"https:\/\/www.tandfonline.com\/doi\/full\/10.1080\/14737167.2023.2266136\" target=\"_blank\" rel=\"noopener\">1<\/a><\/sup> von Prof. Thomas Ostermann (Universit\u00e4t Witten\/Herdecke, Deutschland) umfasste 15 Studien, die in einem fr\u00fcheren Systematic Review<sup><a href=\"https:\/\/pubmed.ncbi.nlm.nih.gov\/23397477\/\" target=\"_blank\" rel=\"noopener\">2<\/a><\/sup> aus dem Jahr 2014 untersucht wurden, sowie 6 zus\u00e4tzliche Studien.<\/p>\n<p>Zwei unabh\u00e4ngige Forscher bewerteten die <strong>Qualit\u00e4t der Studien anhand der CHEC-Liste<\/strong>, die speziell f\u00fcr die Verwendung bei wirtschaftlichen Bewertungen entwickelt wurde. Die CHEC-Bewertungen <strong>reichten von 2 bis 16<\/strong> (bei einer maximalen Punktzahl von 19): Studien, die vor 2009 ver\u00f6ffentlicht wurden, hatten eine niedrigere Durchschnittspunktzahl (6,7 \u00b1 3,4) als solche, die in oder nach 2009 ver\u00f6ffentlicht wurden (9,4 \u00b1 4,3).<\/p>\n<p>Es ist erw\u00e4hnenswert, dass die beiden <strong>zuletzt ver\u00f6ffentlichten Studien, die in den Review einbezogen wurden<\/strong><sup><a href=\"https:\/\/bmchealthservres.biomedcentral.com\/articles\/10.1186\/s12913-020-05706-4\" target=\"_blank\" rel=\"noopener\">3<\/a>,<a href=\"https:\/\/resource-allocation.biomedcentral.com\/articles\/10.1186\/s12962-021-00313-4\" target=\"_blank\" rel=\"noopener\">4<\/a><\/sup><strong>, zu den Studien mit der besten Qualit\u00e4tsbewertung geh\u00f6ren.<\/strong> Neben einem gut gew\u00e4hlten Studiendesign wurden in beiden Studien \u00f6konomische Evaluierungen auf dem neuesten Stand der Technik durchgef\u00fchrt. Die Autoren des aktualisierten Systematic Reviews betonen, wie wichtig es ist, dieses hohe Niveau bei k\u00fcnftigen wirtschaftlichen Bewertungen der Hom\u00f6opathie beizubehalten.<\/div><!-- de --><\/p>\n<p><strong>Die qualitativ hochwertigste einzelne Kosten-Effizienez-Studie<\/strong><sup><a href=\"https:\/\/resource-allocation.biomedcentral.com\/articles\/10.1186\/s12962-021-00313-4\" target=\"_blank\" rel=\"noopener\">4<\/a> <\/sup>(CHEC-Liste: 89 %) bewertete die Auswirkungen eines \u201erezeptfreien\u201d hom\u00f6opathischen Arzneimittels, SilAtro-5-90. Eine klinische Studie aus dem Jahr 2017 ergab, <strong>dass die Anwendung von <em>SilAtro<\/em>-5-90 zusammen mit konventionellen Arzneimitteln das Wiederauftreten akuter Mandelentz\u00fcndungen verringerte<\/strong><sup><a href=\"https:\/\/pubmed.ncbi.nlm.nih.gov\/28779928\/\" target=\"_blank\" rel=\"noopener\">5<\/a><\/sup><strong>;<\/strong> die anschlie\u00dfende wirtschaftliche Bewertung ergab, dass <strong><em>SilAtro<\/em>-5-90 im Vergleich zur alleinigen Behandlung mit konventionellen Arzneimitteln auch die Kosten reduzierte<\/strong> (insbesondere wenn eine Operation vermieden wurde).<sup><a href=\"https:\/\/resource-allocation.biomedcentral.com\/articles\/10.1186\/s12962-021-00313-4\" target=\"_blank\" rel=\"noopener\">4<\/a><\/sup><p><a href=\"#\" class=\"expand-content\" id=\"69f57aa861804\"><span class=\"expand-content-more\">Mehr<\/span><span class=\"expand-content-less\">Weniger<\/span><\/a><\/p><div class=\"collapse-content\" id=\"panel-69f57aa861804\">\n<p>In einer pragmatischen randomisierten klinischen Studie wurden 256 Kinder und Erwachsene (im Alter von 6 bis 60 Jahren), bei denen eine m\u00e4\u00dfig rezidivierende Tonsillitis diagnostiziert wurde, zwei Jahre lang beobachtet. Die zus\u00e4tzliche Behandlung mit <em>SilAtro<\/em>-5-90 erwies sich als klinisch wirksam und verringerte nicht nur die Zahl der akuten Halsinfektionen, sondern auch die Tonsillitis-spezifischen Symptome und den Bedarf an Antibiotika im Vergleich zur alleinigen konventionellen Behandlung.<sup><a href=\"https:\/\/pubmed.ncbi.nlm.nih.gov\/28779928\/\" target=\"_blank\" rel=\"noopener\">5<\/a><\/sup> Eine anschlie\u00dfende modellgest\u00fctzte wirtschaftliche Bewertung der <a href=\"#\" class=\"definition\" title=\"Das \u201einkrementale Kosten-Effektivit\u00e4ts-Verh\u00e4ltnis\u201d ergibt sich aus der Differenz der Kosten, geteilt durch die Differenz der klinischen Ergebnisse, um einen Gesamtvergleich zwischen zwei Behandlungen anzustellen.\">zus\u00e4tzlichen Kosten<\/a>* pro akuter Halsinfektion ergab Folgendes:<sup><a href=\"https:\/\/resource-allocation.biomedcentral.com\/articles\/10.1186\/s12962-021-00313-4\" target=\"_blank\" rel=\"noopener\">4<\/a><\/sup><\/p>\n<ul>\n<li><strong>bei Kindern unter 12 Jahren ist eine zus\u00e4tzliche Behandlung mit SilAtro-5-90 immer kosteneffektiv <\/strong>(unabh\u00e4ngig vom Schweregrad der rezidivierenden Mandelentz\u00fcndung), da sie die Zahl der akuten Halsinfektionen zu geringeren Kosten reduziert als die alleinige herk\u00f6mmliche Behandlung<\/li>\n<li><strong>bei Erwachsenen und Kindern ab 12 Jahren mit \u201eschwerer\u201d rezidivierender Tonsillitis <\/strong>(mehr als drei akute Halsinfektionen pro Jahr) <strong>konnte durch SilAtro-5-90 eine teure chirurgische Tonsillektomie vermieden werden.<\/div><!-- de --><\/strong><\/li>\n<\/ul>\n<p>Weitere qualitativ hochwertige Forschungsarbeiten zur Kostenwirksamkeit der Hom\u00f6opathie sind eindeutig gerechtfertigt: Auf der Grundlage dieser ermutigenden Ergebnisse wird sich eindeutiger feststellen lassen, ob die Hom\u00f6opathie in Zukunft eine Rolle bei der Bew\u00e4ltigung der Gesundheitskosten spielen kann und dabei ein mit den bestehenden Behandlungen vergleichbares Niveau der klinischen Wirksamkeit beibeh\u00e4lt.<\/p>\n<h3><span class=\"accent\"><strong>Weitere Informationen<\/strong><\/span><\/h3>\n<p>Analyse der Kosteneffizienz (Ostermann et al. 2024 &#8211; <a href=\"https:\/\/www.hri-research.org\/wp-content\/uploads\/2024\/03\/Synopsis-Ostermann-et-al-2024-FINAL.pdf\" target=\"_blank\" rel=\"noopener\" aria-current=\"page\">Zusammenfassungen)<\/a><\/p>\n<p>Studie zur Bewertung der Kosteneffizienz der hom\u00f6opathischen Behandlung von rezidivierenden Mandelentz\u00fcndungen (Ostermann et al. 2021 <a href=\"https:\/\/www.hri-research.org\/wp-content\/uploads\/2024\/05\/Synopsis-Ostermann-et-al-Silatro-Tonsillitis-DE.pdf\" target=\"_blank\" rel=\"noopener\">Zusammenfassung<\/a>)<\/p>\n<p>Einblicke in die Finanzierung der Hom\u00f6opathie im Vereinigten K\u00f6nigreich<\/p>\n<p><a href=\"#\" class=\"expand-content button accent-bg\" id=\"69f57aa86189e\"><span class=\"expand-content-more\">Referenzen<\/span><span class=\"expand-content-less\">Weniger<\/span><\/a><\/p><div class=\"collapse-content\" id=\"panel-69f57aa86189e\">\n<ol>\n<li>Ostermann T, Burkart J, De Jaegere S, et al. Overview and quality assessment of health economic evaluations for homeopathic therapy: an updated systematic review.\u00a0<em>Expert Rev Pharmacoecon Outcomes Res<\/em>, 2024;<strong>24<\/strong>:117-142 [<a href=\"https:\/\/pubmed.ncbi.nlm.nih.gov\/37795998\/\" target=\"_blank\" rel=\"noopener\">PubMed<\/a>] [<a href=\"https:\/\/www.tandfonline.com\/doi\/full\/10.1080\/14737167.2023.2266136\" target=\"_blank\" rel=\"noopener\">VollText<\/a>]<\/li>\n<li>Viksveen P, Dymitr Z, Simoens S. Economic evaluations of homeopathy: a review.\u00a0<em>Eur J Health Econ<\/em>, 2014;<strong>15<\/strong>:157-74 [<a href=\"https:\/\/pubmed.ncbi.nlm.nih.gov\/23397477\/\">PubMed<\/a>]<\/li>\n<li>Kass B, Icke K, Witt CM, Reinhold T. Effectiveness and cost-effectiveness of treatment with additional enrolment to a homeopathic integrated care contract in Germany.\u00a0<em>BMC Health Serv Res,<\/em>\u00a02020;<strong>20<\/strong>:872 [<a href=\"https:\/\/pubmed.ncbi.nlm.nih.gov\/32933511\/\" target=\"_blank\" rel=\"noopener\">PubMed<\/a>] [<a href=\"https:\/\/bmchealthservres.biomedcentral.com\/articles\/10.1186\/s12913-020-05706-4\" target=\"_blank\" rel=\"noopener\">VollText<\/a>]<\/li>\n<li>Ostermann T, Park A-L, De Jaegere S, Fetz K, Klement P, Raak C, McDaid D. Cost-effectiveness analysis for SilAtro-5-90 adjuvant treatment in the management of recurrent tonsilitis, compared with usual care only.\u00a0<em>Cost Eff Resour Alloc,\u00a0<\/em>2021;<strong>19<\/strong>:60 [<a href=\"https:\/\/resource-allocation.biomedcentral.com\/articles\/10.1186\/s12962-021-00313-4\">VollText<\/a>]<\/li>\n<li>Palm J, Kishchuk VV, Ulied A, Perotti Fern\u00e1ndez J, De Jaegere S et al. Effectiveness of an add-on treatment with the homeopathic medication SilAtro-5-90 in recurrent tonsillitis: An international, pragmatic, randomized, controlled clinical trial.\u00a0<em>Complement Ther Clin Pract<\/em>, 2017;\u00a0<strong>28<\/strong>:181-191 [<a href=\"https:\/\/pubmed.ncbi.nlm.nih.gov\/28779928\/\">PubMed<\/a>]<\/li>\n<\/ol>\n<\/div><!-- de -->\n<p>&nbsp;<\/p>\n","protected":false},"excerpt":{"rendered":"<p>Die gesundheits\u00f6konomische Forschung zielt darauf ab, eine wissenschaftliche Grundlage f\u00fcr eine effiziente Verteilung der begrenzten Gesundheits- und Finanzressourcen zu schaffen und gleichzeitig eine gleichbleibend hochwertige Versorgung der Patienten zu gew\u00e4hrleisten. Die gesundheits\u00f6konomischen Methoden, die zur Bewertung der Kostenwirksamkeit konventioneller medizinischer Behandlungen verwendet werden, k\u00f6nnen auch auf die Hom\u00f6opathie angewendet werden. Im Januar 2024 wurde eine [&hellip;]<\/p>\n","protected":false},"author":835,"featured_media":0,"parent":9720,"menu_order":0,"comment_status":"closed","ping_status":"closed","template":"","meta":{"footnotes":""},"class_list":["post-33210","page","type-page","status-publish","hentry"],"jetpack_sharing_enabled":true,"_links":{"self":[{"href":"https:\/\/www.hri-research.org\/de\/wp-json\/wp\/v2\/pages\/33210","targetHints":{"allow":["GET"]}}],"collection":[{"href":"https:\/\/www.hri-research.org\/de\/wp-json\/wp\/v2\/pages"}],"about":[{"href":"https:\/\/www.hri-research.org\/de\/wp-json\/wp\/v2\/types\/page"}],"author":[{"embeddable":true,"href":"https:\/\/www.hri-research.org\/de\/wp-json\/wp\/v2\/users\/835"}],"replies":[{"embeddable":true,"href":"https:\/\/www.hri-research.org\/de\/wp-json\/wp\/v2\/comments?post=33210"}],"version-history":[{"count":0,"href":"https:\/\/www.hri-research.org\/de\/wp-json\/wp\/v2\/pages\/33210\/revisions"}],"up":[{"embeddable":true,"href":"https:\/\/www.hri-research.org\/de\/wp-json\/wp\/v2\/pages\/9720"}],"wp:attachment":[{"href":"https:\/\/www.hri-research.org\/de\/wp-json\/wp\/v2\/media?parent=33210"}],"curies":[{"name":"wp","href":"https:\/\/api.w.org\/{rel}","templated":true}]}}