{"id":33204,"date":"2024-08-21T22:44:54","date_gmt":"2024-08-21T22:44:54","guid":{"rendered":"https:\/\/www.hri-research.org\/?page_id=33204"},"modified":"2024-08-22T08:20:53","modified_gmt":"2024-08-22T08:20:53","slug":"sicherheit-der-homoeopathischen-behandlung","status":"publish","type":"page","link":"https:\/\/www.hri-research.org\/de\/informationsquellen\/wichtiges-forschungsmaterial\/sicherheit-der-homoeopathischen-behandlung\/","title":{"rendered":"Sicherheit der hom\u00f6opathischen Behandlung"},"content":{"rendered":"<p><span style=\"font-weight: 400;\">Bislang wurden <\/span><b><a href=\"https:\/\/www.hri-research.org\/wp-content\/uploads\/2024\/04\/HRI_Summary-of-studies-assessing-safety-of-homeopathic-medicine-DE.pdf\" target=\"_blank\" rel=\"noopener\">12 Hauptstudien<\/a> zur Sicherheit hom\u00f6opathischer Arzneimittel durchgef\u00fchrt, von denen 11 die Hom\u00f6opathie als risikoarme Intervention einstuften<\/b><span style=\"font-weight: 400;\">: ein Leitartikel<sup><a href=\"https:\/\/www.ncbi.nlm.nih.gov\/pmc\/articles\/PMC1279671\/\" target=\"_blank\" rel=\"noopener\">2<\/a><\/sup><\/span><span style=\"font-weight: 400;\">, ein Audit<sup><a href=\"https:\/\/pubmed.ncbi.nlm.nih.gov\/15532700\/\" target=\"_blank\" rel=\"noopener\">3<\/a><\/sup><\/span><span style=\"font-weight: 400;\">, eine prospektive Studie<sup><a href=\"https:\/\/pubmed.ncbi.nlm.nih.gov\/16226201\/\" target=\"_blank\" rel=\"noopener\">4<\/a><\/sup><\/span><span style=\"font-weight: 400;\">, eine Querschnittsstudie<sup><a href=\"https:\/\/pubmed.ncbi.nlm.nih.gov\/18801188\/\" target=\"_blank\" rel=\"noopener\">5<\/a><\/sup><\/span><span style=\"font-weight: 400;\">, ein Organisationsbericht<sup><a href=\"https:\/\/www.omeopatia.org\/upload\/Image\/my_news\/safety%20homeo.pdf\" target=\"_blank\" rel=\"noopener\">6<\/a><\/sup><\/span><span style=\"font-weight: 400;\"> und eine Literatur\u00fcbersicht<sup><a href=\"https:\/\/pubmed.ncbi.nlm.nih.gov\/32610325\/\" target=\"_blank\" rel=\"noopener\">11<\/a> <\/sup><\/span><span style=\"font-weight: 400;\">kamen alle zu dem Schluss, dass Hom\u00f6opathie \u201esicher\u201d ist. <\/span><b>Dar\u00fcber hinaus kommen f\u00fcnf von sechs systematischen \u00dcbersichten (die eine strenge Analyse mehrerer Studien enthalten) zu dem Schluss, dass hom\u00f6opathische Behandlungen relativ sicher sind, und beschreiben die unerw\u00fcnschten Wirkungen als leicht bis mittelschwer und vor\u00fcbergehend<\/b><sup><a href=\"https:\/\/pubmed.ncbi.nlm.nih.gov\/10939781\/\" target=\"_blank\" rel=\"noopener\">1<\/a>,<a href=\"https:\/\/link.springer.com\/book\/10.1007\/978-3-642-20638-2\" target=\"_blank\" rel=\"noopener\">7<\/a>,<a href=\"https:\/\/pubmed.ncbi.nlm.nih.gov\/22692862\/\" target=\"_blank\" rel=\"noopener\">9<\/a>,<a href=\"https:\/\/pubmed.ncbi.nlm.nih.gov\/27261996\/\" target=\"_blank\" rel=\"noopener\">10<\/a>,<a href=\"https:\/\/www.sciencedirect.com\/science\/article\/abs\/pii\/S1550830720303797?via%3Dihub\" target=\"_blank\" rel=\"noopener\">12<\/a><\/sup><span style=\"font-weight: 400;\">. Die sechste systematische \u00dcbersichtsarbeit<sup><a href=\"https:\/\/pubmed.ncbi.nlm.nih.gov\/23163497\/\" target=\"_blank\" rel=\"noopener\">8<\/a><\/sup><\/span><span style=\"font-weight: 400;\">\u00a0ist die einzige ver\u00f6ffentlichte Arbeit, die zu einer negativen Schlussfolgerung kommt, und sich deutlich von den anderen \u00dcbersichtsarbeiten unterscheidet; dies wird allgemein als Folge einer fehlerhaften Methodik angesehen.<sup><a href=\"https:\/\/pubmed.ncbi.nlm.nih.gov\/23521335\/\" target=\"_blank\" rel=\"noopener\">13<\/a>,<a href=\"https:\/\/pubmed.ncbi.nlm.nih.gov\/23521332\/\" target=\"_blank\" rel=\"noopener\">14<\/a>,<a href=\"https:\/\/www.ncbi.nlm.nih.gov\/pmc\/articles\/PMC3644864\/\" target=\"_blank\" rel=\"noopener\">15<\/a>,<a href=\"https:\/\/onlinelibrary.wiley.com\/doi\/full\/10.1111\/ijcp.12109\" target=\"_blank\" rel=\"noopener\">16<\/a><\/sup><\/span><\/p>\n<p>Die j\u00fcngste systematische \u00dcberpr\u00fcfung und Meta-Analyse zur Bewertung der Sicherheit hom\u00f6opathischer Arzneimittel<sup><a href=\"https:\/\/www.sciencedirect.com\/science\/article\/abs\/pii\/S1550830720303797?via%3Dihub\" target=\"_blank\" rel=\"noopener\">12<\/a><\/sup> kam zu dem Schluss:<\/p>\n<blockquote><p>\u201c&#8230;der Anteil der Patienten, die unerw\u00fcnschte Wirkungen erlebten, war bei Patienten, die konventionelle Medizin und Kr\u00e4uter erhielten, signifikant h\u00f6her als bei Patienten, die hom\u00f6opathische Mittel erhielten.&#8220;<\/p><\/blockquote>\n<p><a href=\"#\" class=\"expand-content button accent-bg\" id=\"69decf54ce69d\"><span class=\"expand-content-more\">Referenzen<\/span><span class=\"expand-content-less\">Weniger<\/span><\/a><\/p><div class=\"collapse-content\" id=\"panel-69decf54ce69d\">\n<ol>\n<li>Dantas F, Rampes H. Do homeopathic medicines provoke adverse effects? A systematic review.\u00a0<em>Br Homeopath J,<\/em>\u00a02000;\u00a0<strong>89\u00a0<\/strong>(Suppl 1): S35-8<\/li>\n<li>Kirby BJ. Safety of homeopathic products. <em>J R Soc Med<\/em>, 2002; <strong>95<\/strong>:221-2<\/li>\n<li>Thompson E et al. A preliminary audit investigating remedy reactions including adverse events in routine homeopathic practice. <em>Homeopathy,<\/em> 2004; <strong>93<\/strong>:203-9<\/li>\n<li>Endrizzi C et al Harm in homeopathy: aggravations, adverse drug events or medication errors? <em>Homeopathy<\/em>, 2005; <strong>94<\/strong>:233-40<\/li>\n<li>Marian F et al. Patient satisfaction and side effects in primary care: an observational study comparing homeopathy and conventional medicine<em>. BMC Complement Altern Med<\/em>, 2008; <strong>18<\/strong>:52<\/li>\n<li>The Safety of Homeopathy. Report prepared by the European Council for Classical Homeopathy (ECCH). Jan 2009<\/li>\n<li>Homeopathy in Healthcare: Effectiveness, Appropriateness, Safety, Costs. Gudrun Bornh\u00f6fft &amp; Peter F. Mathiessen (Editors), 2011<\/li>\n<li>Posadzki P et al. Adverse effects of homeopathy: A systematic review of published case reports and case series.\u2019 <em>Int J Clin Pract<\/em>, 2012; <strong>66<\/strong> :1178\u20131188<\/li>\n<li>Jong MC et al. Adverse drug reactions to anthroposophic and homeopathic solutions for injection: a systematic evaluation of German pharmacovigilance databases. <em>Pharmacoepidemiology and Drug Safety<\/em>, 2012; <strong>21<\/strong>:1295-301<\/li>\n<li>Stub T et al. Adverse effects of homeopathy, what do we know? A systematic review and meta-analysis of randomized controlled trials. <em>Complement Ther Med<\/em>, 2016; <strong>26<\/strong>: 146-63<\/li>\n<li>Habs M and Koller M. Material risks of homeopathic medicinal products: a regulatory frameworks, results of preclinical toxicology, and clinical meta-analyses and their implications. <em>Complementary Medicine Research<\/em>, 2021; <strong>28<\/strong>:64-84<\/li>\n<li>Stub T et al. Adverse effects in homeopathy. A systematic review and meta-analysis of observational studies. <em>Explore (NY)<\/em>, 2022; <strong>18<\/strong> :114-128<\/li>\n<li>Tournier A, Roberts ER, Viksveen P. Adverse effects of homeopathy: a systematic review of published case reports and case series &#8211; comment by Tournier et al. <em>Int J Clin Pract<\/em>, 2013; <strong>67<\/strong>: 388-9<\/li>\n<li>Walach H, Lewith G, Jonas W. Can you kill your enemy by giving homeopathy? Lack of rigour and lack of logic in the systematic review by Edzard Ernst and colleagues on adverse effects of homeopathy. <em>Int J Clin Pract<\/em>, 2013; <strong>67<\/strong>: 385-6<\/li>\n<li>Posadzki P, Ernst E. Adverse effects of homeopathy: a systematic review of published case reports and case series &#8211; response by Posadzki and Ernst. <em>Int J Clin Pract,<\/em> 2013; <strong>67<\/strong>: 389<\/li>\n<li>Grimes DR. Can you kill your enemy by giving homeopathy? Response by D. R. Grimes. <em>Int J Clin Pract<\/em>, 2013; <strong>67<\/strong>: 387<\/div><!-- de --><\/li>\n<\/ol>\n","protected":false},"excerpt":{"rendered":"<p>Bislang wurden 12 Hauptstudien zur Sicherheit hom\u00f6opathischer Arzneimittel durchgef\u00fchrt, von denen 11 die Hom\u00f6opathie als risikoarme Intervention einstuften: ein Leitartikel2, ein Audit3, eine prospektive Studie4, eine Querschnittsstudie5, ein Organisationsbericht6 und eine Literatur\u00fcbersicht11 kamen alle zu dem Schluss, dass Hom\u00f6opathie \u201esicher\u201d ist. Dar\u00fcber hinaus kommen f\u00fcnf von sechs systematischen \u00dcbersichten (die eine strenge Analyse mehrerer Studien [&hellip;]<\/p>\n","protected":false},"author":835,"featured_media":0,"parent":9720,"menu_order":0,"comment_status":"closed","ping_status":"closed","template":"","meta":{"footnotes":""},"class_list":["post-33204","page","type-page","status-publish","hentry"],"jetpack_sharing_enabled":true,"_links":{"self":[{"href":"https:\/\/www.hri-research.org\/de\/wp-json\/wp\/v2\/pages\/33204","targetHints":{"allow":["GET"]}}],"collection":[{"href":"https:\/\/www.hri-research.org\/de\/wp-json\/wp\/v2\/pages"}],"about":[{"href":"https:\/\/www.hri-research.org\/de\/wp-json\/wp\/v2\/types\/page"}],"author":[{"embeddable":true,"href":"https:\/\/www.hri-research.org\/de\/wp-json\/wp\/v2\/users\/835"}],"replies":[{"embeddable":true,"href":"https:\/\/www.hri-research.org\/de\/wp-json\/wp\/v2\/comments?post=33204"}],"version-history":[{"count":0,"href":"https:\/\/www.hri-research.org\/de\/wp-json\/wp\/v2\/pages\/33204\/revisions"}],"up":[{"embeddable":true,"href":"https:\/\/www.hri-research.org\/de\/wp-json\/wp\/v2\/pages\/9720"}],"wp:attachment":[{"href":"https:\/\/www.hri-research.org\/de\/wp-json\/wp\/v2\/media?parent=33204"}],"curies":[{"name":"wp","href":"https:\/\/api.w.org\/{rel}","templated":true}]}}