{"id":27393,"date":"2023-05-22T10:15:58","date_gmt":"2023-05-22T10:15:58","guid":{"rendered":"https:\/\/www.hri-research.org\/?page_id=27393"},"modified":"2025-04-09T15:10:28","modified_gmt":"2025-04-09T15:10:28","slug":"datenbanken-zur-homoeopathieforschung","status":"publish","type":"page","link":"https:\/\/www.hri-research.org\/de\/informationsquellen\/forschungsdatenbanken\/datenbanken-zur-homoeopathieforschung\/","title":{"rendered":"Datenbanken zur Hom\u00f6opathieforschung"},"content":{"rendered":"<p><a href=\"https:\/\/www.hri-research.org\/de\/informationsquellen\/forschungsdatenbanken\/core-hom\/\" target=\"_blank\" rel=\"noopener\"><strong><u>CORE-Hom<\/u><\/strong><\/a><\/p>\n<p>Die Datenbank Clinical Outcome Research in Homeopathy (Klinische Ergebnisforschung in der Hom\u00f6opathie) enth\u00e4lt alle Arten klinischer Ergebnisstudien, von randomisierten kontrollierten Studien bis hin zu Beobachtungsstudien. CORE-Hom ist die weltweit umfassendste und wissenschaftlich strengste Datenbank ihrer Art und die einzige Hom\u00f6opathie-Datenbank, die Informationen \u00fcber die Qualit\u00e4t der darin enthaltenen Studien liefert.<\/p>\n<p><a href=\"https:\/\/www.ikim.unibe.ch\/db_clin_trials_homeo\" target=\"_blank\" rel=\"noopener\"><strong><u>HOMIS<\/u><\/strong><\/a><\/p>\n<p>Ziel des Projekts Hom\u00f6opathische Interventionsstudien (HOMIS) war es, den <em>Status quo<\/em> der klinischen Forschung in der Hom\u00f6opathie zu erfassen, indem alle bis M\u00e4rz 2021 ver\u00f6ffentlichten und kontrollierten klinischen Studien identifiziert wurden. Das Projekt wurde k\u00fcrzlich abgeschlossen und f\u00fchrte zu der Ver\u00f6ffentlichung einer bibliografischen Studie und der Gr\u00fcndung einer online Datenbank, die vom Institut f\u00fcr Komplement\u00e4r- und Integrative Medizin der Universit\u00e4t Bern, Schweiz, betrieben wird.<\/p>\n<p><a href=\"https:\/\/www.carstens-stiftung.de\/databases\/#\/\" target=\"_blank\" rel=\"noopener\"><strong>HomBRex<\/strong><\/a><\/p>\n<p>Die Datenbank \u201eHomeopathy Basic Research Experiments\u201c (kurz: HomBRex) enth\u00e4lt Studien \u00fcber biologische Systeme wie Tier, Mensch, Pflanze, Pilze und Mikroorganismen. Diese von der Carstens-Stiftung erstellte Datenbank wurde k\u00fcrzlich umfassend \u00fcberarbeitet und verbessert. Die Nutzung ist kostenlos.<\/p>\n<p><strong><a href=\"http:\/\/www.provings.info\/index.html\">Systematik und Hom\u00f6opathie<\/a><\/strong><\/p>\n<p>Eine von J\u00f6rg Wichmann zusammengestellte Datenbank \u00fcber Arzneimittelpr\u00fcfungen. Ein Teil der Informationen steht unentgeltlich zur Verf\u00fcgung, durch Kauf eines Abonnements kann auf die gesamte umfangreiche Sammlung zugegriffen werden.<\/p>\n<p><strong><a href=\"https:\/\/www.carstens-stiftung.de\/databases\/#\/\">HomVetCR<\/a><\/strong><\/p>\n<p>Als erste Datenbank f\u00fcr klinische Forschung in der veterin\u00e4rmedizinischen Hom\u00f6opathie umfasst HomVetCR randomisierte klinische Studien, nicht-randomisierte klinische Studien, Beobachtungsstudien, Arzneimittelpr\u00fcfungen, Fallberichte und Fallserien. Die Nutzung ist kostenlos.<\/p>\n","protected":false},"excerpt":{"rendered":"<p>CORE-Hom Die Datenbank Clinical Outcome Research in Homeopathy (Klinische Ergebnisforschung in der Hom\u00f6opathie) enth\u00e4lt alle Arten klinischer Ergebnisstudien, von randomisierten kontrollierten Studien bis hin zu Beobachtungsstudien. CORE-Hom ist die weltweit umfassendste und wissenschaftlich strengste Datenbank ihrer Art und die einzige Hom\u00f6opathie-Datenbank, die Informationen \u00fcber die Qualit\u00e4t der darin enthaltenen Studien liefert. HOMIS Ziel des Projekts [&hellip;]<\/p>\n","protected":false},"author":835,"featured_media":0,"parent":9731,"menu_order":0,"comment_status":"closed","ping_status":"closed","template":"","meta":{"footnotes":""},"class_list":["post-27393","page","type-page","status-publish","hentry"],"jetpack_sharing_enabled":true,"_links":{"self":[{"href":"https:\/\/www.hri-research.org\/de\/wp-json\/wp\/v2\/pages\/27393","targetHints":{"allow":["GET"]}}],"collection":[{"href":"https:\/\/www.hri-research.org\/de\/wp-json\/wp\/v2\/pages"}],"about":[{"href":"https:\/\/www.hri-research.org\/de\/wp-json\/wp\/v2\/types\/page"}],"author":[{"embeddable":true,"href":"https:\/\/www.hri-research.org\/de\/wp-json\/wp\/v2\/users\/835"}],"replies":[{"embeddable":true,"href":"https:\/\/www.hri-research.org\/de\/wp-json\/wp\/v2\/comments?post=27393"}],"version-history":[{"count":0,"href":"https:\/\/www.hri-research.org\/de\/wp-json\/wp\/v2\/pages\/27393\/revisions"}],"up":[{"embeddable":true,"href":"https:\/\/www.hri-research.org\/de\/wp-json\/wp\/v2\/pages\/9731"}],"wp:attachment":[{"href":"https:\/\/www.hri-research.org\/de\/wp-json\/wp\/v2\/media?parent=27393"}],"curies":[{"name":"wp","href":"https:\/\/api.w.org\/{rel}","templated":true}]}}