{"id":25524,"date":"2023-01-04T18:22:30","date_gmt":"2023-01-04T18:22:30","guid":{"rendered":"https:\/\/www.hri-research.org\/?page_id=25524"},"modified":"2023-01-04T18:22:30","modified_gmt":"2023-01-04T18:22:30","slug":"akute-mittelohrentzuendung-systematische-ueberpruefung","status":"publish","type":"page","link":"https:\/\/www.hri-research.org\/de\/laufende-projekte\/abgeschlossene-projekte\/akute-mittelohrentzuendung-systematische-ueberpruefung\/","title":{"rendered":"Akute Mittelohrentz\u00fcndung Systematische \u00dcberpr\u00fcfung"},"content":{"rendered":"<h3><span class=\"accent\">Worum geht es in diesem Projekt?<\/span><\/h3>\n<p>Ziel dieses Projekts ist es, die Wirksamkeit der Hom\u00f6opathie bei akuter Mittelohrentz\u00fcndung (AMO) im Hinblick auf die Linderung der Symptome und die Verringerung des Antibiotikaverbrauchs zu bewerten. Diese Studie wird Patienten, \u00c4rzten und Interessenvertretern klare, umfassende und objektive Informationen zu einer Erkrankung liefern, die routinem\u00e4\u00dfig mit Hom\u00f6opathie behandelt wird.<\/p>\n<p>Wir werden eine systematische \u00dcberpr\u00fcfung der von Experten begutachteten Literatur zur Hom\u00f6opathie durchf\u00fchren und dabei die individualisierte und nicht-individualisierte Hom\u00f6opathie bei AMO untersuchen. F\u00fcr die Identifizierung, Auswahl und Datenextraktion der Studien wird die Standardmethodik der systematischen \u00dcbersichtsarbeit verwendet. Die Qualit\u00e4t der Studien wird mit Hilfe einer geeigneten Qualit\u00e4tsbewertung unabh\u00e4ngig beurteilt.<\/p>\n<h3><span class=\"accent\">Leitende Forscher<\/span><\/h3>\n<p><img loading=\"lazy\" decoding=\"async\" class=\"size-full wp-image-19236 alignleft\" src=\"https:\/\/www.hri-research.org\/wp-content\/uploads\/2021\/06\/Esther_staffimg.png\" alt=\"\" width=\"98\" height=\"153\" \/><\/p>\n<p><strong>Dr Esther van der Werf<\/strong> MSc PhD\u00a0<span lang=\"EN-US\">Dip IACH (Hom)<\/span><br \/>\nLeiter der klinischen Forschung<br \/>\nHomeopathy Research Institute<\/p>\n<p>Esther hat einen MSc in Epidemiologie und einen MSc in Gesundheitspolitik und -management von der Erasmus-Universit\u00e4t Rotterdam, Niederlande. Im Jahr 2006 promovierte sie an der Erasmus-Universit\u00e4t Rotterdam \u00fcber Epidemiologie und die Harnwege. Esther ist ausgebildete klassische Hom\u00f6opathin und wurde an der Internationalen Akademie f\u00fcr Klassische Hom\u00f6opathie (Professor George Vithoulkas, Griechenland) in Hom\u00f6opathie ausgebildet.<\/p>\n<p>Sie verf\u00fcgt \u00fcber mehr als 20 Jahre Erfahrung in der klinischen Forschung und im Projektmanagement und arbeitete anschlie\u00dfend als Epidemiologin an der University of Medical Centre Utrecht und der University of Applied Sciences Leiden in den Niederlanden. 2015 wechselte Esther zum Centre of Academic Primary Care der University of Bristol, Gro\u00dfbritannien, um ihre Forschung im Bereich Integrative Medizin und Infektionskrankheiten fortzusetzen. Von August 2018 bis August 2019 initiierte und leitete sie die Forschungsgruppe f\u00fcr Integrative Medizin an der School of Medicine der Taylor&#8217;s University, Kuala Lumpur, Malaysia, gefolgt von zwei Jahren als Leiterin der Forschungsabteilung f\u00fcr Integrative Medizin am Louis Bolk Institute in den Niederlanden.<\/p>\n<h3><span class=\"accent\">Warum ist dieses Projekt so wichtig?<\/span><\/h3>\n<p>AMO ist eine der h\u00e4ufigsten Infektionen, die in der Bev\u00f6lkerung auftreten und in der medizinischen Grundversorgung behandelt werden, und sie ist international der h\u00e4ufigste Grund f\u00fcr die Verschreibung von Antibiotika bei Kindern. Obwohl komplement\u00e4re Therapien h\u00e4ufig in Verbindung mit konventioneller Behandlung eingesetzt werden, fehlt es derzeit an Forschung in diesem Bereich.<\/p>\n<p>Patienten, \u00c4rzte und andere Beteiligte k\u00f6nnen nur dann fundierte Entscheidungen \u00fcber den Einsatz von Arzneimitteln treffen, wenn sie \u00fcber hochwertige und solide Informationen verf\u00fcgen. Dieses Projekt soll Klarheit f\u00fcr eine weit verbreitete Erkrankung schaffen, bei der die Beweislage f\u00fcr die Wirksamkeit von Hom\u00f6opathie vielversprechend ist. Da die Antibiotikaresistenz ein wachsendes Problem im Gesundheitswesen darstellt, ist jede evidenzbasierte Behandlungsoption, die den Einsatz von Antibiotika reduziert, von gro\u00dfem Nutzen.<\/p>\n","protected":false},"excerpt":{"rendered":"<p>Worum geht es in diesem Projekt? Ziel dieses Projekts ist es, die Wirksamkeit der Hom\u00f6opathie bei akuter Mittelohrentz\u00fcndung (AMO) im Hinblick auf die Linderung der Symptome und die Verringerung des Antibiotikaverbrauchs zu bewerten. Diese Studie wird Patienten, \u00c4rzten und Interessenvertretern klare, umfassende und objektive Informationen zu einer Erkrankung liefern, die routinem\u00e4\u00dfig mit Hom\u00f6opathie behandelt wird. [&hellip;]<\/p>\n","protected":false},"author":835,"featured_media":0,"parent":11516,"menu_order":0,"comment_status":"closed","ping_status":"closed","template":"","meta":{"footnotes":""},"class_list":["post-25524","page","type-page","status-publish","hentry"],"jetpack_sharing_enabled":true,"_links":{"self":[{"href":"https:\/\/www.hri-research.org\/de\/wp-json\/wp\/v2\/pages\/25524","targetHints":{"allow":["GET"]}}],"collection":[{"href":"https:\/\/www.hri-research.org\/de\/wp-json\/wp\/v2\/pages"}],"about":[{"href":"https:\/\/www.hri-research.org\/de\/wp-json\/wp\/v2\/types\/page"}],"author":[{"embeddable":true,"href":"https:\/\/www.hri-research.org\/de\/wp-json\/wp\/v2\/users\/835"}],"replies":[{"embeddable":true,"href":"https:\/\/www.hri-research.org\/de\/wp-json\/wp\/v2\/comments?post=25524"}],"version-history":[{"count":0,"href":"https:\/\/www.hri-research.org\/de\/wp-json\/wp\/v2\/pages\/25524\/revisions"}],"up":[{"embeddable":true,"href":"https:\/\/www.hri-research.org\/de\/wp-json\/wp\/v2\/pages\/11516"}],"wp:attachment":[{"href":"https:\/\/www.hri-research.org\/de\/wp-json\/wp\/v2\/media?parent=25524"}],"curies":[{"name":"wp","href":"https:\/\/api.w.org\/{rel}","templated":true}]}}