{"id":20407,"date":"2021-12-09T10:50:33","date_gmt":"2021-12-09T10:50:33","guid":{"rendered":"https:\/\/www.hri-research.org\/?page_id=20407"},"modified":"2021-12-09T10:50:33","modified_gmt":"2021-12-09T10:50:33","slug":"bewertungsinstrumente","status":"publish","type":"page","link":"https:\/\/www.hri-research.org\/de\/informationsquellen\/weitere-informationsquellen\/bewertungsinstrumente\/","title":{"rendered":"Bewertungsinstrumente"},"content":{"rendered":"<p>Assessment-Tools bieten eine standardisierte M\u00f6glichkeit, die Qualit\u00e4t von Forschungsstudien zu bewerten. Die Verwendung geeigneten Tools f\u00fcr die Art des Studiums ist notwendig. Die folgenden Beispiele wurden speziell f\u00fcr Hom\u00f6opathie-Studien erstellt.<\/p>\n<p><span class=\"accent no-underline\"><a href=\"https:\/\/www.hri-research.org\/wp-content\/uploads\/2014\/09\/HRI_ResearchArticle_18_Harrison_HELAT.pdf\">The development and use of Hering\u2019s Law Assessment Tool (HELAT) in clinical trials<\/a><\/span><br \/>\nHarrison, H<\/p>\n<hr class=\"accent-border\" \/>\n<p><span class=\"accent no-underline\"><a href=\"https:\/\/www.ncbi.nlm.nih.gov\/pmc\/articles\/PMC3394086\/\">Method for appraising model validity of randomised controlled trials of homeopathic treatment: multi-rater concordance study<\/a><\/span><br \/>\nMathie RT, Roniger H, Van Wassenhoven M, <em>et al<\/em>.<br \/>\nBMC Med Res Methodol 2012; 12: 49<br \/>\nPublished 2012 Apr 17. doi:10.1186\/1471-2288-12-49<\/p>\n<hr class=\"accent-border\" \/>\n<p>&nbsp;<\/p>\n","protected":false},"excerpt":{"rendered":"<p>Assessment-Tools bieten eine standardisierte M\u00f6glichkeit, die Qualit\u00e4t von Forschungsstudien zu bewerten. Die Verwendung geeigneten Tools f\u00fcr die Art des Studiums ist notwendig. Die folgenden Beispiele wurden speziell f\u00fcr Hom\u00f6opathie-Studien erstellt. The development and use of Hering\u2019s Law Assessment Tool (HELAT) in clinical trials Harrison, H Method for appraising model validity of randomised controlled trials of [&hellip;]<\/p>\n","protected":false},"author":835,"featured_media":0,"parent":9743,"menu_order":0,"comment_status":"closed","ping_status":"closed","template":"","meta":{"footnotes":""},"class_list":["post-20407","page","type-page","status-publish","hentry"],"jetpack_sharing_enabled":true,"_links":{"self":[{"href":"https:\/\/www.hri-research.org\/de\/wp-json\/wp\/v2\/pages\/20407","targetHints":{"allow":["GET"]}}],"collection":[{"href":"https:\/\/www.hri-research.org\/de\/wp-json\/wp\/v2\/pages"}],"about":[{"href":"https:\/\/www.hri-research.org\/de\/wp-json\/wp\/v2\/types\/page"}],"author":[{"embeddable":true,"href":"https:\/\/www.hri-research.org\/de\/wp-json\/wp\/v2\/users\/835"}],"replies":[{"embeddable":true,"href":"https:\/\/www.hri-research.org\/de\/wp-json\/wp\/v2\/comments?post=20407"}],"version-history":[{"count":0,"href":"https:\/\/www.hri-research.org\/de\/wp-json\/wp\/v2\/pages\/20407\/revisions"}],"up":[{"embeddable":true,"href":"https:\/\/www.hri-research.org\/de\/wp-json\/wp\/v2\/pages\/9743"}],"wp:attachment":[{"href":"https:\/\/www.hri-research.org\/de\/wp-json\/wp\/v2\/media?parent=20407"}],"curies":[{"name":"wp","href":"https:\/\/api.w.org\/{rel}","templated":true}]}}