{"id":20399,"date":"2021-12-09T10:41:46","date_gmt":"2021-12-09T10:41:46","guid":{"rendered":"https:\/\/www.hri-research.org\/?page_id=20399"},"modified":"2025-11-11T16:23:12","modified_gmt":"2025-11-11T16:23:12","slug":"richtlinien-fuer-publicationen-zusammenstellung","status":"publish","type":"page","link":"https:\/\/www.hri-research.org\/de\/informationsquellen\/richtlinien-fuer-publicationen-zusammenstellung\/","title":{"rendered":"Richtlinien f\u00fcr Publicationen Zusammenstellung"},"content":{"rendered":"<p>Berichtsrichtlinien sind einfache, strukturierte Werkzeuge, die das Schreiben von Manuskripten erleichtern. Sie stellen sicher, dass Studien leicht verst\u00e4ndlich, in systematische \u00dcbersichten aufgenommen und von anderen Forschern repliziert werden k\u00f6nnen. Einige Leitlinien empfehlen auch M\u00f6glichkeiten zur Verbesserung zuk\u00fcnftiger Studien.<\/p>\n<p>Die folgenden Leitlinien stehen Forschern auf dem Gebiet der Hom\u00f6opathie zur Verf\u00fcgung:<\/p>\n<p><span class=\"accent no-underline\"><a href=\"https:\/\/www.sciencedirect.com\/science\/article\/pii\/S2095496424003418?via%3Dihub\" target=\"_blank\" rel=\"noopener\">Scientific guidelines for preclinical research on potentised preparations manufactured according to current pharmacopoeias\u2014the PrePoP guidelines<\/a><\/span><br \/>\nTournier AL, Bonamin LV, Buchheim-Schmidt S <em>et al.<br \/>\nJ Integr Med, <\/em>2024; S2095-4964<strong>(24)<\/strong>00341-8<\/p>\n<hr class=\"accent-border\" \/>\n<p><span class=\"accent no-underline\"><a href=\"https:\/\/www.thieme-connect.de\/products\/ejournals\/abstract\/10.1055\/s-0043-1760845\" target=\"_blank\" rel=\"noopener noreferrer\">Systematic reviews and meta-analyses in Homeopathy: Recommendations for summarising evidence from homeopathic intervention studies (Sum-HomIS recommendations)<\/a><\/span><br \/>\nGaertner K, Ulbrich-Z\u00fcrni S, Baumgartner S <em>et al.<br \/>\nComplement Ther Med, <\/em>2023; <strong>79<\/strong>:102999<\/p>\n<hr class=\"accent-border\" \/>\n<p><span class=\"accent no-underline\"><a href=\"https:\/\/pubmed.ncbi.nlm.nih.gov\/37393961\/\" target=\"_blank\" rel=\"noopener noreferrer\">Recommendations in the design and conduction of randomised controlled trials in human and veterinary homeopathic medicine<\/a><\/span><br \/>\nGaertner K, von Ammon K, Fibert P<em>\u00a0et al.<br \/>\nComplement Ther Med, <\/em>2023; <strong>76:<\/strong>102961<\/p>\n<hr class=\"accent-border\" \/>\n<p><span class=\"accent no-underline\"><a href=\"https:\/\/www.thieme-connect.de\/products\/ejournals\/abstract\/10.1055\/s-0043-1760845\" target=\"_blank\" rel=\"noopener noreferrer\">Recommendations for Designing, Conducting and Reporting Clinical Observational Studies in Homeopathic Veterinary Medicine<\/a><\/span><br \/>\nWeiermayer, P, Frass, M, Fibert, P<em>\u00a0et al.<br \/>\nHomeopathy. <\/em>2023; <strong>112(04)<\/strong>: 226-239<\/p>\n<hr class=\"accent-border\" \/>\n<p><span class=\"accent no-underline\"><a href=\"https:\/\/www.thieme-connect.com\/products\/ejournals\/html\/10.1055\/s-0041-1731313\" target=\"_blank\" rel=\"noopener noreferrer\">Case Reporting in Homeopathy\u2014An Overview of Guidelines and Scientific Tool<\/a><\/span><br \/>\nTeut M, van Haselen RA, Rutten L\u00a0<em>et al.<br \/>\nHomeopathy. <\/em>2022; <strong>111(01)<\/strong>: 2-9.<\/p>\n<hr class=\"accent-border\" \/>\n<p><span class=\"accent no-underline\"><a href=\"https:\/\/pubmed.ncbi.nlm.nih.gov\/32408374\/\" target=\"_blank\" rel=\"noopener noreferrer\">Recommendations for Designing, Conducting and Reporting Observational Studies in Homeopathy<\/a><\/span><br \/>\nTeut M, Walach H, Varanasi R<em> et al.<br \/>\nHomeopathy. <\/em>2020 Aug; <strong>109(3)<\/strong>:114-125.<\/p>\n<hr class=\"accent-border\" \/>\n<p><span class=\"accent no-underline\"><a href=\"https:\/\/pubmed.ncbi.nlm.nih.gov\/17309373\/\" target=\"_blank\" rel=\"noopener noreferrer\">Reporting data on homeopathic treatments (RedHot)<em>et al.<\/em><\/a><\/span><br \/>\nDean ME, Coulter MK, Fisher P\u00a0<em>et al.<br \/>\nJ Altern Complement Med. <\/em>2007 Jan-Feb; <strong>13(1)<\/strong>:19-23.<\/p>\n<hr class=\"accent-border\" \/>\n<p><span class=\"accent no-underline\"><a href=\"https:\/\/pubmed.ncbi.nlm.nih.gov\/19945681\/\" target=\"_blank\" rel=\"noopener noreferrer\">Reporting experiments in homeopathic basic research (REHBaR) -a detailed guideline for authors<\/a><\/span><br \/>\nStock-Schr\u00f6er B, Albrecht H, Betti L\u00a0<em>et al.<br \/>\nHomeopathy. <\/em>2009 Oct; <strong>98(4)<\/strong>:287-298.<\/p>\n<hr class=\"accent-border\" \/>\n","protected":false},"excerpt":{"rendered":"<p>Berichtsrichtlinien sind einfache, strukturierte Werkzeuge, die das Schreiben von Manuskripten erleichtern. Sie stellen sicher, dass Studien leicht verst\u00e4ndlich, in systematische \u00dcbersichten aufgenommen und von anderen Forschern repliziert werden k\u00f6nnen. Einige Leitlinien empfehlen auch M\u00f6glichkeiten zur Verbesserung zuk\u00fcnftiger Studien. Die folgenden Leitlinien stehen Forschern auf dem Gebiet der Hom\u00f6opathie zur Verf\u00fcgung: Scientific guidelines for preclinical research [&hellip;]<\/p>\n","protected":false},"author":835,"featured_media":0,"parent":9714,"menu_order":0,"comment_status":"closed","ping_status":"closed","template":"","meta":{"footnotes":""},"class_list":["post-20399","page","type-page","status-publish","hentry"],"jetpack_sharing_enabled":true,"_links":{"self":[{"href":"https:\/\/www.hri-research.org\/de\/wp-json\/wp\/v2\/pages\/20399","targetHints":{"allow":["GET"]}}],"collection":[{"href":"https:\/\/www.hri-research.org\/de\/wp-json\/wp\/v2\/pages"}],"about":[{"href":"https:\/\/www.hri-research.org\/de\/wp-json\/wp\/v2\/types\/page"}],"author":[{"embeddable":true,"href":"https:\/\/www.hri-research.org\/de\/wp-json\/wp\/v2\/users\/835"}],"replies":[{"embeddable":true,"href":"https:\/\/www.hri-research.org\/de\/wp-json\/wp\/v2\/comments?post=20399"}],"version-history":[{"count":0,"href":"https:\/\/www.hri-research.org\/de\/wp-json\/wp\/v2\/pages\/20399\/revisions"}],"up":[{"embeddable":true,"href":"https:\/\/www.hri-research.org\/de\/wp-json\/wp\/v2\/pages\/9714"}],"wp:attachment":[{"href":"https:\/\/www.hri-research.org\/de\/wp-json\/wp\/v2\/media?parent=20399"}],"curies":[{"name":"wp","href":"https:\/\/api.w.org\/{rel}","templated":true}]}}