{"id":17070,"date":"2020-11-26T14:46:23","date_gmt":"2020-11-26T14:46:23","guid":{"rendered":"https:\/\/www.hri-research.org\/?page_id=17070"},"modified":"2021-10-21T08:57:53","modified_gmt":"2021-10-21T08:57:53","slug":"grusskarten-als-spendenaktion","status":"publish","type":"page","link":"https:\/\/www.hri-research.org\/de\/was-ihre-finanzielle-unterstuetzung-bewirken-kann\/grusskarten-als-spendenaktion\/","title":{"rendered":"Gru\u00dfkarten als Spendenaktion"},"content":{"rendered":"<h3><span class=\"accent\">Sie m\u00f6chten eine Karte verschicken?<br \/>\nVergessen Sie das mit dem Drucken, steigen Sie auf digital um und sammeln Geld f\u00fcr das HRI<br \/>\n<\/span><\/h3>\n<p>Wir freuen uns, unser Fundraising \u00fcber die ausgezeichnete Plattform <a href=\"https:\/\/www.dontsendmeacard.com\/charities\/F5dm\" target=\"_blank\" rel=\"noopener noreferrer\"><em>Don&#8217;t Send Me A Card<\/em><\/a> organsieren zu d\u00fcrfen. Im Gegensatz zu gedruckten Wohlt\u00e4tigkeitskarten kommen <strong>100 % der gesammelten Gelder direkt beim HRI an<\/strong>, und Sie leisten sogar einen Beitrag zur Reduzierung der Umweltverschmutzung.<\/p>\n<p>Wir hoffen, dass Sie sich dieser neuen Initiative anschlie\u00dfen und alle Ihre Karten digital per E-Mail versenden, und gleichzeitig \u00fcber die daf\u00fcr gedachte <a href=\"https:\/\/www.dontsendmeacard.com\/charities\/F5dm\" target=\"_blank\" rel=\"noopener noreferrer\">Webseite des HRI<\/a>, wichtige Mittel f\u00fcr die Hom\u00f6opathie-Forschung aufbringen.<\/p>\n<p><a href=\"https:\/\/www.dontsendmeacard.com\/charities\/F5dm\" target=\"_blank\" rel=\"noopener\"><img loading=\"lazy\" decoding=\"async\" class=\"alignnone size-page_width_image wp-image-20064\" src=\"https:\/\/www.hri-research.org\/wp-content\/uploads\/2021\/10\/HRI-Christmas-2022-520x111.jpg\" alt=\"\" width=\"520\" height=\"111\" srcset=\"https:\/\/www.hri-research.org\/wp-content\/uploads\/2021\/10\/HRI-Christmas-2022-520x111.jpg 520w, https:\/\/www.hri-research.org\/wp-content\/uploads\/2021\/10\/HRI-Christmas-2022-300x64.jpg 300w, https:\/\/www.hri-research.org\/wp-content\/uploads\/2021\/10\/HRI-Christmas-2022-98x21.jpg 98w, https:\/\/www.hri-research.org\/wp-content\/uploads\/2021\/10\/HRI-Christmas-2022-198x42.jpg 198w, https:\/\/www.hri-research.org\/wp-content\/uploads\/2021\/10\/HRI-Christmas-2022-158x34.jpg 158w, https:\/\/www.hri-research.org\/wp-content\/uploads\/2021\/10\/HRI-Christmas-2022-160x34.jpg 160w, https:\/\/www.hri-research.org\/wp-content\/uploads\/2021\/10\/HRI-Christmas-2022.jpg 560w\" sizes=\"auto, (max-width: 520px) 100vw, 520px\" \/><\/a><\/p>\n<p><a href=\"https:\/\/www.dontsendmeacard.com\/charities\/F5dm\" target=\"_blank\" rel=\"noopener noreferrer\">VERSENDEN Sie Ihre E-KARTEN hier!<\/a><\/p>\n<p>Wenn Sie in Gro\u00dfbritannien steuerpflichtig sind, denken Sie daran, die Option \u201cGift Aid\u201d anzukreuzen, wenn Sie dazu angesto\u00dfen werden, den gr\u00f6\u00dftm\u00f6glichen Gewinn daraus zu ziehen.<\/p>\n<p>Schauen Sie bald wieder auf unserer Seite vorbei oder tragen Sie sich in unsere <a href=\"https:\/\/us5.list-manage.com\/subscribe?u=bffbb0f5c7e4b6f9db2a53abe&amp;id=fc00bd6337\" target=\"_blank\" rel=\"noopener noreferrer\">Verteilerliste<\/a> ein.<\/p>\n","protected":false},"excerpt":{"rendered":"<p>Sie m\u00f6chten eine Karte verschicken? Vergessen Sie das mit dem Drucken, steigen Sie auf digital um und sammeln Geld f\u00fcr das HRI Wir freuen uns, unser Fundraising \u00fcber die ausgezeichnete Plattform Don&#8217;t Send Me A Card organsieren zu d\u00fcrfen. Im Gegensatz zu gedruckten Wohlt\u00e4tigkeitskarten kommen 100 % der gesammelten Gelder direkt beim HRI an, und [&hellip;]<\/p>\n","protected":false},"author":835,"featured_media":0,"parent":11641,"menu_order":0,"comment_status":"closed","ping_status":"closed","template":"","meta":{"footnotes":""},"class_list":["post-17070","page","type-page","status-publish","hentry"],"jetpack_sharing_enabled":true,"_links":{"self":[{"href":"https:\/\/www.hri-research.org\/de\/wp-json\/wp\/v2\/pages\/17070","targetHints":{"allow":["GET"]}}],"collection":[{"href":"https:\/\/www.hri-research.org\/de\/wp-json\/wp\/v2\/pages"}],"about":[{"href":"https:\/\/www.hri-research.org\/de\/wp-json\/wp\/v2\/types\/page"}],"author":[{"embeddable":true,"href":"https:\/\/www.hri-research.org\/de\/wp-json\/wp\/v2\/users\/835"}],"replies":[{"embeddable":true,"href":"https:\/\/www.hri-research.org\/de\/wp-json\/wp\/v2\/comments?post=17070"}],"version-history":[{"count":0,"href":"https:\/\/www.hri-research.org\/de\/wp-json\/wp\/v2\/pages\/17070\/revisions"}],"up":[{"embeddable":true,"href":"https:\/\/www.hri-research.org\/de\/wp-json\/wp\/v2\/pages\/11641"}],"wp:attachment":[{"href":"https:\/\/www.hri-research.org\/de\/wp-json\/wp\/v2\/media?parent=17070"}],"curies":[{"name":"wp","href":"https:\/\/api.w.org\/{rel}","templated":true}]}}