{"id":16572,"date":"2020-10-27T17:07:51","date_gmt":"2020-10-27T17:07:51","guid":{"rendered":"https:\/\/www.hri-research.org\/?page_id=16572"},"modified":"2021-04-23T09:36:23","modified_gmt":"2021-04-23T09:36:23","slug":"wohltaetigkeitsveranstaltungen","status":"publish","type":"page","link":"https:\/\/www.hri-research.org\/de\/was-ihre-finanzielle-unterstuetzung-bewirken-kann\/machen-sie-mit\/wohltaetigkeitsveranstaltungen\/","title":{"rendered":"Wohlt\u00e4tigkeitsveranstaltungen"},"content":{"rendered":"<h3 class=\"accent\"><strong>Fitness-fundraising<\/strong><\/h3>\n<table>\n<tbody>\n<tr>\n<td>\n<p style=\"text-align: center;\"><img loading=\"lazy\" decoding=\"async\" class=\"wp-image-18463 size-right_sidebar_thumb alignleft\" src=\"https:\/\/www.hri-research.org\/wp-content\/uploads\/2021\/01\/Runner-160x106.jpg\" alt=\"\" width=\"160\" height=\"106\" srcset=\"https:\/\/www.hri-research.org\/wp-content\/uploads\/2021\/01\/Runner-160x106.jpg 160w, https:\/\/www.hri-research.org\/wp-content\/uploads\/2021\/01\/Runner-300x199.jpg 300w, https:\/\/www.hri-research.org\/wp-content\/uploads\/2021\/01\/Runner-98x65.jpg 98w, https:\/\/www.hri-research.org\/wp-content\/uploads\/2021\/01\/Runner-198x131.jpg 198w, https:\/\/www.hri-research.org\/wp-content\/uploads\/2021\/01\/Runner-158x105.jpg 158w, https:\/\/www.hri-research.org\/wp-content\/uploads\/2021\/01\/Runner.jpg 480w\" sizes=\"auto, (max-width: 160px) 100vw, 160px\" \/><\/p>\n<p>&nbsp;<\/p>\n<p>&nbsp;<\/p>\n<p>&nbsp;<\/td>\n<td><strong>Couch to 5k<\/strong> wurde im Jahr 2020 f\u00fcr viele zu einer beliebten Methode um sich fit zu halten, da der Zugang zu Sport und Fitnessstudios begrenzt ist. C25K ist ein Laufplan, der Ihre Fitness \u00fcber 9 Wochen aufbaut, bis zu dem Punkt, an dem Sie volle 5 km laufen k\u00f6nnen.<\/p>\n<p>Laden Sie die <a href=\"https:\/\/www.nhs.uk\/live-well\/exercise\/couch-to-5k-week-by-week\/\" target=\"_blank\" rel=\"noopener\">C25K-App<\/a> herunter und legen Sie los \u2013 nur 30 Minuten, drei Mal die Woche. Erstellen Sie eine Fundraising-Kampagne auf einer Plattform wie <a href=\"https:\/\/www.justgiving.com\/h-r-i\" target=\"_blank\" rel=\"noopener\">JustGiving<\/a>, teilen Sie sie mit Freunden und Familie und legen Sie los. Probieren Sie es aus, verbessern Sie Ihre k\u00f6rperliche und geistige Gesundheit und sammeln Sie gleichzeitig wichtige Spenden f\u00fcr die Hom\u00f6opathieforschung.<\/td>\n<\/tr>\n<tr>\n<td style=\"text-align: center;\"><img loading=\"lazy\" decoding=\"async\" class=\"wp-image-18487 size-right_sidebar_thumb alignleft\" src=\"https:\/\/www.hri-research.org\/wp-content\/uploads\/2021\/01\/cycling-160x106.jpg\" alt=\"\" width=\"160\" height=\"106\" srcset=\"https:\/\/www.hri-research.org\/wp-content\/uploads\/2021\/01\/cycling-160x106.jpg 160w, https:\/\/www.hri-research.org\/wp-content\/uploads\/2021\/01\/cycling-300x199.jpg 300w, https:\/\/www.hri-research.org\/wp-content\/uploads\/2021\/01\/cycling-98x65.jpg 98w, https:\/\/www.hri-research.org\/wp-content\/uploads\/2021\/01\/cycling-198x132.jpg 198w, https:\/\/www.hri-research.org\/wp-content\/uploads\/2021\/01\/cycling-158x105.jpg 158w, https:\/\/www.hri-research.org\/wp-content\/uploads\/2021\/01\/cycling.jpg 480w\" sizes=\"auto, (max-width: 160px) 100vw, 160px\" \/><\/td>\n<td>Steigen Sie auf Ihr Fahrrad! Radfahren ist eine lustige und sichere Art sich zu bewegen und warum nicht gleichzeitig Geld aufbringen? Egal ob Sie pro Fahrt oder pro Kilometer gesponsert werden, alles was Sie sammeln k\u00f6nnen ist ein wertvoller Beitrag f\u00fcr die Arbeit vom HRI.<\/td>\n<\/tr>\n<\/tbody>\n<\/table>\n<h3><\/h3>\n<h3 class=\"accent\">Spendensammlung mit Ihren Kompetenzen<\/h3>\n<table>\n<tbody>\n<tr>\n<td><img loading=\"lazy\" decoding=\"async\" class=\"wp-image-18475 size-right_sidebar_thumb alignleft\" src=\"https:\/\/www.hri-research.org\/wp-content\/uploads\/2021\/01\/Bake-Sale-160x107.jpg\" alt=\"\" width=\"160\" height=\"107\" srcset=\"https:\/\/www.hri-research.org\/wp-content\/uploads\/2021\/01\/Bake-Sale-160x107.jpg 160w, https:\/\/www.hri-research.org\/wp-content\/uploads\/2021\/01\/Bake-Sale-300x201.jpg 300w, https:\/\/www.hri-research.org\/wp-content\/uploads\/2021\/01\/Bake-Sale-98x66.jpg 98w, https:\/\/www.hri-research.org\/wp-content\/uploads\/2021\/01\/Bake-Sale-198x132.jpg 198w, https:\/\/www.hri-research.org\/wp-content\/uploads\/2021\/01\/Bake-Sale-158x106.jpg 158w, https:\/\/www.hri-research.org\/wp-content\/uploads\/2021\/01\/Bake-Sale.jpg 480w\" sizes=\"auto, (max-width: 160px) 100vw, 160px\" \/><\/p>\n<p>&nbsp;<\/p>\n<p>&nbsp;<\/td>\n<td>Egal, ob Sie eine Leidenschaft f\u00fcr das Backen haben oder einfach nur gerne Kuchen essen, machen Sie das Beste aus Ihren F\u00e4higkeiten und backen Sie f\u00fcr das HRI.<\/p>\n<p>Auch wenn ein herk\u00f6mmlicher Kuchenverkauf momentan nicht in Frage kommt, gibt es andere Wege, um Kuchen zu backen und diese zu verkaufen. Beispielsweise im Direktversand, \u00fcber virtuelle Bake-Offs oder \u00fcber Gewinnspiele und Wettbewerbe.<\/td>\n<\/tr>\n<tr>\n<td><img loading=\"lazy\" decoding=\"async\" class=\"wp-image-18503 size-right_sidebar_thumb alignleft\" src=\"https:\/\/www.hri-research.org\/wp-content\/uploads\/2021\/01\/online-quiz-160x107.jpg\" alt=\"\" width=\"160\" height=\"107\" srcset=\"https:\/\/www.hri-research.org\/wp-content\/uploads\/2021\/01\/online-quiz-160x107.jpg 160w, https:\/\/www.hri-research.org\/wp-content\/uploads\/2021\/01\/online-quiz-300x200.jpg 300w, https:\/\/www.hri-research.org\/wp-content\/uploads\/2021\/01\/online-quiz-98x65.jpg 98w, https:\/\/www.hri-research.org\/wp-content\/uploads\/2021\/01\/online-quiz-198x132.jpg 198w, https:\/\/www.hri-research.org\/wp-content\/uploads\/2021\/01\/online-quiz-158x105.jpg 158w, https:\/\/www.hri-research.org\/wp-content\/uploads\/2021\/01\/online-quiz.jpg 480w\" sizes=\"auto, (max-width: 160px) 100vw, 160px\" \/><\/td>\n<td>Online-Quizze k\u00f6nnen eine lustige Art sein, sich mit Freunden virtuell zu treffen und sein Wissen zu testen, entweder einzeln oder als Teil einer Gruppe. Organisieren Sie Ihr eigenes Online-Quiz in Ihrem Netzwerk und spenden Sie die Teilnahmegeb\u00fchren dem HRI.<\/td>\n<\/tr>\n<\/tbody>\n<\/table>\n<h3><\/h3>\n<h3 class=\"accent\">Der Verkauf als Spendensammlung<\/h3>\n<table>\n<tbody>\n<tr>\n<td><img loading=\"lazy\" decoding=\"async\" class=\"wp-image-18515 size-right_sidebar_thumb alignleft\" src=\"https:\/\/www.hri-research.org\/wp-content\/uploads\/2021\/01\/selling-160x120.jpg\" alt=\"\" width=\"160\" height=\"120\" srcset=\"https:\/\/www.hri-research.org\/wp-content\/uploads\/2021\/01\/selling-160x120.jpg 160w, https:\/\/www.hri-research.org\/wp-content\/uploads\/2021\/01\/selling-300x225.jpg 300w, https:\/\/www.hri-research.org\/wp-content\/uploads\/2021\/01\/selling-98x74.jpg 98w, https:\/\/www.hri-research.org\/wp-content\/uploads\/2021\/01\/selling-198x149.jpg 198w, https:\/\/www.hri-research.org\/wp-content\/uploads\/2021\/01\/selling-158x119.jpg 158w, https:\/\/www.hri-research.org\/wp-content\/uploads\/2021\/01\/selling.jpg 480w\" sizes=\"auto, (max-width: 160px) 100vw, 160px\" \/><\/td>\n<td>Die meisten von uns haben viele Kleidungsst\u00fccke oder Waren, die er\/sie nicht mehr m\u00f6chte oder braucht. Falls Sie also mehr Zeit zu Hause verbringen, nutzen Sie die Zeit und r\u00e4umen Sie aus und verkaufen Sie Ihre Anziehsachen beispielsweise auf <a href=\"https:\/\/charity.ebay.co.uk\/\" target=\"_blank\" rel=\"noopener\">E-Bay<\/a> oder spenden Sie die Sachen direkt an das HRI.<\/td>\n<\/tr>\n<\/tbody>\n<\/table>\n<p>&nbsp;<\/p>\n<p>Egal, ob Sie selbst an einer Aktion teilnehmen oder gar in der wichtigen Rolle als Organisator einer Wohlt\u00e4tigkeitsveranstaltung auftreten: Es sind beides gute M\u00f6glichkeiten, das HRI zu unterst\u00fctzen. Machen Sie daher auf Veranstaltungen, auch wenn sie noch so klein sein sollten, auf unsere Arbeit aufmerksam.<\/p>\n<p>Bisher haben HRI-F\u00f6rderer:<\/p>\n<ul>\n<li>eine kostenlose Hom\u00f6opathie-Akutsprechstunde abgehalten, bei der Patienten im Austausch gegen eine Behandlung f\u00fcr das HRI gespendet haben,<\/li>\n<li>mutig einen Tandemfallschirmsprung mit den <em>Red Devils<\/em> (der Luftlandeeinheit der britischen Streitkr\u00e4fte) absolviert, und<\/li>\n<li>an einem Halbmarathon teilgenommen.<\/li>\n<\/ul>\n<p><a href=\"mailto:info@hri-research.org\">Kontaktieren Sie uns<\/a> einfach, wenn Sie \u00fcber Ideen f\u00fcr Spendensammelaktionen und potenzielle Werbeartikel wie HRI-T-Shirts, -Spendendosen usw. mit uns sprechen m\u00f6chten.<\/p>\n<h3><span style=\"font-size: 14px; line-height: 1.5em;\">Vergangene Wohlt\u00e4tigkeitsveranstaltungen<\/span><\/h3>\n<p><a href=\"https:\/\/www.hri-research.org\/wp-content\/uploads\/2014\/04\/combined.jpg\"><img loading=\"lazy\" decoding=\"async\" class=\"alignnone size-full wp-image-718\" src=\"https:\/\/www.hri-research.org\/wp-content\/uploads\/2014\/04\/combined.jpg\" alt=\"\" width=\"520\" height=\"282\" srcset=\"https:\/\/www.hri-research.org\/wp-content\/uploads\/2014\/04\/combined.jpg 520w, https:\/\/www.hri-research.org\/wp-content\/uploads\/2014\/04\/combined-300x162.jpg 300w, https:\/\/www.hri-research.org\/wp-content\/uploads\/2014\/04\/combined-98x53.jpg 98w, https:\/\/www.hri-research.org\/wp-content\/uploads\/2014\/04\/combined-198x107.jpg 198w, https:\/\/www.hri-research.org\/wp-content\/uploads\/2014\/04\/combined-158x85.jpg 158w\" sizes=\"auto, (max-width: 520px) 100vw, 520px\" \/><\/a><\/p>\n<p><strong>Oktober 2011 \u2013 Suse Moebius<\/strong> sammelt mehr als 1.400\u00a0Pfund (~1.600\u00a0Euro) mit ihrer erfolgreichen Teilnahme am Halbmarathon der <em>London Royal Parks Foundation<\/em>, den sie mit einer beeindruckenden Zeit von 2h:8m:14s beendet!<\/p>\n<p><strong>Juni 2010 \u2013 Rachel Roberts<\/strong> legt einen sprunghaften Start in ihrer neuen Rolle beim HRI hin, indem sie mithilfe der <em>Red Devils<\/em> 1.420\u00a0Pfund (~1.650\u00a0Euro) sammelt.<\/p>\n","protected":false},"excerpt":{"rendered":"<p>Fitness-fundraising &nbsp; &nbsp; &nbsp; Couch to 5k wurde im Jahr 2020 f\u00fcr viele zu einer beliebten Methode um sich fit zu halten, da der Zugang zu Sport und Fitnessstudios begrenzt ist. C25K ist ein Laufplan, der Ihre Fitness \u00fcber 9 Wochen aufbaut, bis zu dem Punkt, an dem Sie volle 5 km laufen k\u00f6nnen. Laden [&hellip;]<\/p>\n","protected":false},"author":835,"featured_media":0,"parent":11658,"menu_order":0,"comment_status":"closed","ping_status":"closed","template":"","meta":{"footnotes":""},"class_list":["post-16572","page","type-page","status-publish","hentry"],"jetpack_sharing_enabled":true,"_links":{"self":[{"href":"https:\/\/www.hri-research.org\/de\/wp-json\/wp\/v2\/pages\/16572","targetHints":{"allow":["GET"]}}],"collection":[{"href":"https:\/\/www.hri-research.org\/de\/wp-json\/wp\/v2\/pages"}],"about":[{"href":"https:\/\/www.hri-research.org\/de\/wp-json\/wp\/v2\/types\/page"}],"author":[{"embeddable":true,"href":"https:\/\/www.hri-research.org\/de\/wp-json\/wp\/v2\/users\/835"}],"replies":[{"embeddable":true,"href":"https:\/\/www.hri-research.org\/de\/wp-json\/wp\/v2\/comments?post=16572"}],"version-history":[{"count":0,"href":"https:\/\/www.hri-research.org\/de\/wp-json\/wp\/v2\/pages\/16572\/revisions"}],"up":[{"embeddable":true,"href":"https:\/\/www.hri-research.org\/de\/wp-json\/wp\/v2\/pages\/11658"}],"wp:attachment":[{"href":"https:\/\/www.hri-research.org\/de\/wp-json\/wp\/v2\/media?parent=16572"}],"curies":[{"name":"wp","href":"https:\/\/api.w.org\/{rel}","templated":true}]}}