{"id":15523,"date":"2020-09-25T13:18:30","date_gmt":"2020-09-25T13:18:30","guid":{"rendered":"https:\/\/www.hri-research.org\/?page_id=15523"},"modified":"2020-09-25T13:18:30","modified_gmt":"2020-09-25T13:18:30","slug":"hm3-initiative-expertentreffen-zum-aktionsmechanismus","status":"publish","type":"page","link":"https:\/\/www.hri-research.org\/de\/laufende-projekte\/erleichterung-der-zukuenftigen-forschung\/hm3-initiative-expertentreffen-zum-aktionsmechanismus\/","title":{"rendered":"HM3-Initiative: Expertentreffen zum Aktionsmechanismus"},"content":{"rendered":"<p>Das Hom\u00f6opathie-Forschungsinstitut (HRI) und die Samueli-Stiftung sind stolz darauf gewesen, im September 2019 in Paris gemeinsam ein internationales Treffen zum Thema &#8222;<a href=\"https:\/\/www.hri-research.org\/wp-content\/uploads\/2020\/07\/HM3_Initiative_Report.pdf\" target=\"_blank\" rel=\"noopener noreferrer\">Hom\u00f6opathie-Mechanismus, Methoden und Messung<\/a>&#8220; veranstaltet zu haben. Die &#8222;HM3-Initiative&#8220; brachte Experten der hom\u00f6opathischen Grundlagenforschung und verwandter externer Wissenschaftsbereiche (z.B. Wasserforschung und Nanopharmakologie) zusammen, um zwei Tage lang \u00fcber das Thema der Wirkungsweise der Hom\u00f6opathie zu diskutieren.<\/p>\n<p>Diese intensive Zusammenarbeit zwischen Experten aus sechs L\u00e4ndern zielte darauf ab, den besten Weg zur Beantwortung der Schl\u00fcsselfrage der Hom\u00f6opathie zu kl\u00e4ren: Wie funktionieren hom\u00f6opathische Arzneimittel? Die Diskussion konzentrierte sich auf Experimente zur Untersuchung bestehender Theorien sowie auf solche, die m\u00f6glicherweise v\u00f6llig neue Hypothesen einf\u00fchren.<\/p>\n<p>Wir freuen uns, Ihnen einen <a href=\"https:\/\/www.hri-research.org\/wp-content\/uploads\/2020\/07\/HM3_Initiative_Report.pdf\" target=\"_blank\" rel=\"noopener noreferrer\">Sitzungsbericht<\/a> \u00fcber dieses wichtige Ereignis zur Verf\u00fcgung zu stellen. Die Veranstaltung hat zu einem reichen Kooperationsgeist zwischen einzelnen Forschungsteams beigetragen und Diskussionen angeregt, die die neue Forschung auf diesem wichtigen Gebiet f\u00fcr die kommenden Jahre pr\u00e4gen werden.<\/p>\n","protected":false},"excerpt":{"rendered":"<p>Das Hom\u00f6opathie-Forschungsinstitut (HRI) und die Samueli-Stiftung sind stolz darauf gewesen, im September 2019 in Paris gemeinsam ein internationales Treffen zum Thema &#8222;Hom\u00f6opathie-Mechanismus, Methoden und Messung&#8220; veranstaltet zu haben. Die &#8222;HM3-Initiative&#8220; brachte Experten der hom\u00f6opathischen Grundlagenforschung und verwandter externer Wissenschaftsbereiche (z.B. Wasserforschung und Nanopharmakologie) zusammen, um zwei Tage lang \u00fcber das Thema der Wirkungsweise der Hom\u00f6opathie [&hellip;]<\/p>\n","protected":false},"author":835,"featured_media":0,"parent":15521,"menu_order":0,"comment_status":"closed","ping_status":"closed","template":"","meta":{"footnotes":""},"class_list":["post-15523","page","type-page","status-publish","hentry"],"jetpack_sharing_enabled":true,"_links":{"self":[{"href":"https:\/\/www.hri-research.org\/de\/wp-json\/wp\/v2\/pages\/15523","targetHints":{"allow":["GET"]}}],"collection":[{"href":"https:\/\/www.hri-research.org\/de\/wp-json\/wp\/v2\/pages"}],"about":[{"href":"https:\/\/www.hri-research.org\/de\/wp-json\/wp\/v2\/types\/page"}],"author":[{"embeddable":true,"href":"https:\/\/www.hri-research.org\/de\/wp-json\/wp\/v2\/users\/835"}],"replies":[{"embeddable":true,"href":"https:\/\/www.hri-research.org\/de\/wp-json\/wp\/v2\/comments?post=15523"}],"version-history":[{"count":0,"href":"https:\/\/www.hri-research.org\/de\/wp-json\/wp\/v2\/pages\/15523\/revisions"}],"up":[{"embeddable":true,"href":"https:\/\/www.hri-research.org\/de\/wp-json\/wp\/v2\/pages\/15521"}],"wp:attachment":[{"href":"https:\/\/www.hri-research.org\/de\/wp-json\/wp\/v2\/media?parent=15523"}],"curies":[{"name":"wp","href":"https:\/\/api.w.org\/{rel}","templated":true}]}}