{"id":15521,"date":"2020-09-25T13:12:19","date_gmt":"2020-09-25T13:12:19","guid":{"rendered":"https:\/\/www.hri-research.org\/?page_id=15521"},"modified":"2020-11-06T13:26:10","modified_gmt":"2020-11-06T13:26:10","slug":"erleichterung-der-zukuenftigen-forschung","status":"publish","type":"page","link":"https:\/\/www.hri-research.org\/de\/laufende-projekte\/erleichterung-der-zukuenftigen-forschung\/","title":{"rendered":"Erleichterung der zuk\u00fcnftigen Forschung"},"content":{"rendered":"<p><strong>Es besteht ein wachsender Bedarf an betr\u00e4chtlicher Finanzierung und einem koordinierten internationalen Ansatz f\u00fcr hom\u00f6opathische Forschungsbem\u00fchungen, um sowohl die Behandlung zu verbessern als auch einen Wirkmechanismus f\u00fcr die Hom\u00f6opathie zu etablieren.<\/strong><\/p>\n<p>Das HRI spielt eine Schl\u00fcsselrolle, wenn es darum geht, f\u00fchrende Forschungsteams aus der ganzen Welt zusammenzubringen, eine fruchtbare Diskussion zu f\u00f6rdern und um unsere eigene Expertise zu den \u00fcbergreifenden Zielen der F\u00f6rderung und Verbesserung der zuk\u00fcnftigen Forschung auf diesem Gebiet beizutragen.<\/p>\n<div class=\"icon-text-listing\">\n<div class=\"icon-text-listing-image\">\n<p><a href=\"https:\/\/www.hri-research.org\/de\/laufende-projekte\/erleichterung-der-zukuenftigen-forschung\/hm3-initiative-expertentreffen-zum-aktionsmechanismus\/\" target=\"_blank\" rel=\"noopener noreferrer\"><img loading=\"lazy\" decoding=\"async\" class=\"alignnone wp-image-14768 size-right_sidebar_thumb\" src=\"https:\/\/www.hri-research.org\/wp-content\/uploads\/2020\/07\/HRI-Samueli-FB-160x80.png\" alt=\"\" width=\"160\" height=\"80\" srcset=\"https:\/\/www.hri-research.org\/wp-content\/uploads\/2020\/07\/HRI-Samueli-FB-160x80.png 160w, https:\/\/www.hri-research.org\/wp-content\/uploads\/2020\/07\/HRI-Samueli-FB-300x150.png 300w, https:\/\/www.hri-research.org\/wp-content\/uploads\/2020\/07\/HRI-Samueli-FB-768x384.png 768w, https:\/\/www.hri-research.org\/wp-content\/uploads\/2020\/07\/HRI-Samueli-FB-98x49.png 98w, https:\/\/www.hri-research.org\/wp-content\/uploads\/2020\/07\/HRI-Samueli-FB-198x99.png 198w, https:\/\/www.hri-research.org\/wp-content\/uploads\/2020\/07\/HRI-Samueli-FB-158x79.png 158w, https:\/\/www.hri-research.org\/wp-content\/uploads\/2020\/07\/HRI-Samueli-FB-520x260.png 520w, https:\/\/www.hri-research.org\/wp-content\/uploads\/2020\/07\/HRI-Samueli-FB.png 1024w\" sizes=\"auto, (max-width: 160px) 100vw, 160px\" \/><\/a><\/p>\n<\/div>\n<div class=\"icon-text-listing-text\">\n<p><strong><a href=\"https:\/\/www.hri-research.org\/de\/laufende-projekte\/erleichterung-der-zukuenftigen-forschung\/hm3-initiative-expertentreffen-zum-aktionsmechanismus\/\" target=\"_blank\" rel=\"noopener noreferrer\"><span class=\"no-underline\">HM3-Initiative<\/span><\/a><br \/>\n<\/strong>Ziel dieser Zusammenarbeit ist es, f\u00fchrende Experten aus dem Hom\u00f6opathie-Sektor und relevanten externen Disziplinen zusammenzubringen, um zu kl\u00e4ren, wie die Schl\u00fcsselfrage der Hom\u00f6opathie am besten beantwortet werden kann: Wie funktionieren hom\u00f6opathische Arzneimittel?<\/p>\n<\/div>\n<p class=\"no-margin\"><div class=\"clear\"><\/div><\/div>\n<p>&nbsp;<\/p>\n","protected":false},"excerpt":{"rendered":"<p>Es besteht ein wachsender Bedarf an betr\u00e4chtlicher Finanzierung und einem koordinierten internationalen Ansatz f\u00fcr hom\u00f6opathische Forschungsbem\u00fchungen, um sowohl die Behandlung zu verbessern als auch einen Wirkmechanismus f\u00fcr die Hom\u00f6opathie zu etablieren. Das HRI spielt eine Schl\u00fcsselrolle, wenn es darum geht, f\u00fchrende Forschungsteams aus der ganzen Welt zusammenzubringen, eine fruchtbare Diskussion zu f\u00f6rdern und um unsere [&hellip;]<\/p>\n","protected":false},"author":835,"featured_media":0,"parent":11483,"menu_order":0,"comment_status":"closed","ping_status":"closed","template":"","meta":{"footnotes":""},"class_list":["post-15521","page","type-page","status-publish","hentry"],"jetpack_sharing_enabled":true,"_links":{"self":[{"href":"https:\/\/www.hri-research.org\/de\/wp-json\/wp\/v2\/pages\/15521","targetHints":{"allow":["GET"]}}],"collection":[{"href":"https:\/\/www.hri-research.org\/de\/wp-json\/wp\/v2\/pages"}],"about":[{"href":"https:\/\/www.hri-research.org\/de\/wp-json\/wp\/v2\/types\/page"}],"author":[{"embeddable":true,"href":"https:\/\/www.hri-research.org\/de\/wp-json\/wp\/v2\/users\/835"}],"replies":[{"embeddable":true,"href":"https:\/\/www.hri-research.org\/de\/wp-json\/wp\/v2\/comments?post=15521"}],"version-history":[{"count":0,"href":"https:\/\/www.hri-research.org\/de\/wp-json\/wp\/v2\/pages\/15521\/revisions"}],"up":[{"embeddable":true,"href":"https:\/\/www.hri-research.org\/de\/wp-json\/wp\/v2\/pages\/11483"}],"wp:attachment":[{"href":"https:\/\/www.hri-research.org\/de\/wp-json\/wp\/v2\/media?parent=15521"}],"curies":[{"name":"wp","href":"https:\/\/api.w.org\/{rel}","templated":true}]}}