{"id":14507,"date":"2020-06-22T17:00:44","date_gmt":"2020-06-22T17:00:44","guid":{"rendered":"https:\/\/www.hri-research.org\/?page_id=14507"},"modified":"2021-09-30T13:30:14","modified_gmt":"2021-09-30T13:30:14","slug":"macias-cortes-2015","status":"publish","type":"page","link":"https:\/\/www.hri-research.org\/de\/informationsquellen\/die-homoopathie-debatte\/macias-cortes-2015\/","title":{"rendered":"Mac\u00edas-Cort\u00e9s 2015"},"content":{"rendered":"<p><strong>Unerkl\u00e4rlicher Widerruf einer rigorosen klinischen Studie die belegt, dass Hom\u00f6opathie wirksam gegen Depressionen ist, wirft schwere Bedenken hinsichtlich der Abkehr von wissenschaftlichen Prozessen auf<\/strong><\/p>\n<p>Bei der <a href=\"https:\/\/pubmed.ncbi.nlm.nih.gov\/25768800\/\" target=\"_blank\" rel=\"noopener noreferrer\">Mac\u00edas-Cort\u00e9s 2015-Studie<\/a> handelt es sich um eine Plazebo-kontrollierte Studie nach Goldstandard, die in einem Universit\u00e4tsklinikum durchgef\u00fchrt wurde und in der sich sowohl die Hom\u00f6opathie als auch das Antidepressivum Fluoxetin als wirksame Behandlungsmethoden f\u00fcr Frauen mit menopausalen Depressionen erwiesen haben.<\/p>\n<p>Am 23. April 2020 trafen die Herausgeber von PLOS ONE die schockierende Entscheidung, diesen qualitativ hochwertigen Artikel, f\u00fcnf Jahre nach der Ver\u00f6ffentlichung aus ihrer Zeitschrift zur\u00fcckzuziehen, ohne stichhaltige Gr\u00fcnde f\u00fcr ihr Handeln anzugeben.<\/p>\n<p>Wie Dr. Alexander Tournier, Exekutivdirektor des HRI, erkl\u00e4rt: &#8222;Dies ist eine wirklich beunruhigende Entwicklung, denn sie bedeutet, dass der \u00fcbliche wissenschaftliche Prozess selbst zusammengebrochen ist. Eine kleine Anzahl von Personen hat beschlossen, eine Studie aus der wissenschaftlichen Literatur zu streichen, ohne einen einzigen legitimen Grund zu nennen. Dies ist besonders schockierend, wenn man bedenkt, dass der Herausgeber, der die Studie urspr\u00fcnglich f\u00fcr die Ver\u00f6ffentlichung im Jahr 2015 freigab, Professor Yiru Fang war &#8211; ein Psychiatrieexperte mit fast 35 Jahren Erfahrung auf dem Gebiet der psychischen Gesundheit, der sich auf Depressionsforschung spezialisiert hat&#8220;.<\/p>\n<p>Der extreme Schritt, eine Ver\u00f6ffentlichung\u00a0 wieder zur\u00fcckzuziehen, wird in der Regel nur bei schwersten Verst\u00f6\u00dfen gegen wissenschaftliche Verfahren unternommen, wie z.B. bei betr\u00fcgerischen Ergebnissen oder Plagiaten.<\/p>\n<p>Hier hingegen haben die Herausgeber versucht, die R\u00fccknahme dieser Studie mit auffallend geringf\u00fcgigen oder v\u00f6llig unbegr\u00fcndeten Punkten zu rechtfertigen, z.B.:<\/p>\n<ol>\n<li><strong>Es wurden nicht gen\u00fcgend Informationen \u00fcber die genauen Einzelheiten der in der Studie angewandten hom\u00f6opathischen Behandlung gegeben.<\/strong><p><a href=\"#\" class=\"expand-content\" id=\"69ea07f4c8e12\"><span class=\"expand-content-more\">Mehr<\/span><span class=\"expand-content-less\">Weniger<\/span><\/a><\/p><div class=\"collapse-content\" id=\"panel-69ea07f4c8e12\">Gew\u00f6hnlich werden derartige Bedenken bez\u00fcglich &#8222;unzureichender Berichtdetails&#8220; von anderen Forschern in Kritiken einfach hervorgehoben oder (wenn sie als besonders wichtig erachtet werden), der Autor wird gebeten, die fehlenden Informationen als Kommentar oder Anhang hinzuzuf\u00fcgen. Die \u00c4rztin, die diese Studie leitete &#8211; Dr. Emma del Carmen Mac\u00edas-Cort\u00e9s &#8211; bot der Zeitschrift diese L\u00f6sung an; dies wurde aber merkw\u00fcrdigerweise abgelehnt.<\/div><!-- de --><\/li>\n<\/ol>\n<ol start=\"2\">\n<li><strong>Das verwendete Studiendesign war unzureichend, um ausschlie\u00dfen zu k\u00f6nnen, dass die beobachtete Verbesserung bei den Patienten, die die hom\u00f6opathischen Arzneimittel erhielten, auf einen Placebo-Effekt zur\u00fcckzuf\u00fchren ist.<\/strong><p><a href=\"#\" class=\"expand-content\" id=\"69ea07f4c8e46\"><span class=\"expand-content-more\">Mehr<\/span><span class=\"expand-content-less\">Weniger<\/span><\/a><\/p><div class=\"collapse-content\" id=\"panel-69ea07f4c8e46\">Das ist v\u00f6llig absurd. Das verwendete Design ist stringenteste, das in der konventionellen medizinischen Forschung zur Verf\u00fcgung steht, mit dem ausdr\u00fccklichen Ziel, Placeboeffekte auszuschlie\u00dfen. Es handelt sich um eine randomisierte, doppelt-dummy, doppelblinde, placebokontrollierte, dreiarmige Studie. Die Behauptung, dies sei unzureichend, wirft die Frage auf, welches Design genau die Herausgeber als &#8222;ausreichend&#8220; angesehen h\u00e4tten.<\/div><!-- de --><\/li>\n<\/ol>\n<ol start=\"3\">\n<li><strong>Es wurden nicht gen\u00fcgend Informationen dar\u00fcber geliefert, wie Patienten diagnostiziert wurden, und die Herausgeber stellen die Zuverl\u00e4ssigkeit dieser Diagnosen in Frage.<\/strong><p><a href=\"#\" class=\"expand-content\" id=\"69ea07f4c8e63\"><span class=\"expand-content-more\">Mehr<\/span><span class=\"expand-content-less\">Weniger<\/span><\/a><\/p><div class=\"collapse-content\" id=\"panel-69ea07f4c8e63\">Jede Diagnose einer Depression (Major Depressive Disorder &#8211; MDD)\u00a0 wurde von zwei unabh\u00e4ngigen Mitgliedern des Forschungsteams &#8211; einem Arzt und einem Psychologen &#8211; unter Verwendung international anerkannter und validierter Checklisten und Symptombewertungsinstrumente gestellt. Allein die Frage, ob diese erfahrenen Fachleute in der Lage sind, eine zuverl\u00e4ssige Diagnose zu stellen, erstaunt<span style=\"font-family: -apple-system, BlinkMacSystemFont, 'Segoe UI', Roboto, Oxygen-Sans, Ubuntu, Cantarell, 'Helvetica Neue', sans-serif;\"><\/div><!-- de --><\/span><\/li>\n<\/ol>\n<p>Die Herausgeber haben auch bem\u00e4ngelt, dass die w\u00e4hrend der Studie verabreichte Fluoxetin-Behandlung ungeeignet war, da es sich um eine feste Dosis gehandelt habe und diese nur 6 Wochen lang verabreicht wurde. Dies ist nicht nachzuvollziehen. Laut einem Cochrane-Review \u00fcber 171 Studien zu Fluoxetine<sup>1<\/sup> wurde in 42% der Studien eine feste Dosis verabreicht, wobei die h\u00e4ufigste Dauer 6 Wochen betrug. Die in dieser Studie verwendete Tagesdosis von 20 mg Fluoxetin ist eine typische Anfangsdosis, die in der klinischen Praxis verwendet wird, und da die Studie ergab, dass sie funktionierte, war sie ganz klar eine geeignete Behandlung.<\/p>\n<p>Dr. Mac\u00edas-Cort\u00e9s erkl\u00e4rt die Bedeutung der Studie f\u00fcr die Patienten: &#8222;Unsere Studie ergab, dass hom\u00f6opathische Arzneimittel bei mittelschwerer bis schwerer menopausaler Depression genauso gut wirken wie die \u00fcbliche konventionelle Behandlung mit Fluoxetin (bekannt als Prozac). Das bedeutet, dass die Hom\u00f6opathie eine wirksame Alternative f\u00fcr Frauen sein k\u00f6nnte, die unter diesen beeintr\u00e4chtigenden Symptomen leiden und die entweder keine Antidepressiva einnehmen k\u00f6nnen oder es wegen unerw\u00fcnschter Nebenwirkungen vorziehen, keine Antidepressiva einzunehmen. Zu sehen, wie diese Studie ohne triftigen Grund zur\u00fcckgezogen wird, ist wirklich verheerend f\u00fcr das gesamte beteiligte Forschungsteam, da es letztlich bedeutet, dass weniger Patienten von dieser wirksamen Behandlung profitieren werden&#8220;.<\/p>\n<p>Jeder objektive Wissenschaftler, der den erl\u00e4uternden Widerrufstext der Herausgeber liest, wird erkennen, dass nicht eine der angeblichen Schw\u00e4chen der Studie Mac\u00edas-Cort\u00e9s 2015 &#8211; selbst wenn sie sich als echt erweisen sollte, was wir stark bestreiten &#8211; ein legitimer Grund f\u00fcr einen Widerruf ist.<\/p>\n<p>F\u00fcr alle, die an die wissenschaftliche Methode glauben, selbst f\u00fcr diejenigen, die der Hom\u00f6opathie skeptisch gegen\u00fcberstehen, wird diese Aktion der Herausgeber von PLOS One als ein eklatanter Versto\u00df gegen das wissenschaftliche Protokoll und nicht weniger als eine Bedrohung der akademischen Freiheit gewertet werden.<\/p>\n<p>Rachel Roberts, Hauptgesch\u00e4ftsf\u00fchrerin des HRI, f\u00fcgt hinzu: &#8222;Das positive Ergebnis dieser Studie, das unter den strengsten Versuchsbedingungen erzielt wurde, die in der konventionellen medizinischen Forschung verf\u00fcgbar sind, wird viele Menschen \u00fcberraschen, die mit der Hom\u00f6opathie nicht vertraut sind; aber eine Studie zu diskreditieren, weil die Ergebnisse kontrovers sind, widerspricht den grundlegendsten wissenschaftlichen Prinzipien&#8220;.<\/p>\n<p><strong>Weitere Informationen<\/strong><\/p>\n<p>Weitere Details finden Sie in der offiziellen <a href=\"https:\/\/journals.plos.org\/plosone\/article\/comment?id=10.1371\/annotation\/82077eec-9edb-403b-9b02-4d5d77d6dbae\" target=\"_blank\" rel=\"noopener\">Antwort<\/a> von Dr. Mac\u00edas-Cort\u00e9s, die auf der Website der Zeitschrift PLOS One ver\u00f6ffentlicht wurde, sowie in ihrem <a href=\"https:\/\/www.thieme-connect.de\/products\/ejournals\/abstract\/10.1055\/s-0040-1714741\" target=\"_blank\" rel=\"noopener\">Kommentarartikel<\/a>, der in der Fachzeitschrift <strong><em>Homeopathy<\/em><\/strong> erschienen ist.<\/p>\n<p>In diesem Interview spricht Dr. Mac\u00edas-Cort\u00e9s \u00fcber die Ergebnisse ihrer Studie und dar\u00fcber, wie die Hom\u00f6opathie ihren Patienten hilft, die mit schweren bis mittelschweren Depressionen und anderen Wechseljahrsbeschwerden zu k\u00e4mpfen haben.<\/p>\n<p><span class=\"embed-youtube\" style=\"text-align:center; display: block;\"><iframe loading=\"lazy\" class=\"youtube-player\" width=\"520\" height=\"293\" src=\"https:\/\/www.youtube.com\/embed\/DUPeq-sbl68?version=3&#038;rel=1&#038;showsearch=0&#038;showinfo=1&#038;iv_load_policy=1&#038;fs=1&#038;hl=de-DE&#038;autohide=2&#038;wmode=transparent\" allowfullscreen=\"true\" style=\"border:0;\" sandbox=\"allow-scripts allow-same-origin allow-popups allow-presentation allow-popups-to-escape-sandbox\"><\/iframe><\/span><\/p>\n<p>Die vollst\u00e4ndige <a href=\"http:\/\/www.hrimalta2017.org\/films\/#clip=bcqi45sitxc0&amp;time=\" target=\"_blank\" rel=\"noopener\">Pr\u00e4sentation<\/a> von Dr. Mac\u00edas-Cort\u00e9s zu dieser Studie auf der HRI Malta 2017-Konferenz kann ebenfalls hier eingesehen werden.<\/p>\n<p>Kontakt <a href=\"mailto:info@hri-research.org\">info@hri-research.org<\/a>.<\/p>\n<p><strong><p><a href=\"#\" class=\"expand-content button accent-bg\" id=\"69ea07f4c8eb1\"><span class=\"expand-content-more\">Referenzen<\/span><span class=\"expand-content-less\">Weniger<\/span><\/a><\/p><div class=\"collapse-content\" id=\"panel-69ea07f4c8eb1\"><\/strong><\/p>\n<ol>\n<li>Magni LR, Purgato M, Gastaldon C, Papola D, Furukawa TA, Cipriani A, Barbui C. (2013) Fluoxetine versus other types of pharmacotherapy for depression. Cochrane Database of Systematic Reviews 7: Art. No.: CD004185. pmid:24353997<\/li>\n<\/ol>\n<p><strong><\/div><!-- de --><\/strong><\/p>\n","protected":false},"excerpt":{"rendered":"<p>Unerkl\u00e4rlicher Widerruf einer rigorosen klinischen Studie die belegt, dass Hom\u00f6opathie wirksam gegen Depressionen ist, wirft schwere Bedenken hinsichtlich der Abkehr von wissenschaftlichen Prozessen auf Bei der Mac\u00edas-Cort\u00e9s 2015-Studie handelt es sich um eine Plazebo-kontrollierte Studie nach Goldstandard, die in einem Universit\u00e4tsklinikum durchgef\u00fchrt wurde und in der sich sowohl die Hom\u00f6opathie als auch das Antidepressivum Fluoxetin [&hellip;]<\/p>\n","protected":false},"author":835,"featured_media":0,"parent":9715,"menu_order":0,"comment_status":"closed","ping_status":"closed","template":"","meta":{"footnotes":""},"class_list":["post-14507","page","type-page","status-publish","hentry"],"jetpack_sharing_enabled":true,"_links":{"self":[{"href":"https:\/\/www.hri-research.org\/de\/wp-json\/wp\/v2\/pages\/14507","targetHints":{"allow":["GET"]}}],"collection":[{"href":"https:\/\/www.hri-research.org\/de\/wp-json\/wp\/v2\/pages"}],"about":[{"href":"https:\/\/www.hri-research.org\/de\/wp-json\/wp\/v2\/types\/page"}],"author":[{"embeddable":true,"href":"https:\/\/www.hri-research.org\/de\/wp-json\/wp\/v2\/users\/835"}],"replies":[{"embeddable":true,"href":"https:\/\/www.hri-research.org\/de\/wp-json\/wp\/v2\/comments?post=14507"}],"version-history":[{"count":0,"href":"https:\/\/www.hri-research.org\/de\/wp-json\/wp\/v2\/pages\/14507\/revisions"}],"up":[{"embeddable":true,"href":"https:\/\/www.hri-research.org\/de\/wp-json\/wp\/v2\/pages\/9715"}],"wp:attachment":[{"href":"https:\/\/www.hri-research.org\/de\/wp-json\/wp\/v2\/media?parent=14507"}],"curies":[{"name":"wp","href":"https:\/\/api.w.org\/{rel}","templated":true}]}}