{"id":14324,"date":"2020-05-29T08:12:42","date_gmt":"2020-05-29T08:12:42","guid":{"rendered":"https:\/\/www.hri-research.org\/?page_id=14324"},"modified":"2020-10-20T15:03:11","modified_gmt":"2020-10-20T15:03:11","slug":"unterstuetzer","status":"publish","type":"page","link":"https:\/\/www.hri-research.org\/de\/was-ihre-finanzielle-unterstuetzung-bewirken-kann\/unterstuetzer\/","title":{"rendered":"Unterst\u00fctzer"},"content":{"rendered":"<p>Wir m\u00f6chten den folgenden Organisationen und Unternehmen danken, die das HRI \u2013 zus\u00e4tzlich zu unserem Hauptf\u00f6rderer Charles Wansbrough \u2013 finanziell unterst\u00fctzt haben. Dazu geh\u00f6ren:<\/p>\n<div class=\"icon-text-listing\">\n<div class=\"icon-text-listing-image\">\n<p><img loading=\"lazy\" decoding=\"async\" class=\"alignnone size-right_sidebar_thumb wp-image-14283\" src=\"https:\/\/www.hri-research.org\/wp-content\/uploads\/2020\/05\/blackieft_logo-160x96.jpg\" alt=\"\" width=\"160\" height=\"96\" srcset=\"https:\/\/www.hri-research.org\/wp-content\/uploads\/2020\/05\/blackieft_logo-160x96.jpg 160w, https:\/\/www.hri-research.org\/wp-content\/uploads\/2020\/05\/blackieft_logo-300x180.jpg 300w, https:\/\/www.hri-research.org\/wp-content\/uploads\/2020\/05\/blackieft_logo-98x59.jpg 98w, https:\/\/www.hri-research.org\/wp-content\/uploads\/2020\/05\/blackieft_logo-198x119.jpg 198w, https:\/\/www.hri-research.org\/wp-content\/uploads\/2020\/05\/blackieft_logo-158x95.jpg 158w, https:\/\/www.hri-research.org\/wp-content\/uploads\/2020\/05\/blackieft_logo.jpg 500w\" sizes=\"auto, (max-width: 160px) 100vw, 160px\" \/><\/p>\n<\/div>\n<div class=\"icon-text-listing-text\">\n<p>Der <strong>Blackie Foundation Trust<\/strong>, der 1971 von Dr. Margery Blackie gegr\u00fcndet wurde, als sie als hom\u00f6opathische \u00c4rztin Ihrer Majest\u00e4t K\u00f6nigin Elisabeth II. t\u00e4tig war. Die Stiftung hat es sich zum Ziel gesetzt, Studien in der klinischen und wissenschaftlichen Forschung zum Wirkmechanismus hom\u00f6opathischer Arzneimittel zu unterst\u00fctzen.<\/div>\n<div class=\"clear\"><\/div><\/div>\n<hr class=\"accent-border\" \/>\n<div class=\"icon-text-listing\">\n<div class=\"icon-text-listing-image\">\n<p><a href=\"http:\/\/www.helios.co.uk\/\" target=\"_blank\" rel=\"noopener noreferrer\"><img loading=\"lazy\" decoding=\"async\" class=\"alignnone wp-image-11935\" src=\"https:\/\/www.hri-research.org\/wp-content\/uploads\/2019\/06\/helios_logo_cmyk-160x55.jpg\" alt=\"\" width=\"150\" height=\"52\" srcset=\"https:\/\/www.hri-research.org\/wp-content\/uploads\/2019\/06\/helios_logo_cmyk-160x55.jpg 160w, https:\/\/www.hri-research.org\/wp-content\/uploads\/2019\/06\/helios_logo_cmyk-300x104.jpg 300w, https:\/\/www.hri-research.org\/wp-content\/uploads\/2019\/06\/helios_logo_cmyk-768x265.jpg 768w, https:\/\/www.hri-research.org\/wp-content\/uploads\/2019\/06\/helios_logo_cmyk-1024x354.jpg 1024w, https:\/\/www.hri-research.org\/wp-content\/uploads\/2019\/06\/helios_logo_cmyk-98x34.jpg 98w, https:\/\/www.hri-research.org\/wp-content\/uploads\/2019\/06\/helios_logo_cmyk-198x68.jpg 198w, https:\/\/www.hri-research.org\/wp-content\/uploads\/2019\/06\/helios_logo_cmyk-158x55.jpg 158w, https:\/\/www.hri-research.org\/wp-content\/uploads\/2019\/06\/helios_logo_cmyk-520x180.jpg 520w\" sizes=\"auto, (max-width: 150px) 100vw, 150px\" \/><\/a><\/p>\n<\/div>\n<div class=\"icon-text-listing-text\">\n<p><a href=\"https:\/\/www.helios.co.uk\/\" target=\"_blank\" rel=\"noopener noreferrer\"><strong>Helios Pharmacy<\/strong><\/a>, das 1987 gegr\u00fcndet wurde, ist im Vereinigten K\u00f6nigreich eine der f\u00fchrenden Apotheken f\u00fcr hom\u00f6opathische Arzneimittel, die \u00c4rzte, deren Patienten, Apotheken und viele andere weltweit beliefert. Unsere Mittel werden per Hand nach der traditionellen Hahnemann-Technik hergestellt. Unsere Mitarbeiter sind ausschlie\u00dflich Fachhom\u00f6opathen mit ausgepr\u00e4gtem Know-how, die in einem einzigartigen Umfeld arbeiten.<\/p>\n<\/div>\n<div class=\"clear\"><\/div><\/div>\n<hr class=\"accent-border\" \/>\n<div class=\"icon-text-listing\">\n<div class=\"icon-text-listing-image\">\n<p><img loading=\"lazy\" decoding=\"async\" class=\"alignnone wp-image-14347\" src=\"https:\/\/www.hri-research.org\/wp-content\/uploads\/2020\/06\/Homeopathy-UK-logo-stacked-160x113.png\" alt=\"\" width=\"150\" height=\"106\" srcset=\"https:\/\/www.hri-research.org\/wp-content\/uploads\/2020\/06\/Homeopathy-UK-logo-stacked-160x113.png 160w, https:\/\/www.hri-research.org\/wp-content\/uploads\/2020\/06\/Homeopathy-UK-logo-stacked-300x212.png 300w, https:\/\/www.hri-research.org\/wp-content\/uploads\/2020\/06\/Homeopathy-UK-logo-stacked-98x69.png 98w, https:\/\/www.hri-research.org\/wp-content\/uploads\/2020\/06\/Homeopathy-UK-logo-stacked-198x140.png 198w, https:\/\/www.hri-research.org\/wp-content\/uploads\/2020\/06\/Homeopathy-UK-logo-stacked-158x112.png 158w, https:\/\/www.hri-research.org\/wp-content\/uploads\/2020\/06\/Homeopathy-UK-logo-stacked-520x368.png 520w, https:\/\/www.hri-research.org\/wp-content\/uploads\/2020\/06\/Homeopathy-UK-logo-stacked.png 640w\" sizes=\"auto, (max-width: 150px) 100vw, 150px\" \/><\/p>\n<\/div>\n<div class=\"icon-text-listing-text\">\n<p><a href=\"https:\/\/homeopathy-uk.org\" target=\"_blank\" rel=\"noopener noreferrer\"><strong>Homeopathy UK<\/strong><\/a> f\u00f6rdert \u00c4rzte und andere Gesundheitsdienstleistern die Hom\u00f6opathie praktizieren. Wir sind fest davon \u00fcberzeugt, dass die Hom\u00f6opathie in ihrem ganzen Umfang in das britische Gesundheitssystem integriert werden sollte und f\u00fcr jeden Patienten als Behandlungsoption verf\u00fcgbar sein sollte. Als 1902 gegr\u00fcndete Wohlt\u00e4tigkeitsorganisation verf\u00fcgen wir bereits seit langer Zeit \u00fcber einen guten Ruf, was die Bereitstellung zuverl\u00e4ssiger Informationen und die Unterst\u00fctzung der Forschung und Ausbildung in der Hom\u00f6opathie betrifft.<\/p>\n<\/div>\n<div class=\"clear\"><\/div><\/div>\n<hr class=\"accent-border\" \/>\n<div class=\"icon-text-listing\">\n<div class=\"icon-text-listing-image\">\n<p><a href=\"http:\/\/www.homeopathyhongkong.org\/\" target=\"_blank\" rel=\"noopener noreferrer\"><img loading=\"lazy\" decoding=\"async\" class=\"alignnone wp-image-12292\" src=\"https:\/\/www.hri-research.org\/wp-content\/uploads\/2019\/07\/HKAH-logo-2017-160x55.jpg\" alt=\"\" width=\"150\" height=\"52\" srcset=\"https:\/\/www.hri-research.org\/wp-content\/uploads\/2019\/07\/HKAH-logo-2017-160x55.jpg 160w, https:\/\/www.hri-research.org\/wp-content\/uploads\/2019\/07\/HKAH-logo-2017-300x104.jpg 300w, https:\/\/www.hri-research.org\/wp-content\/uploads\/2019\/07\/HKAH-logo-2017-768x265.jpg 768w, https:\/\/www.hri-research.org\/wp-content\/uploads\/2019\/07\/HKAH-logo-2017-1024x354.jpg 1024w, https:\/\/www.hri-research.org\/wp-content\/uploads\/2019\/07\/HKAH-logo-2017-98x34.jpg 98w, https:\/\/www.hri-research.org\/wp-content\/uploads\/2019\/07\/HKAH-logo-2017-198x68.jpg 198w, https:\/\/www.hri-research.org\/wp-content\/uploads\/2019\/07\/HKAH-logo-2017-158x55.jpg 158w, https:\/\/www.hri-research.org\/wp-content\/uploads\/2019\/07\/HKAH-logo-2017-520x180.jpg 520w\" sizes=\"auto, (max-width: 150px) 100vw, 150px\" \/><\/a><\/p>\n<\/div>\n<div class=\"icon-text-listing-text\">\n<p>Die <strong><a href=\"http:\/\/www.homeopathyhongkong.org\/\" target=\"_blank\" rel=\"noopener noreferrer\">Hong Kong Association of Homeopathy<\/a> <\/strong>(HKAH) wurde 2005 gegr\u00fcndet. Sie hat sich dazu verpflichtet, das Konzept der klassischen Hom\u00f6opathie zu f\u00f6rdern, die Ausbildung und Berufsethik zu popularisieren, sich f\u00fcr die Einrichtung eines soliden Registrierungs- und Regulierungssystems f\u00fcr die Hom\u00f6opathie einzusetzen, die Qualit\u00e4t der Hom\u00f6opathie insgesamt in Hongkong zu gew\u00e4hrleisten und das soziale Bewusstsein sowie das Image der Hom\u00f6opathie zu verbessern, um das Ziel \u201eHom\u00f6opathie f\u00fcr alle\u201c zu erreichen.<\/p>\n<\/div>\n<div class=\"clear\"><\/div><\/div>\n<hr class=\"accent-border\" \/>\n<div class=\"icon-text-listing\">\n<div class=\"icon-text-listing-image\">\n<p><a href=\"http:\/\/www.living-homeopathy.com\/eng\/home.html\" target=\"_blank\" rel=\"noopener noreferrer\"><img loading=\"lazy\" decoding=\"async\" class=\"alignnone wp-image-2885\" src=\"https:\/\/www.hri-research.org\/wp-content\/uploads\/2014\/04\/logo-160x91.png\" alt=\"\" width=\"150\" height=\"86\" srcset=\"https:\/\/www.hri-research.org\/wp-content\/uploads\/2014\/04\/logo-160x91.png 160w, https:\/\/www.hri-research.org\/wp-content\/uploads\/2014\/04\/logo-300x172.png 300w, https:\/\/www.hri-research.org\/wp-content\/uploads\/2014\/04\/logo-98x56.png 98w, https:\/\/www.hri-research.org\/wp-content\/uploads\/2014\/04\/logo-198x113.png 198w, https:\/\/www.hri-research.org\/wp-content\/uploads\/2014\/04\/logo-158x90.png 158w, https:\/\/www.hri-research.org\/wp-content\/uploads\/2014\/04\/logo-520x298.png 520w, https:\/\/www.hri-research.org\/wp-content\/uploads\/2014\/04\/logo.png 780w\" sizes=\"auto, (max-width: 150px) 100vw, 150px\" \/><\/a><\/p>\n<\/div>\n<div class=\"icon-text-listing-text\">\n<p><a href=\"http:\/\/www.living-homeopathy.com\/eng\/home.html\" target=\"_blank\" rel=\"noopener noreferrer\"><strong>Living Homeopathy<\/strong><\/a>, 1994 von Prof. Aaron To Ka Lun gegr\u00fcndet, f\u00f6rdert die klassische Hom\u00f6opathie, das Verst\u00e4ndnis der Konzepte der ganzheitlichen Medizin sowie die Neuausrichtung des Patientenpfads hin zu k\u00f6rperlicher, emotionaler und spiritueller Gesundheit.<\/p>\n<\/div>\n<div class=\"clear\"><\/div><\/div>\n<hr class=\"accent-border\" \/>\n<div class=\"icon-text-listing\">\n<div class=\"icon-text-listing-image\">\n<p><img loading=\"lazy\" decoding=\"async\" class=\"alignnone wp-image-589\" src=\"https:\/\/www.hri-research.org\/wp-content\/uploads\/2014\/04\/SchoolofHomeopathy_logo-e1586341441140.png\" alt=\"\" width=\"150\" height=\"62\" \/><\/p>\n<\/div>\n<div class=\"icon-text-listing-text\">\n<p><a href=\"http:\/\/www.homeopathyschool.com\/\" target=\"_blank\" rel=\"noopener noreferrer\"><b>The School of Homeopathy<\/b><\/a>,\u00a0die 1981 gegr\u00fcndet wurde und heute Studierende aus \u00fcber 50\u00a0L\u00e4ndern z\u00e4hlt. Angeboten wird ein umfassendes Studienprogramm mit nachweislicher Erfolgsgeschichte. Die Leidenschaft der Schule f\u00fcr die F\u00f6rderung und Verbreitung der Hom\u00f6opathie auf dem h\u00f6chsten Niveau hat den Kursen einen Vorsprung verliehen und dazu beigetragen, einen internationalen Ma\u00dfstab zu schaffen. Die Schule ist vollst\u00e4ndig von der <em>Society of Homeopaths<\/em> anerkannt.<\/p>\n<\/div>\n<div class=\"clear\"><\/div><\/div>\n<hr class=\"accent-border\" \/>\n<p>&nbsp;<\/p>\n<p>&nbsp;<\/p>\n","protected":false},"excerpt":{"rendered":"<p>Wir m\u00f6chten den folgenden Organisationen und Unternehmen danken, die das HRI \u2013 zus\u00e4tzlich zu unserem Hauptf\u00f6rderer Charles Wansbrough \u2013 finanziell unterst\u00fctzt haben. Dazu geh\u00f6ren: &nbsp; &nbsp;<\/p>\n","protected":false},"author":835,"featured_media":0,"parent":11641,"menu_order":0,"comment_status":"closed","ping_status":"closed","template":"","meta":{"footnotes":""},"class_list":["post-14324","page","type-page","status-publish","hentry"],"jetpack_sharing_enabled":true,"_links":{"self":[{"href":"https:\/\/www.hri-research.org\/de\/wp-json\/wp\/v2\/pages\/14324","targetHints":{"allow":["GET"]}}],"collection":[{"href":"https:\/\/www.hri-research.org\/de\/wp-json\/wp\/v2\/pages"}],"about":[{"href":"https:\/\/www.hri-research.org\/de\/wp-json\/wp\/v2\/types\/page"}],"author":[{"embeddable":true,"href":"https:\/\/www.hri-research.org\/de\/wp-json\/wp\/v2\/users\/835"}],"replies":[{"embeddable":true,"href":"https:\/\/www.hri-research.org\/de\/wp-json\/wp\/v2\/comments?post=14324"}],"version-history":[{"count":0,"href":"https:\/\/www.hri-research.org\/de\/wp-json\/wp\/v2\/pages\/14324\/revisions"}],"up":[{"embeddable":true,"href":"https:\/\/www.hri-research.org\/de\/wp-json\/wp\/v2\/pages\/11641"}],"wp:attachment":[{"href":"https:\/\/www.hri-research.org\/de\/wp-json\/wp\/v2\/media?parent=14324"}],"curies":[{"name":"wp","href":"https:\/\/api.w.org\/{rel}","templated":true}]}}