{"id":11677,"date":"2019-06-06T15:26:40","date_gmt":"2019-06-06T15:26:40","guid":{"rendered":"https:\/\/www.hri-research.org\/?page_id=11677\/"},"modified":"2022-02-07T14:00:38","modified_gmt":"2022-02-07T14:00:38","slug":"kontakt","status":"publish","type":"page","link":"https:\/\/www.hri-research.org\/de\/kontakt\/","title":{"rendered":"Kontakt"},"content":{"rendered":"<p><a style=\"line-height: 1.5em;\" href=\"mailto:presse@hri-research.org\">presse@hri-research.org<\/a><\/p>\n<p><span style=\"line-height: 1.5em;\">(+49) 0170 9917649<\/span><\/p>\n<div data-test='contact-form'\n\t\t\tid='contact-form-11677'\n\t\t\tclass='jetpack-contact-form-container '\n\t\t\tdata-wp-interactive='jetpack\/form' data-wp-context='{\"formId\":\"11677\",\"formHash\":\"e58f5dbe0584079f9e579cc9e6f18f6e40b9fd84\",\"showErrors\":false,\"errors\":[],\"fields\":[],\"isMultiStep\":false,\"useAjax\":true,\"submissionData\":null,\"formattedSubmissionData\":[],\"submissionSuccess\":false,\"submissionError\":null,\"elementId\":\"jp-form-e58f5dbe0584079f9e579cc9e6f18f6e40b9fd84\",\"isSingleInputForm\":false,\"isForcedHorizontal\":false}'\n\t\t\tdata-wp-watch--scroll-to-wrapper=\"callbacks.scrollToWrapper\"\n\t\t>\n<div class=\"contact-form-submission contact-form-ajax-submission\" data-wp-bind--aria-hidden=\"state.isSuccessMessageAriaHidden\" data-wp-class--submission-success=\"context.submissionSuccess\" id=\"contact-form-success-e58f5dbe0584079f9e579cc9e6f18f6e40b9fd84\" tabindex=\"-1\" aria-labelledby=\"contact-form-success-header-e58f5dbe0584079f9e579cc9e6f18f6e40b9fd84\"><p class=\"go-back-message\"><a class=\"link\" role=\"button\" tabindex=\"0\" data-wp-on--click=\"actions.goBack\" href=\"\/de\/wp-json\/wp\/v2\/pages\/11677\">\u2190 Back<\/a><\/p><h4 data-wp-bind--aria-hidden=\"state.isSuccessMessageAriaHidden\" id=\"contact-form-success-header-e58f5dbe0584079f9e579cc9e6f18f6e40b9fd84\">Deine Nachricht wurde gesendet<\/h4>\n\n<template data-wp-each--submission=\"context.formattedSubmissionData\">\n\t\t\t\t\t<div class=\"jetpack_forms_contact-form-success-summary\">\n\t\t\t\t\t\t<div class=\"field-name-wrapper\">\n\t\t\t\t\t\t\t<div class=\"field-type-icon\" data-wp-watch=\"callbacks.watchFieldTypeIcon\"><\/div>\n\t\t\t\t\t\t\t<div class=\"field-name\" data-wp-text=\"context.submission.label\" data-wp-bind--hidden=\"!context.submission.label\"><\/div>\n\t\t\t\t\t\t<\/div>\n\t\t\t\t\t\t<div class=\"field-value\" data-wp-text=\"context.submission.value\" data-wp-bind--hidden=\"!context.submission.showPlainValue\"><\/div>\n\t\t\t\t\t\t<a class=\"field-url\" data-wp-bind--href=\"context.submission.url\" data-wp-text=\"context.submission.value\" data-wp-bind--hidden=\"!context.submission.url\" target=\"_blank\" rel=\"noopener noreferrer\"><\/a>\n\t\t\t\t\t\t<div class=\"field-rating\" data-wp-bind--hidden=\"!context.submission.rating\" data-wp-watch=\"callbacks.watchRatingIcons\"><\/div>\n\t\t\t\t\t\t<div class=\"field-images\" data-wp-bind--hidden=\"!context.submission.images\">\n\t\t\t\t\t\t\t<template data-wp-each--image=\"context.submission.images\">\n\t\t\t\t\t\t\t\t<div class=\"field-image-option\" data-wp-class--is-empty=\"!context.image.src\">\n\t\t\t\t\t\t\t\t\t<figure class=\"field-image-option__image\" data-wp-class--is-empty=\"!context.image.src\">\n\t\t\t\t\t\t\t\t\t\t<img data-wp-bind--src=\"context.image.src\" data-wp-bind--hidden=\"!context.image.src\" \/>\n\t\t\t\t\t\t\t\t\t\t<img decoding=\"async\" src=\"data:image\/gif;base64,R0lGODlhAQABAAD\/ACwAAAAAAQABAAACADs=\" data-wp-bind--hidden=\"context.image.src\" \/>\n\t\t\t\t\t\t\t\t\t<\/figure>\n\t\t\t\t\t\t\t\t\t<div class=\"field-image-option__label-wrapper\">\n\t\t\t\t\t\t\t\t\t\t<span class=\"field-image-option__label-code\" data-wp-text=\"context.image.letterCode\"><\/span>\n\t\t\t\t\t\t\t\t\t\t<span class=\"field-image-option__label\" data-wp-text=\"context.image.label\" data-wp-bind--hidden=\"!context.image.label\"><\/span>\n\t\t\t\t\t\t\t\t\t<\/div>\n\t\t\t\t\t\t\t\t<\/div>\n\t\t\t\t\t\t\t<\/template>\n\t\t\t\t\t\t<\/div>\n\t\t\t\t\t\t<div class=\"field-files\" data-wp-bind--hidden=\"!context.submission.files\">\n\t\t\t\t\t\t\t<template data-wp-each--file=\"context.submission.files\">\n\t\t\t\t\t\t\t\t<div class=\"field-file\">\n\t\t\t\t\t\t\t\t\t<div class=\"field-file__thumbnail\" data-wp-style--background-image=\"context.file.previewUrl\" data-wp-style--mask-image=\"context.file.iconUrl\" data-wp-bind--hidden=\"!context.file.hasPreview\"><\/div>\n\t\t\t\t\t\t\t\t\t<svg class=\"field-file__icon\" data-wp-bind--hidden=\"context.file.hasPreview\" width=\"20\" height=\"20\" viewBox=\"0 0 24 24\" fill=\"none\" xmlns=\"http:\/\/www.w3.org\/2000\/svg\" aria-hidden=\"true\">\n\t\t\t\t\t\t\t\t\t\t<path d=\"M14 2H6C4.9 2 4 2.9 4 4V20C4 21.1 4.89 22 5.99 22H18C19.1 22 20 21.1 20 20V8L14 2ZM18 20H6V4H13V9H18V20Z\" fill=\"currentColor\"\/>\n\t\t\t\t\t\t\t\t\t<\/svg>\n\t\t\t\t\t\t\t\t\t<span class=\"field-file__name\" data-wp-text=\"context.file.name\"><\/span>\n\t\t\t\t\t\t\t\t\t<span class=\"field-file__size\" data-wp-text=\"context.file.size\"><\/span>\n\t\t\t\t\t\t\t\t<\/div>\n\t\t\t\t\t\t\t<\/template>\n\t\t\t\t\t\t<\/div>\n\t\t\t\t\t<\/div>\n\t\t\t\t<\/template><\/div><form action='https:\/\/www.hri-research.org\/de\/kontakt\/'\n\t\t\t\tid='jp-form-e58f5dbe0584079f9e579cc9e6f18f6e40b9fd84'\n\t\t\t\tmethod='post'\n\t\t\t\tclass='contact-form commentsblock jetpack-contact-form__form has-no-jetpack-form-layout' aria-label=\"Kontakt\"\n\t\t\t\tdata-wp-on--submit=\"actions.onFormSubmit\"\n\t\t\t\tdata-wp-on--reset=\"actions.onFormReset\"\n\t\t\t\tdata-wp-class--submission-success=\"context.submissionSuccess\"\n\t\t\t\tdata-wp-class--is-first-step=\"state.isFirstStep\"\n\t\t\t\tdata-wp-class--is-last-step=\"state.isLastStep\"\n\t\t\t\tdata-wp-class--is-ajax-form=\"context.useAjax\"\n\t\t\t\tnovalidate >\n<input type='hidden' name='jetpack_contact_form_jwt' value='eyJ0eXAiOiJKV1QiLCJhbGciOiJIUzI1NiJ9.eyJlbmNyeXB0ZWRfYXR0cmlidXRlcyI6IndMVzVkUXNPdmt3Qk05V2lYWDdzNEFYNkovN29uR3ppU2xLRHZOaUhQcXNqbGQ2ZHFxd0orZHROanpsL1F1cU9TUUg1eWhVWVNjRG4rYlFuakF1YkZ0TXorRUF0UC9CZVNhVUNJeG1GQ29jdkJXUzc5ZVBiUTQvRkNQOFZ5NXgvTFczemVndUV2WENrb2NrVE1ydzdVQitzSHdkdkZESElYWkIrRnUzNDMzZ0l6NFc3cHR4cXRMQU1ic08ycm9xaWc0cVV5RHZxNXhrK2NHMFpPbmQxczMyTFQ0bC81RGtQOTk5VnNXMGovVDByZlNlWjJXdGVJTnFibEQ1NHVHZCtoRW5nbHlub2tnNXFDWnN3U0gvVmpSMWpjVmNFamJJZVZabVc2U3hkUjkzMjBwRnBaUUdQUjlXOGwwcWtudW0rck82N3MzNldXblZpb3k1cVA5T3MycnFxYUplV010YStPbE5YM29ueUdvN2wxQU5aN0dmZkFQRmJNSWVQSUJUMHpqOTBya2haWHVoT0tobWVoYzc2c3EvUnNDbEdZUFAzdUNiZTVBcTlDNDVmMyt6TE84Vm5VMno2d2RQTGhmMC95VzAvbllaN3lJekdvVHBZMWYyYXZwcmZtY3BZVDl0dUJRL1BmazMySytPMnY2L1k4aEZncUc1aVF2S1ovUVkwaUlqei9zWjA1aUFyQk9xOGdBOFVUOGdES3FwYU10V3RFNFZudnlhSnV6VGdHc0Z5dm93QUlBUU9WdWd2WElZdjBBY0RUUHpvK2JrN1FpdnVpSGs0dTcyUzg1dFJQajYzMzl3Rkh6UEt5anJrR3I4TjRkZEFDai9YeURmZERISjVUWHMyK0pGcnRyb1BrVUtZZ1hYcUZNcUFPYzl2VDJJK1VCeGxINjYrNUxHek1GS2swQTNpalQvc0J1Tnpwb3hOSDNQYmZJaXVsQ25BcFZreFhVZFNjZkNNU1VzeUxTVWZza0V1Y3Y0bnRLYk5CZnhldE5NMFJFQmZ0b2VKc2tEYitmVzY3ckc4VmYxWWQrY21sczA1eWt5bGk5NjdDVXArR0sxUlEyaGpzRkdGak9EVllVMjZkSllpeUxpYzJ2RG5BWkhlMVZ3UFQ3ditrUDlVb0I2aUo0M2Z5T3RzSnJwTTJJMUNtMGx5Ym1tcGd5TVNtRitzdGlQSmR0ZTk1NmpJWjh4YXdxeGNiVVRCYnljVFdjWU1tdHpvUGZzOGhCWGw5ZUVleGc9PSIsImNvbnRlbnQiOiJbY29udGFjdC1maWVsZCBsYWJlbD1cIklociBOYW1lXCIgdHlwZT1cIm5hbWVcIiByZXF1aXJlZD1cIjFcIl1bY29udGFjdC1maWVsZCBsYWJlbD1cIklocmUgRS1NYWlsLUFkcmVzc2VcIiB0eXBlPVwiZW1haWxcIiByZXF1aXJlZD1cIjFcIl1bY29udGFjdC1maWVsZCBsYWJlbD1cIkJldHJlZmZcIiB0eXBlPVwidGV4dFwiXVtjb250YWN0LWZpZWxkIGxhYmVsPVwiSWhyZSBOYWNocmljaHRcIiB0eXBlPVwidGV4dGFyZWFcIiByZXF1aXJlZD1cIjFcIl0iLCJoYXNoIjoiZTU4ZjVkYmUwNTg0MDc5ZjllNTc5Y2M5ZTZmMThmNmU0MGI5ZmQ4NCIsInNvdXJjZSI6eyJlbnRyeV90aXRsZSI6IktvbnRha3QiLCJlbnRyeV9wYWdlIjoxLCJzb3VyY2VfaWQiOjExNjc3LCJzb3VyY2VfdHlwZSI6InNpbmdsZSIsInJlcXVlc3RfdXJsIjoiaHR0cHM6Ly93d3cuaHJpLXJlc2VhcmNoLm9yZy9kZS93cC1qc29uL3dwL3YyL3BhZ2VzLzExNjc3LyJ9LCJ2ZXJzaW9uIjoyLCJjaXBoZXIiOiJhZXMtMjU2LWdjbSJ9.RBB5xbLpMZtH-zbKaS9P3fk5d8l3Bp7XtUaZiev8DoI' \/>\n\n<div style=\"\"  data-wp-interactive=\"jetpack\/form\" data-wp-context='{\"fieldId\":\"g11677-ihrname\",\"fieldType\":\"name\",\"fieldLabel\":\"Ihr Name\",\"fieldValue\":\"\",\"fieldPlaceholder\":\"\",\"fieldIsRequired\":\"1\",\"fieldErrorMessage\":\"\",\"fieldExtra\":[],\"formHash\":\"e58f5dbe0584079f9e579cc9e6f18f6e40b9fd84\"}'  class='grunion-field-name-wrap grunion-field-wrap'  data-wp-init='callbacks.initializeField' data-wp-on--jetpack-form-reset='callbacks.initializeField' >\n<label\n\t\t\t\tfor='g11677-ihrname' class=\"grunion-field-label name\" >Ihr Name<span class=\"grunion-label-required\" aria-hidden=\"true\">(erforderlich)<\/span><\/label>\n<input\n\t\t\t\t\ttype='text'\n\t\t\t\t\tname='g11677-ihrname'\n\t\t\t\t\tid='g11677-ihrname'\n\t\t\t\t\tvalue=''\n\n\t\t\t\t\tdata-wp-bind--aria-invalid='state.fieldAriaInvalid'\n\t\t\t\t\tdata-wp-bind--value='state.getFieldValue'\n\t\t\t\t\taria-describedby='g11677-ihrname-text-error-message'\n\t\t\t\t\tdata-wp-on--input='actions.onFieldChange'\n\t\t\t\t\tdata-wp-on--blur='actions.onFieldBlur'\n\t\t\t\t\tdata-wp-class--has-value='state.hasFieldValue'\n\n\t\t\t\t\tclass='name  grunion-field' \n\t\t\t\t\trequired='true' aria-required='true'  \/>\n \n\t\t\t<div id=\"g11677-ihrname-text-error\" class=\"contact-form__input-error\" data-wp-class--has-errors=\"state.fieldHasErrors\">\n\t\t\t\t<span class=\"contact-form__warning-icon\" aria-hidden=\"true\">\n\t\t\t\t\t<svg width=\"16\" height=\"16\" viewBox=\"0 0 16 16\" fill=\"none\" xmlns=\"http:\/\/www.w3.org\/2000\/svg\">\n\t\t\t\t\t\t<path d=\"M8.50015 11.6402H7.50015V10.6402H8.50015V11.6402Z\" \/>\n\t\t\t\t\t\t<path d=\"M7.50015 9.64018H8.50015V6.30684H7.50015V9.64018Z\" \/>\n\t\t\t\t\t\t<path fill-rule=\"evenodd\" clip-rule=\"evenodd\" d=\"M6.98331 3.0947C7.42933 2.30177 8.57096 2.30177 9.01698 3.09469L13.8771 11.7349C14.3145 12.5126 13.7525 13.4735 12.8602 13.4735H3.14004C2.24774 13.4735 1.68575 12.5126 2.12321 11.7349L6.98331 3.0947ZM8.14541 3.58496C8.08169 3.47168 7.9186 3.47168 7.85488 3.58496L2.99478 12.2251C2.93229 12.3362 3.01257 12.4735 3.14004 12.4735H12.8602C12.9877 12.4735 13.068 12.3362 13.0055 12.2251L8.14541 3.58496Z\" \/>\n\t\t\t\t\t<\/svg>\n\t\t\t\t<\/span>\n\t\t\t\t<span data-wp-text=\"state.errorMessage\" id=\"g11677-ihrname-text-error-message\"><\/span>\n\t\t\t<\/div> \n\t<\/div>\n\n<div style=\"\"  data-wp-interactive=\"jetpack\/form\" data-wp-context='{\"fieldId\":\"g11677-ihreemailadresse\",\"fieldType\":\"email\",\"fieldLabel\":\"Ihre E-Mail-Adresse\",\"fieldValue\":\"\",\"fieldPlaceholder\":\"\",\"fieldIsRequired\":\"1\",\"fieldErrorMessage\":\"\",\"fieldExtra\":[],\"formHash\":\"e58f5dbe0584079f9e579cc9e6f18f6e40b9fd84\"}'  class='grunion-field-email-wrap grunion-field-wrap'  data-wp-init='callbacks.initializeField' data-wp-on--jetpack-form-reset='callbacks.initializeField' >\n<label\n\t\t\t\tfor='g11677-ihreemailadresse' class=\"grunion-field-label email\" >Ihre E-Mail-Adresse<span class=\"grunion-label-required\" aria-hidden=\"true\">(erforderlich)<\/span><\/label>\n<input\n\t\t\t\t\ttype='email'\n\t\t\t\t\tname='g11677-ihreemailadresse'\n\t\t\t\t\tid='g11677-ihreemailadresse'\n\t\t\t\t\tvalue=''\n\n\t\t\t\t\tdata-wp-bind--aria-invalid='state.fieldAriaInvalid'\n\t\t\t\t\tdata-wp-bind--value='state.getFieldValue'\n\t\t\t\t\taria-describedby='g11677-ihreemailadresse-email-error-message'\n\t\t\t\t\tdata-wp-on--input='actions.onFieldChange'\n\t\t\t\t\tdata-wp-on--blur='actions.onFieldBlur'\n\t\t\t\t\tdata-wp-class--has-value='state.hasFieldValue'\n\n\t\t\t\t\tclass='email  grunion-field' \n\t\t\t\t\trequired='true' aria-required='true'  \/>\n \n\t\t\t<div id=\"g11677-ihreemailadresse-email-error\" class=\"contact-form__input-error\" data-wp-class--has-errors=\"state.fieldHasErrors\">\n\t\t\t\t<span class=\"contact-form__warning-icon\" aria-hidden=\"true\">\n\t\t\t\t\t<svg width=\"16\" height=\"16\" viewBox=\"0 0 16 16\" fill=\"none\" xmlns=\"http:\/\/www.w3.org\/2000\/svg\">\n\t\t\t\t\t\t<path d=\"M8.50015 11.6402H7.50015V10.6402H8.50015V11.6402Z\" \/>\n\t\t\t\t\t\t<path d=\"M7.50015 9.64018H8.50015V6.30684H7.50015V9.64018Z\" \/>\n\t\t\t\t\t\t<path fill-rule=\"evenodd\" clip-rule=\"evenodd\" d=\"M6.98331 3.0947C7.42933 2.30177 8.57096 2.30177 9.01698 3.09469L13.8771 11.7349C14.3145 12.5126 13.7525 13.4735 12.8602 13.4735H3.14004C2.24774 13.4735 1.68575 12.5126 2.12321 11.7349L6.98331 3.0947ZM8.14541 3.58496C8.08169 3.47168 7.9186 3.47168 7.85488 3.58496L2.99478 12.2251C2.93229 12.3362 3.01257 12.4735 3.14004 12.4735H12.8602C12.9877 12.4735 13.068 12.3362 13.0055 12.2251L8.14541 3.58496Z\" \/>\n\t\t\t\t\t<\/svg>\n\t\t\t\t<\/span>\n\t\t\t\t<span data-wp-text=\"state.errorMessage\" id=\"g11677-ihreemailadresse-email-error-message\"><\/span>\n\t\t\t<\/div> \n\t<\/div>\n\n<div style=\"\"  data-wp-interactive=\"jetpack\/form\" data-wp-context='{\"fieldId\":\"g11677-betreff\",\"fieldType\":\"text\",\"fieldLabel\":\"Betreff\",\"fieldValue\":\"\",\"fieldPlaceholder\":\"\",\"fieldIsRequired\":\"\",\"fieldErrorMessage\":\"\",\"fieldExtra\":[],\"formHash\":\"e58f5dbe0584079f9e579cc9e6f18f6e40b9fd84\"}'  class='grunion-field-text-wrap grunion-field-wrap'  data-wp-init='callbacks.initializeField' data-wp-on--jetpack-form-reset='callbacks.initializeField' >\n<label\n\t\t\t\tfor='g11677-betreff' class=\"grunion-field-label text\" >Betreff<\/label>\n<input\n\t\t\t\t\ttype='text'\n\t\t\t\t\tname='g11677-betreff'\n\t\t\t\t\tid='g11677-betreff'\n\t\t\t\t\tvalue=''\n\n\t\t\t\t\tdata-wp-bind--aria-invalid='state.fieldAriaInvalid'\n\t\t\t\t\tdata-wp-bind--value='state.getFieldValue'\n\t\t\t\t\taria-describedby='g11677-betreff-text-error-message'\n\t\t\t\t\tdata-wp-on--input='actions.onFieldChange'\n\t\t\t\t\tdata-wp-on--blur='actions.onFieldBlur'\n\t\t\t\t\tdata-wp-class--has-value='state.hasFieldValue'\n\n\t\t\t\t\tclass='text  grunion-field' \n\t\t\t\t\t \/>\n \n\t\t\t<div id=\"g11677-betreff-text-error\" class=\"contact-form__input-error\" data-wp-class--has-errors=\"state.fieldHasErrors\">\n\t\t\t\t<span class=\"contact-form__warning-icon\" aria-hidden=\"true\">\n\t\t\t\t\t<svg width=\"16\" height=\"16\" viewBox=\"0 0 16 16\" fill=\"none\" xmlns=\"http:\/\/www.w3.org\/2000\/svg\">\n\t\t\t\t\t\t<path d=\"M8.50015 11.6402H7.50015V10.6402H8.50015V11.6402Z\" \/>\n\t\t\t\t\t\t<path d=\"M7.50015 9.64018H8.50015V6.30684H7.50015V9.64018Z\" \/>\n\t\t\t\t\t\t<path fill-rule=\"evenodd\" clip-rule=\"evenodd\" d=\"M6.98331 3.0947C7.42933 2.30177 8.57096 2.30177 9.01698 3.09469L13.8771 11.7349C14.3145 12.5126 13.7525 13.4735 12.8602 13.4735H3.14004C2.24774 13.4735 1.68575 12.5126 2.12321 11.7349L6.98331 3.0947ZM8.14541 3.58496C8.08169 3.47168 7.9186 3.47168 7.85488 3.58496L2.99478 12.2251C2.93229 12.3362 3.01257 12.4735 3.14004 12.4735H12.8602C12.9877 12.4735 13.068 12.3362 13.0055 12.2251L8.14541 3.58496Z\" \/>\n\t\t\t\t\t<\/svg>\n\t\t\t\t<\/span>\n\t\t\t\t<span data-wp-text=\"state.errorMessage\" id=\"g11677-betreff-text-error-message\"><\/span>\n\t\t\t<\/div> \n\t<\/div>\n\n<div style=\"\"  data-wp-interactive=\"jetpack\/form\" data-wp-context='{\"fieldId\":\"g11677-ihrenachricht\",\"fieldType\":\"textarea\",\"fieldLabel\":\"Ihre Nachricht\",\"fieldValue\":\"\",\"fieldPlaceholder\":\"\",\"fieldIsRequired\":\"1\",\"fieldErrorMessage\":\"\",\"fieldExtra\":[],\"formHash\":\"e58f5dbe0584079f9e579cc9e6f18f6e40b9fd84\"}'  class='grunion-field-textarea-wrap grunion-field-wrap'  data-wp-init='callbacks.initializeField' data-wp-on--jetpack-form-reset='callbacks.initializeField' >\n<label\n\t\t\t\tfor='contact-form-comment-g11677-ihrenachricht' class=\"grunion-field-label textarea\" >Ihre Nachricht<span class=\"grunion-label-required\" aria-hidden=\"true\">(erforderlich)<\/span><\/label>\n<textarea\n\t\t                style=''\n\t\t                name='g11677-ihrenachricht'\n\t\t                id='contact-form-comment-g11677-ihrenachricht'\n\t\t                rows='20'\n\t\t\t\t\t\tdata-wp-text='state.getFieldValue'\n\t\t\t\t\t\tdata-wp-on--input='actions.onFieldChange'\n\t\t\t\t\t\tdata-wp-on--blur='actions.onFieldBlur'\n\t\t\t\t\t\tdata-wp-class--has-value='state.hasFieldValue'\n\t\t\t\t\t\taria-describedby='g11677-ihrenachricht-textarea-error-message'\n\t\t\t\t\t\tdata-wp-bind--aria-invalid='state.fieldAriaInvalid'\n\t\t\t\t\t\tclass='textarea  grunion-field'  required aria-required='true'><\/textarea>\n \n\t\t\t<div id=\"g11677-ihrenachricht-textarea-error\" class=\"contact-form__input-error\" data-wp-class--has-errors=\"state.fieldHasErrors\">\n\t\t\t\t<span class=\"contact-form__warning-icon\" aria-hidden=\"true\">\n\t\t\t\t\t<svg width=\"16\" height=\"16\" viewBox=\"0 0 16 16\" fill=\"none\" xmlns=\"http:\/\/www.w3.org\/2000\/svg\">\n\t\t\t\t\t\t<path d=\"M8.50015 11.6402H7.50015V10.6402H8.50015V11.6402Z\" \/>\n\t\t\t\t\t\t<path d=\"M7.50015 9.64018H8.50015V6.30684H7.50015V9.64018Z\" \/>\n\t\t\t\t\t\t<path fill-rule=\"evenodd\" clip-rule=\"evenodd\" d=\"M6.98331 3.0947C7.42933 2.30177 8.57096 2.30177 9.01698 3.09469L13.8771 11.7349C14.3145 12.5126 13.7525 13.4735 12.8602 13.4735H3.14004C2.24774 13.4735 1.68575 12.5126 2.12321 11.7349L6.98331 3.0947ZM8.14541 3.58496C8.08169 3.47168 7.9186 3.47168 7.85488 3.58496L2.99478 12.2251C2.93229 12.3362 3.01257 12.4735 3.14004 12.4735H12.8602C12.9877 12.4735 13.068 12.3362 13.0055 12.2251L8.14541 3.58496Z\" \/>\n\t\t\t\t\t<\/svg>\n\t\t\t\t<\/span>\n\t\t\t\t<span data-wp-text=\"state.errorMessage\" id=\"g11677-ihrenachricht-textarea-error-message\"><\/span>\n\t\t\t<\/div>\n\t<\/div>\n\t<p class='contact-submit'>\n<div class=\"contact-form__error\" data-wp-class--show-errors=\"state.showFormErrors\"><span class=\"contact-form__warning-icon\" aria-hidden=\"true\"><i><\/i><\/span><span class=\"contact-form__error-message\" tabindex=\"-1\" data-wp-watch=\"callbacks.focusOnValidationError\" data-wp-text=\"state.getFormErrorMessage\"><\/span><ul aria-label=\"Form errors\">\n\t\t\t\t<template data-wp-each=\"state.getErrorList\" data-wp-key=\"context.item.id\">\n\t\t\t\t\t<li><a data-wp-bind--href=\"context.item.anchor\" data-wp-on--click=\"actions.scrollIntoView\" data-wp-text=\"context.item.label\"><\/a><\/li>\n\t\t\t\t<\/template>\n\t\t\t\t<\/ul><\/div><div class=\"contact-form__error\" data-wp-class--show-errors=\"state.showSubmissionError\" data-wp-text=\"context.submissionError\" tabindex=\"-1\" data-wp-watch=\"callbacks.focusOnSubmissionError\"><\/div>\t\t<button type='submit' class='pushbutton-wide'>Senden<\/button>\t\t<input type='hidden' name='contact-form-id' value='11677' \/>\n\t\t<input type='hidden' name='action' value='grunion-contact-form' \/>\n\t\t<input type='hidden' name='contact-form-hash' value='e58f5dbe0584079f9e579cc9e6f18f6e40b9fd84' \/>\n\t<\/p>\n<p style=\"display: none !important;\" class=\"akismet-fields-container\" data-prefix=\"ak_\"><label>&#916;<textarea name=\"ak_hp_textarea\" cols=\"45\" rows=\"8\" maxlength=\"100\"><\/textarea><\/label><input type=\"hidden\" id=\"ak_js_1\" name=\"ak_js\" value=\"191\"\/><script type=\"text\/javascript\">\n\/* <![CDATA[ *\/\ndocument.getElementById( \"ak_js_1\" ).setAttribute( \"value\", ( new Date() ).getTime() );\n\/* ]]> *\/\n<\/script>\n<\/p><\/form>\n<\/div>\n<p class=\"10ptText1After12pt\" style=\"margin-bottom: 6.0pt;\"><b><span lang=\"DE\">Informationen \u00fcber Hom\u00f6opathie und hom\u00f6opathische Behandlungen<\/span><\/b><\/p>\n<p class=\"10ptText1\"><span lang=\"DE\">Das HRI stellt keine Informationen zur Hom\u00f6opathie selbst, sondern vielmehr <b>\u00fcber die Hom\u00f6opathieforschung<\/b> zur Verf\u00fcgung. F\u00fcr Informationen zu anderen Hom\u00f6opathie-bezogenen Themen sowie f\u00fcr die Suche nach qualifizierten und registrierten Hom\u00f6opathen nutzen Sie bitte die folgenden Websites:<\/span><\/p>\n<p class=\"10ptText1\"><span lang=\"DE\"><a href=\"http:\/\/www.findahomeopath.org.uk\/\">4Homeopathy (UK)<\/a> \u2013 f\u00fcr das Vereinigte K\u00f6nigreich<br \/>\n<\/span><span lang=\"DE\">I<a href=\"http:\/\/www.homeopathy-ich.org\/\">nternational Council for Homeopathy<\/a> \u2013 f\u00fcr alle anderen L\u00e4nder.<\/span><\/p>\n<p><b><span lang=\"DE\">Eingetragene Anschrift (nur f\u00fcr Korrespondenz)<\/span><\/b><\/p>\n<p>Homeopathy Research Institute<br \/>\nInternational House<br \/>\n142 Cromwell Road<br \/>\nKensington<br \/>\nLondon SW7 4EF<br \/>\nUnited Kingdom<\/p>\n","protected":false},"excerpt":{"rendered":"<p>presse@hri-research.org (+49) 0170 9917649 Informationen \u00fcber Hom\u00f6opathie und hom\u00f6opathische Behandlungen Das HRI stellt keine Informationen zur Hom\u00f6opathie selbst, sondern vielmehr \u00fcber die Hom\u00f6opathieforschung zur Verf\u00fcgung. F\u00fcr Informationen zu anderen Hom\u00f6opathie-bezogenen Themen sowie f\u00fcr die Suche nach qualifizierten und registrierten Hom\u00f6opathen nutzen Sie bitte die folgenden Websites: 4Homeopathy (UK) \u2013 f\u00fcr das Vereinigte K\u00f6nigreich International Council [&hellip;]<\/p>\n","protected":false},"author":835,"featured_media":823,"parent":0,"menu_order":800,"comment_status":"closed","ping_status":"closed","template":"","meta":{"footnotes":""},"class_list":["post-11677","page","type-page","status-publish","has-post-thumbnail","hentry"],"jetpack_sharing_enabled":true,"_links":{"self":[{"href":"https:\/\/www.hri-research.org\/de\/wp-json\/wp\/v2\/pages\/11677","targetHints":{"allow":["GET"]}}],"collection":[{"href":"https:\/\/www.hri-research.org\/de\/wp-json\/wp\/v2\/pages"}],"about":[{"href":"https:\/\/www.hri-research.org\/de\/wp-json\/wp\/v2\/types\/page"}],"author":[{"embeddable":true,"href":"https:\/\/www.hri-research.org\/de\/wp-json\/wp\/v2\/users\/835"}],"replies":[{"embeddable":true,"href":"https:\/\/www.hri-research.org\/de\/wp-json\/wp\/v2\/comments?post=11677"}],"version-history":[{"count":0,"href":"https:\/\/www.hri-research.org\/de\/wp-json\/wp\/v2\/pages\/11677\/revisions"}],"wp:featuredmedia":[{"embeddable":true,"href":"https:\/\/www.hri-research.org\/de\/wp-json\/wp\/v2\/media\/823"}],"wp:attachment":[{"href":"https:\/\/www.hri-research.org\/de\/wp-json\/wp\/v2\/media?parent=11677"}],"curies":[{"name":"wp","href":"https:\/\/api.w.org\/{rel}","templated":true}]}}