{"id":11674,"date":"2019-06-06T15:22:11","date_gmt":"2019-06-06T15:22:11","guid":{"rendered":"https:\/\/www.hri-research.org\/?page_id=11674\/"},"modified":"2019-06-06T15:22:11","modified_gmt":"2019-06-06T15:22:11","slug":"organisationen","status":"publish","type":"page","link":"https:\/\/www.hri-research.org\/de\/was-ihre-finanzielle-unterstuetzung-bewirken-kann\/unsere-foerderer\/organisationen\/","title":{"rendered":"Organisationen"},"content":{"rendered":"<div class=\"icon-text-listing\">\n<div class=\"icon-text-listing-image\">\n<p><a href=\"http:\/\/www.living-homeopathy.com\/eng\/home.html\" target=\"_blank\" rel=\"noopener noreferrer\"><img loading=\"lazy\" decoding=\"async\" class=\"alignnone wp-image-2885\" src=\"https:\/\/www.hri-research.org\/wp-content\/uploads\/2014\/04\/logo-300x172.png\" alt=\"logo\" width=\"155\" height=\"89\" srcset=\"https:\/\/www.hri-research.org\/wp-content\/uploads\/2014\/04\/logo-300x172.png 300w, https:\/\/www.hri-research.org\/wp-content\/uploads\/2014\/04\/logo-98x56.png 98w, https:\/\/www.hri-research.org\/wp-content\/uploads\/2014\/04\/logo-198x113.png 198w, https:\/\/www.hri-research.org\/wp-content\/uploads\/2014\/04\/logo-158x90.png 158w, https:\/\/www.hri-research.org\/wp-content\/uploads\/2014\/04\/logo-160x91.png 160w, https:\/\/www.hri-research.org\/wp-content\/uploads\/2014\/04\/logo-520x298.png 520w, https:\/\/www.hri-research.org\/wp-content\/uploads\/2014\/04\/logo.png 780w\" sizes=\"auto, (max-width: 155px) 100vw, 155px\" \/><\/a><\/p>\n<\/div>\n<div class=\"icon-text-listing-text\">\n<p><a href=\"http:\/\/www.living-homeopathy.com\/eng\/home.html\"><strong>Living Homeopathy<\/strong><\/a> wurde 1984 von Prof. Aaron To Ka Lun mit dem Ziel gegr\u00fcndet, die klassische Hom\u00f6opathie zu f\u00f6rdern, das Konzept der ganzheitlichen Medizin verst\u00e4ndlich zu machen und Patienten den Weg hin zu neuer k\u00f6rperlicher, emotionaler und spiritueller Gesundheit zu weisen.<\/p>\n<\/div>\n<div class=\"clear\"><\/div><\/div>\n<hr class=\"accent-border\" \/>\n<div class=\"icon-text-listing\">\n<div class=\"icon-text-listing-image\">\n<p><a href=\"http:\/\/www.homeopathy-soh.org\" target=\"_blank\" rel=\"noopener noreferrer\"><img loading=\"lazy\" decoding=\"async\" class=\"alignleft wp-image-2213 \" src=\"https:\/\/www.hri-research.org\/wp-content\/uploads\/2014\/09\/Society-Homeopaths-29-Nov-13.png\" alt=\"Society Homeopaths 29 Nov 13\" width=\"149\" height=\"33\" srcset=\"https:\/\/www.hri-research.org\/wp-content\/uploads\/2014\/09\/Society-Homeopaths-29-Nov-13.png 315w, https:\/\/www.hri-research.org\/wp-content\/uploads\/2014\/09\/Society-Homeopaths-29-Nov-13-300x66.png 300w, https:\/\/www.hri-research.org\/wp-content\/uploads\/2014\/09\/Society-Homeopaths-29-Nov-13-98x21.png 98w, https:\/\/www.hri-research.org\/wp-content\/uploads\/2014\/09\/Society-Homeopaths-29-Nov-13-198x44.png 198w, https:\/\/www.hri-research.org\/wp-content\/uploads\/2014\/09\/Society-Homeopaths-29-Nov-13-158x35.png 158w, https:\/\/www.hri-research.org\/wp-content\/uploads\/2014\/09\/Society-Homeopaths-29-Nov-13-160x35.png 160w\" sizes=\"auto, (max-width: 149px) 100vw, 149px\" \/><\/a><\/p>\n<\/div>\n<div class=\"icon-text-listing-text\">\n<p>Die <a href=\"http:\/\/www.homeopathy-soh.org\/\"><strong>Society of Homeopaths<\/strong><\/a> wurde 1978 von einer kleinen Gruppe Hom\u00f6opathen gegr\u00fcndet, die sich leidenschaftlich f\u00fcr hohe Ausbildungs- und Praxisstandards im Bereich Hom\u00f6opathie einsetzten. Heute ist die <em>Society of Homeopaths<\/em> die gr\u00f6\u00dfte Registrierungsinstanz f\u00fcr ausgebildete<\/p>\n<\/div>\n<div class=\"clear\"><\/div><\/div>\n<hr class=\"accent-border\" \/>\n<div class=\"icon-text-listing\">\n<div class=\"icon-text-listing-image\">\n<p><a href=\"http:\/\/www.a-r-h.org\" target=\"_blank\" rel=\"noopener noreferrer\"><img loading=\"lazy\" decoding=\"async\" class=\"alignnone wp-image-3228\" src=\"https:\/\/www.hri-research.org\/wp-content\/uploads\/2014\/04\/ARH-logo-blue-300x103.png\" alt=\"ARH logo blue\" width=\"151\" height=\"52\" srcset=\"https:\/\/www.hri-research.org\/wp-content\/uploads\/2014\/04\/ARH-logo-blue-300x103.png 300w, https:\/\/www.hri-research.org\/wp-content\/uploads\/2014\/04\/ARH-logo-blue-98x33.png 98w, https:\/\/www.hri-research.org\/wp-content\/uploads\/2014\/04\/ARH-logo-blue-198x67.png 198w, https:\/\/www.hri-research.org\/wp-content\/uploads\/2014\/04\/ARH-logo-blue-158x54.png 158w, https:\/\/www.hri-research.org\/wp-content\/uploads\/2014\/04\/ARH-logo-blue-160x54.png 160w, https:\/\/www.hri-research.org\/wp-content\/uploads\/2014\/04\/ARH-logo-blue-520x178.png 520w, https:\/\/www.hri-research.org\/wp-content\/uploads\/2014\/04\/ARH-logo-blue.png 827w\" sizes=\"auto, (max-width: 151px) 100vw, 151px\" \/><\/a><\/p>\n<\/div>\n<div class=\"icon-text-listing-text\">\n<p>Die <a href=\"http:\/\/www.a-r-h.org\/\"><strong>Alliance of Registered Homeopaths (ARH)<\/strong><\/a> ist das gr\u00f6\u00dfte unabh\u00e4ngige und freiwillige Register f\u00fcr ausgebildete Hom\u00f6opathen im Vereinigten K\u00f6nigreich und unterst\u00fctzt diese in der Praxis, um Patienten auf diese Weise eine hochwertige Gesundheitsversorgung zu bieten.<\/p>\n<\/div>\n<div class=\"clear\"><\/div><\/div>\n","protected":false},"excerpt":{"rendered":"","protected":false},"author":835,"featured_media":0,"parent":11666,"menu_order":0,"comment_status":"closed","ping_status":"closed","template":"","meta":{"footnotes":""},"class_list":["post-11674","page","type-page","status-publish","hentry"],"jetpack_sharing_enabled":true,"_links":{"self":[{"href":"https:\/\/www.hri-research.org\/de\/wp-json\/wp\/v2\/pages\/11674","targetHints":{"allow":["GET"]}}],"collection":[{"href":"https:\/\/www.hri-research.org\/de\/wp-json\/wp\/v2\/pages"}],"about":[{"href":"https:\/\/www.hri-research.org\/de\/wp-json\/wp\/v2\/types\/page"}],"author":[{"embeddable":true,"href":"https:\/\/www.hri-research.org\/de\/wp-json\/wp\/v2\/users\/835"}],"replies":[{"embeddable":true,"href":"https:\/\/www.hri-research.org\/de\/wp-json\/wp\/v2\/comments?post=11674"}],"version-history":[{"count":0,"href":"https:\/\/www.hri-research.org\/de\/wp-json\/wp\/v2\/pages\/11674\/revisions"}],"up":[{"embeddable":true,"href":"https:\/\/www.hri-research.org\/de\/wp-json\/wp\/v2\/pages\/11666"}],"wp:attachment":[{"href":"https:\/\/www.hri-research.org\/de\/wp-json\/wp\/v2\/media?parent=11674"}],"curies":[{"name":"wp","href":"https:\/\/api.w.org\/{rel}","templated":true}]}}