{"id":11671,"date":"2019-06-06T15:15:44","date_gmt":"2019-06-06T15:15:44","guid":{"rendered":"https:\/\/www.hri-research.org\/?page_id=11671\/"},"modified":"2020-03-11T12:53:49","modified_gmt":"2020-03-11T12:53:49","slug":"akademie","status":"publish","type":"page","link":"https:\/\/www.hri-research.org\/de\/was-ihre-finanzielle-unterstuetzung-bewirken-kann\/unsere-foerderer\/akademie\/","title":{"rendered":"Akademie"},"content":{"rendered":"<div class=\"icon-text-listing\">\n<div class=\"icon-text-listing-image\">\n<p><a href=\"https:\/\/chehomeopathy.com\/\" target=\"_blank\" rel=\"noopener noreferrer\"><img loading=\"lazy\" decoding=\"async\" class=\"alignnone wp-image-586\" src=\"https:\/\/www.hri-research.org\/wp-content\/uploads\/2014\/04\/CHE-300x75.png\" alt=\"\" width=\"150\" height=\"38\" srcset=\"https:\/\/www.hri-research.org\/wp-content\/uploads\/2014\/04\/CHE-300x75.png 300w, https:\/\/www.hri-research.org\/wp-content\/uploads\/2014\/04\/CHE-98x24.png 98w, https:\/\/www.hri-research.org\/wp-content\/uploads\/2014\/04\/CHE-198x49.png 198w, https:\/\/www.hri-research.org\/wp-content\/uploads\/2014\/04\/CHE-158x39.png 158w, https:\/\/www.hri-research.org\/wp-content\/uploads\/2014\/04\/CHE.png 404w\" sizes=\"auto, (max-width: 150px) 100vw, 150px\" \/><\/a><\/p>\n<\/div>\n<div class=\"icon-text-listing-text\">\n<p>Das <a href=\"https:\/\/chehomeopathy.com\/\" target=\"_blank\" rel=\"noopener noreferrer\"><strong>Centre for Homeopathic Education (CHE)<\/strong><\/a> <span style=\"font-weight: 400;\">ist die gr\u00f6\u00dfte Hochschule f\u00fcr Hom\u00f6opathie im Vereinigten K\u00f6nigreich und bietet eine vollst\u00e4ndige Ausbildung in der Kunst und Wissenschaft der Hom\u00f6opathie. <\/span>Das CHE bietet Ihnen die einmalige Gelegenheit, sich in vielf\u00e4ltiger Weise in Hom\u00f6opathie ausbilden zu lassen.<\/p>\n<\/div>\n<div class=\"clear\"><\/div><\/div>\n<hr class=\"accent-border\" \/>\n<div class=\"icon-text-listing\">\n<div class=\"icon-text-listing-image\">\n<p><a href=\"http:\/\/www.homeopathyschool.com\/\" target=\"_blank\" rel=\"noopener noreferrer\"><img loading=\"lazy\" decoding=\"async\" class=\"alignnone wp-image-589\" src=\"https:\/\/www.hri-research.org\/wp-content\/uploads\/2014\/04\/SchoolofHomeopathy_logo-300x122.png\" alt=\"\" width=\"150\" height=\"61\" \/><\/a><\/p>\n<\/div>\n<div class=\"icon-text-listing-text\">\n<p><a href=\"http:\/\/www.homeopathyschool.com\/\" target=\"_blank\" rel=\"noopener noreferrer\"><strong>The School of Homeopathy<\/strong><\/a> wurde 1981 gegr\u00fcndet und z\u00e4hlt heute Studierende in mehr als 50\u00a0L\u00e4ndern. Angeboten wird ein umfassendes Studienprogramm mit nachweislicher Erfolgsgeschichte. Die Schule hat die Hom\u00f6opathie mit leidenschaftlichem Engagement auf ein sehr hohes Niveau gebracht und ihre Verbreitung vorangetrieben und so erstklassige, zukunftsweisende Kurse hervorgebracht und dazu beigetragen, einen internationalen Ma\u00dfstab zu setzen. Die Schule wurde von der <em>Society of Homeopaths<\/em> anerkannt.<\/p>\n<\/div>\n<div class=\"clear\"><\/div><\/div>\n<hr class=\"hri-admin-seperator\" \/>\n<p>&nbsp;<\/p>\n<p>&nbsp;<\/p>\n<p>&nbsp;<\/p>\n<p>&nbsp;<\/p>\n<p>&nbsp;<\/p>\n<p>&nbsp;<\/p>\n","protected":false},"excerpt":{"rendered":"<p>&nbsp; &nbsp; &nbsp; &nbsp; &nbsp; &nbsp;<\/p>\n","protected":false},"author":835,"featured_media":0,"parent":11666,"menu_order":0,"comment_status":"closed","ping_status":"closed","template":"","meta":{"footnotes":""},"class_list":["post-11671","page","type-page","status-publish","hentry"],"jetpack_sharing_enabled":true,"_links":{"self":[{"href":"https:\/\/www.hri-research.org\/de\/wp-json\/wp\/v2\/pages\/11671","targetHints":{"allow":["GET"]}}],"collection":[{"href":"https:\/\/www.hri-research.org\/de\/wp-json\/wp\/v2\/pages"}],"about":[{"href":"https:\/\/www.hri-research.org\/de\/wp-json\/wp\/v2\/types\/page"}],"author":[{"embeddable":true,"href":"https:\/\/www.hri-research.org\/de\/wp-json\/wp\/v2\/users\/835"}],"replies":[{"embeddable":true,"href":"https:\/\/www.hri-research.org\/de\/wp-json\/wp\/v2\/comments?post=11671"}],"version-history":[{"count":0,"href":"https:\/\/www.hri-research.org\/de\/wp-json\/wp\/v2\/pages\/11671\/revisions"}],"up":[{"embeddable":true,"href":"https:\/\/www.hri-research.org\/de\/wp-json\/wp\/v2\/pages\/11666"}],"wp:attachment":[{"href":"https:\/\/www.hri-research.org\/de\/wp-json\/wp\/v2\/media?parent=11671"}],"curies":[{"name":"wp","href":"https:\/\/api.w.org\/{rel}","templated":true}]}}