{"id":11646,"date":"2019-06-06T09:07:45","date_gmt":"2019-06-06T09:07:45","guid":{"rendered":"https:\/\/www.hri-research.org\/?page_id=11646\/"},"modified":"2019-07-04T22:06:46","modified_gmt":"2019-07-04T22:06:46","slug":"spenden-sie-fuer-ein-konkretes-forschungsprojekt","status":"publish","type":"page","link":"https:\/\/www.hri-research.org\/de\/was-ihre-finanzielle-unterstuetzung-bewirken-kann\/spenden-sie-fuer-ein-konkretes-forschungsprojekt\/","title":{"rendered":"Spenden Sie f\u00fcr ein konkretes Forschungsprojekt"},"content":{"rendered":"<p class=\"10ptText1After12pt\"><span lang=\"DE\">Das HRI hat derzeit zwei Projekte laufen, die weitere finanzielle Unterst\u00fctzung ben\u00f6tigen. Um konkret f\u00fcr eines dieser beiden Projekte zu spenden, klicken Sie bitte auf die folgenden Links:<\/span><\/p>\n<h3><em><strong>Genaue Informationen f\u00fcr Entscheidungstr\u00e4ger<\/strong><\/em><\/h3>\n<p><a href=\"https:\/\/www.hri-research.org\/de\/quellen\/die-homoopathie-debatte\/der-australische-bericht\/\">Anfechtung des Berichts des australischen NHMRC via Ombudsmann<\/a><br \/>\nRachel Roberts<\/p>\n<div class=\"button-wrapper\"><a href=\"https:\/\/www.hri-research.org\/de\/was-ihre-finanzielle-unterstuetzung-bewirken-kann\/spenden\/?project=nhmrc-ombudsman-challenge\">F\u00fcr dieses Projekt spenden<\/a><div class=\"clear\"><\/div><\/div>\n<hr \/>\n<h3><em>Wie wirken hom\u00f6opathische Arzneimittel?<\/em><\/h3>\n<p>Water Research Laboratory<br \/>\nDr. Alexander Tournier<\/p>\n<p class=\"no-margin\"><div class=\"button-wrapper\"><a href=\"https:\/\/www.hri-research.org\/de\/was-ihre-finanzielle-unterstuetzung-bewirken-kann\/spenden\/?project=water-research-laboratory\">F\u00fcr dieses Projekt spenden<\/a><div class=\"clear\"><\/div><\/div><\/p>\n<hr class=\"accent-border\" \/>\n<p class=\"10ptText1\"><span lang=\"DE\">Wenn Sie per Bank\u00fcberweisung oder Scheck spenden m\u00f6chten, geben Sie Ihr Wunschprojekt bitte an, indem Sie den Namen im jeweils dazugeh\u00f6rigen <a href=\"https:\/\/www.hri-research.org\/wp-content\/uploads\/2017\/10\/HRI-Donation-gift-aid-declaration.pdf\">Formular<\/a> hinzuf\u00fcgen.<\/span><\/p>\n","protected":false},"excerpt":{"rendered":"<p>Das HRI hat derzeit zwei Projekte laufen, die weitere finanzielle Unterst\u00fctzung ben\u00f6tigen. Um konkret f\u00fcr eines dieser beiden Projekte zu spenden, klicken Sie bitte auf die folgenden Links: Genaue Informationen f\u00fcr Entscheidungstr\u00e4ger Anfechtung des Berichts des australischen NHMRC via Ombudsmann Rachel Roberts Wie wirken hom\u00f6opathische Arzneimittel? Water Research Laboratory Dr. Alexander Tournier Wenn Sie per [&hellip;]<\/p>\n","protected":false},"author":835,"featured_media":0,"parent":11641,"menu_order":0,"comment_status":"closed","ping_status":"closed","template":"","meta":{"footnotes":""},"class_list":["post-11646","page","type-page","status-publish","hentry"],"jetpack_sharing_enabled":true,"_links":{"self":[{"href":"https:\/\/www.hri-research.org\/de\/wp-json\/wp\/v2\/pages\/11646","targetHints":{"allow":["GET"]}}],"collection":[{"href":"https:\/\/www.hri-research.org\/de\/wp-json\/wp\/v2\/pages"}],"about":[{"href":"https:\/\/www.hri-research.org\/de\/wp-json\/wp\/v2\/types\/page"}],"author":[{"embeddable":true,"href":"https:\/\/www.hri-research.org\/de\/wp-json\/wp\/v2\/users\/835"}],"replies":[{"embeddable":true,"href":"https:\/\/www.hri-research.org\/de\/wp-json\/wp\/v2\/comments?post=11646"}],"version-history":[{"count":0,"href":"https:\/\/www.hri-research.org\/de\/wp-json\/wp\/v2\/pages\/11646\/revisions"}],"up":[{"embeddable":true,"href":"https:\/\/www.hri-research.org\/de\/wp-json\/wp\/v2\/pages\/11641"}],"wp:attachment":[{"href":"https:\/\/www.hri-research.org\/de\/wp-json\/wp\/v2\/media?parent=11646"}],"curies":[{"name":"wp","href":"https:\/\/api.w.org\/{rel}","templated":true}]}}