{"id":11633,"date":"2019-06-05T10:27:43","date_gmt":"2019-06-05T10:27:43","guid":{"rendered":"https:\/\/www.hri-research.org\/?page_id=11633\/"},"modified":"2020-10-20T14:59:10","modified_gmt":"2020-10-20T14:59:10","slug":"foerderung","status":"publish","type":"page","link":"https:\/\/www.hri-research.org\/de\/einfuehrung\/foerderung\/","title":{"rendered":"F\u00f6rderung"},"content":{"rendered":"<h3 class=\"accent\">Wichtige Spender<\/h3>\n<p class=\"10ptText1After12pt\"><span lang=\"DE\">Das gesamte HRI-Team m\u00f6chte sich bei allen ehemaligen und gegenw\u00e4rtigen F\u00f6rderern f\u00fcr die finanzielle Unterst\u00fctzung bedanken<\/span><span lang=\"DE\">, die mit erheblichen F\u00f6rdermitteln zu den Aktivit\u00e4ten des HRI beigetragen haben. Ohne ihre Hilfe h\u00e4tten wir nicht das erreicht, was wir bisher erreicht haben und h\u00e4tten die Arbeit, die uns allen so sehr am Herzen liegt, nicht fortsetzen k\u00f6nnen.<\/span><\/p>\n<p>Unser Dank gilt insbesondere Herrn Charles Wansbrough, der pers\u00f6nlich f\u00fcr den Gro\u00dfteil der Finanzierung durch HRI verantwortlich ist.<\/p>\n<p><span style=\"font-size: 14px;\"><div class=\"profile\"><\/span><\/p>\n<div class=\"profile-headshot col-2 no-margin-left\">\n<p><a href=\"https:\/\/www.hri-research.org\/wp-content\/uploads\/2013\/11\/Charles_small.jpg\"><img loading=\"lazy\" decoding=\"async\" class=\"alignnone size-people_listing_headshot wp-image-131\" src=\"https:\/\/www.hri-research.org\/wp-content\/uploads\/2013\/11\/Charles_small-147x180.jpg\" alt=\"Charles\" width=\"98\" height=\"120\" srcset=\"https:\/\/www.hri-research.org\/wp-content\/uploads\/2013\/11\/Charles_small-147x180.jpg 147w, https:\/\/www.hri-research.org\/wp-content\/uploads\/2013\/11\/Charles_small-243x300.jpg 243w, https:\/\/www.hri-research.org\/wp-content\/uploads\/2013\/11\/Charles_small.jpg 400w\" sizes=\"auto, (max-width: 98px) 100vw, 98px\" \/><\/a><\/p>\n<\/div>\n<div class=\"profile-bio col-7 no-margin-right\">\n<h3>Charles Wansbrough<\/h3>\n<p>\u201eMich interessiert der wissenschaftliche Paradigmenwechsel, den die Hom\u00f6opathie mit sich bringen k\u00f6nnte. Wir vertrauen auf die moderne Medizin und Technologie, aber misstrauen der Hom\u00f6opathie, weil sie sich nicht an die aktuellen wissenschaftlichen Realit\u00e4tsmodelle h\u00e4lt. Um derart tief verwurzelte Vorurteile zu \u00fcberwinden, m\u00fcssen wir Institute f\u00f6rdern, die sich trauen, das weithin anerkannte naturwissenschaftliche Weltbild in Frage zu stellen und neue Modelle zu erschlie\u00dfen, die unser Verst\u00e4ndnis erweitern.<\/p>\n<p>Die Hom\u00f6opathie ist viel zu gut etabliert und wird viel zu sehr gesch\u00e4tzt, als dass sie vollst\u00e4ndig verbannt werden sollte. Aber solange der Wirkmechanismus hom\u00f6opathischer Arzneimittel nicht verstanden wird, wird die Hom\u00f6opathie weiter Kontroversen ausl\u00f6sen. Die Tatsache, dass es kein koh\u00e4rentes Modell gibt, mit dem sich die Wirkweise hom\u00f6opathischer Arzneimittel erkl\u00e4ren lasst, schr\u00e4nkt den Einfluss der Hom\u00f6opathie auf die Gesundheitssysteme weltweit ein \u2013 ungeachtet der beeindruckenden Perspektiven, die sie mit sich bringt, wie beispielsweise die Zusammenh\u00e4nge zwischen K\u00f6rper und Geist sowie neue Ideen bez\u00fcglich der Eigenschaften von Materie. Daher ist es unerl\u00e4sslich, dass wir Institute wie das HRI unterst\u00fctzen, die Wissenschaftler in ihrem Bestreben zur Beantwortung der Kernfrage <em>\u201eWie wirkt die Hom\u00f6opathie?\u201c<\/em> ermutigen.\u201c<\/p>\n<\/div>\n<div class=\"clear\"><\/div><\/div><\/p>\n<hr class=\"hri-admin-seperator\" \/>\n<div class=\"profile\">\n<div class=\"profile-headshot col-2 no-margin-left\">\n<p><a href=\"https:\/\/www.hri-research.org\/wp-content\/uploads\/2013\/11\/Lady-Holmes_small.jpg\"><img loading=\"lazy\" decoding=\"async\" class=\"alignnone size-people_listing_headshot wp-image-130\" src=\"https:\/\/www.hri-research.org\/wp-content\/uploads\/2013\/11\/Lady-Holmes_small-147x161.jpg\" alt=\"Lady Holmes\" width=\"98\" height=\"107\" srcset=\"https:\/\/www.hri-research.org\/wp-content\/uploads\/2013\/11\/Lady-Holmes_small-147x161.jpg 147w, https:\/\/www.hri-research.org\/wp-content\/uploads\/2013\/11\/Lady-Holmes_small-272x300.jpg 272w, https:\/\/www.hri-research.org\/wp-content\/uploads\/2013\/11\/Lady-Holmes_small.jpg 400w\" sizes=\"auto, (max-width: 98px) 100vw, 98px\" \/><\/a><\/p>\n<\/div>\n<div class=\"profile-bio col-7 no-margin-right\">\n<h3>Lady Mary Holmes<\/h3>\n<p class=\"10ptText1After12pt\"><span lang=\"DE\">\u201eNachdem ich erstmals im Alter von sechs oder sieben Jahren hom\u00f6opathisch behandelt wurde, bin ich mir der gro\u00dfen Vorteile dieses Therapiebereichs \u00e4u\u00dferst bewusst. In den letzten 30\u00a0Jahren gab es diverse Situationen, in denen ich unter gro\u00dfem Stress stand, der sich negativ auf meine Gesundheit allgemein und auf mein Wohlbefinden ausgewirkt hat. Die Hom\u00f6opathie war f\u00fcr mich von unsch\u00e4tzbarem Wert, da sie mir durch diese Phasen geholfen hat \u2013 ganz ohne Nebenwirkungen. Das ist einer der gro\u00dfen Vorteile der Hom\u00f6opathie: Die Arzneimittel sind mit keinerlei Nebenwirkungen verbunden, wirken aber dennoch da, wo sie wirken sollen. Ich bin inzwischen Mitte 70, f\u00fchre ein aktives Leben und profitiere noch immer in gro\u00dfem Ma\u00dfe von der Hom\u00f6opathie, die mir zu einer guten Gesundheit verhilft.\u201c<\/span><\/p>\n<\/div>\n<div class=\"clear\"><\/div><\/div>\n<hr class=\"hri-admin-seperator\" \/>\n<p>Informationen zu anderen finanziellen Unterst\u00fctzungsquellen von HRI finden Sie <a href=\"https:\/\/www.hri-research.org\/de\/was-ihre-finanzielle-unterstuetzung-bewirken-kann\/unterstuetzer\/\" target=\"_blank\" rel=\"noopener noreferrer\">hier<\/a>.<\/p>\n","protected":false},"excerpt":{"rendered":"<p>Wichtige Spender Das gesamte HRI-Team m\u00f6chte sich bei allen ehemaligen und gegenw\u00e4rtigen F\u00f6rderern f\u00fcr die finanzielle Unterst\u00fctzung bedanken, die mit erheblichen F\u00f6rdermitteln zu den Aktivit\u00e4ten des HRI beigetragen haben. Ohne ihre Hilfe h\u00e4tten wir nicht das erreicht, was wir bisher erreicht haben und h\u00e4tten die Arbeit, die uns allen so sehr am Herzen liegt, nicht [&hellip;]<\/p>\n","protected":false},"author":835,"featured_media":0,"parent":11602,"menu_order":0,"comment_status":"closed","ping_status":"closed","template":"","meta":{"footnotes":""},"class_list":["post-11633","page","type-page","status-publish","hentry"],"jetpack_sharing_enabled":true,"_links":{"self":[{"href":"https:\/\/www.hri-research.org\/de\/wp-json\/wp\/v2\/pages\/11633","targetHints":{"allow":["GET"]}}],"collection":[{"href":"https:\/\/www.hri-research.org\/de\/wp-json\/wp\/v2\/pages"}],"about":[{"href":"https:\/\/www.hri-research.org\/de\/wp-json\/wp\/v2\/types\/page"}],"author":[{"embeddable":true,"href":"https:\/\/www.hri-research.org\/de\/wp-json\/wp\/v2\/users\/835"}],"replies":[{"embeddable":true,"href":"https:\/\/www.hri-research.org\/de\/wp-json\/wp\/v2\/comments?post=11633"}],"version-history":[{"count":0,"href":"https:\/\/www.hri-research.org\/de\/wp-json\/wp\/v2\/pages\/11633\/revisions"}],"up":[{"embeddable":true,"href":"https:\/\/www.hri-research.org\/de\/wp-json\/wp\/v2\/pages\/11602"}],"wp:attachment":[{"href":"https:\/\/www.hri-research.org\/de\/wp-json\/wp\/v2\/media?parent=11633"}],"curies":[{"name":"wp","href":"https:\/\/api.w.org\/{rel}","templated":true}]}}