{"id":11629,"date":"2019-06-05T09:50:36","date_gmt":"2019-06-05T09:50:36","guid":{"rendered":"https:\/\/www.hri-research.org\/?page_id=11629\/"},"modified":"2026-01-12T13:09:27","modified_gmt":"2026-01-12T13:09:27","slug":"leitung-mitarbeiter","status":"publish","type":"page","link":"https:\/\/www.hri-research.org\/de\/einfuehrung\/leitung-mitarbeiter\/","title":{"rendered":"Leitung &#038; Mitarbeiter"},"content":{"rendered":"<p class=\"10ptText1After12pt\"><span lang=\"DE\">Mit seinem Know-how in den Bereichen Forschung, Management, Mittelbeschaffung, Verfahrensweisen, usw. hat sich unser Team der Forschung im Bereich der hom\u00f6opathischen Medizin verschrieben.<\/span><\/p>\n<div class=\"profile\">\n<div class=\"profile-headshot col-2 no-margin-left\">\n<p><img loading=\"lazy\" decoding=\"async\" class=\"alignnone size-people_listing_headshot wp-image-8998\" src=\"https:\/\/www.hri-research.org\/wp-content\/uploads\/2017\/09\/atournier-1-98x115.jpg\" alt=\"\" width=\"98\" height=\"115\" srcset=\"https:\/\/www.hri-research.org\/wp-content\/uploads\/2017\/09\/atournier-1-98x115.jpg 98w, https:\/\/www.hri-research.org\/wp-content\/uploads\/2017\/09\/atournier-1-158x186.jpg 158w, https:\/\/www.hri-research.org\/wp-content\/uploads\/2017\/09\/atournier-1.jpg 160w\" sizes=\"auto, (max-width: 98px) 100vw, 98px\" \/><\/p>\n<\/div>\n<div class=\"profile-bio col-7 no-margin-right\">\n<h3>Dr. Alexander Tournier <span class=\"smaller\">BSc DIC MASt Cantab PhD LCHE RSHom<\/span><\/h3>\n<p><strong><span lang=\"DE\">Generaldirektor<\/span><\/strong><\/p>\n<p>Alex schloss sein Physikstudium am <em>Imperial College London<\/em> (Gro\u00dfbritannien) mit Auszeichnung ab. Ferner besitzt er einen Master-Abschluss in <em>Advanced Study in Theoretical Physics, Part\u00a0III<\/em> (Weiterf\u00fchrende Studien der theoretischen Physik, Teil\u00a0III) der <em>University of Cambridge <\/em>(Gro\u00dfbritannien). Er promovierte mit einer Dissertation \u00fcber die Biophysik von Wasser-Protein-Wechselwirkungen an der Universit\u00e4t Heidelberg. Zudem absolvierte Dr. Tournier eine Ausbildung in Hom\u00f6opathie am <em>Centre for Homeopathic Education<\/em> in London und ist zugelassener Hom\u00f6opath.<\/p>\n<p>Bei der Wohlt\u00e4tigkeitsorganisation <em>Cancer\u00a0Research\u00a0UK<\/em> (dem f\u00fcnftgr\u00f6\u00dften Institut f\u00fcr Molekularbiologie weltweit) betrieb Dr. Tournier zehn Jahre lang\u00a0 interdisziplin\u00e4re Forschung an der Schnittstelle zwischen Mathematik, Physik und Biologie . Im Jahr 2007 gr\u00fcndete Dr. Tournier das Homeopathy Research Institute (HRI). Dr. Tournier zog 2021 in die Schweiz, um seine Grundlagenforschung als wissenschaftlicher Mitarbeiter am Institut f\u00fcr Komplement\u00e4re und Integrative Medizin (IKIM) der Universit\u00e4t Bern fortzusetzen.<\/p>\n<\/div>\n<div class=\"clear\"><\/div><\/div>\n<hr class=\"hri-admin-seperator\" \/>\n<div class=\"profile\">\n<div class=\"profile-headshot col-2 no-margin-left\">\n<p><img loading=\"lazy\" decoding=\"async\" class=\"alignnone wp-image-24308 size-people_listing_headshot\" src=\"https:\/\/www.hri-research.org\/wp-content\/uploads\/2022\/09\/rachel-roberts_sep22-187-98x147.jpg\" alt=\"\" width=\"98\" height=\"147\" srcset=\"https:\/\/www.hri-research.org\/wp-content\/uploads\/2022\/09\/rachel-roberts_sep22-187-98x147.jpg 98w, https:\/\/www.hri-research.org\/wp-content\/uploads\/2022\/09\/rachel-roberts_sep22-187-200x300.jpg 200w, https:\/\/www.hri-research.org\/wp-content\/uploads\/2022\/09\/rachel-roberts_sep22-187-683x1024.jpg 683w, https:\/\/www.hri-research.org\/wp-content\/uploads\/2022\/09\/rachel-roberts_sep22-187-768x1152.jpg 768w, https:\/\/www.hri-research.org\/wp-content\/uploads\/2022\/09\/rachel-roberts_sep22-187-1024x1536.jpg 1024w, https:\/\/www.hri-research.org\/wp-content\/uploads\/2022\/09\/rachel-roberts_sep22-187-1366x2048.jpg 1366w, https:\/\/www.hri-research.org\/wp-content\/uploads\/2022\/09\/rachel-roberts_sep22-187-198x297.jpg 198w, https:\/\/www.hri-research.org\/wp-content\/uploads\/2022\/09\/rachel-roberts_sep22-187-158x237.jpg 158w, https:\/\/www.hri-research.org\/wp-content\/uploads\/2022\/09\/rachel-roberts_sep22-187-160x240.jpg 160w, https:\/\/www.hri-research.org\/wp-content\/uploads\/2022\/09\/rachel-roberts_sep22-187-520x780.jpg 520w, https:\/\/www.hri-research.org\/wp-content\/uploads\/2022\/09\/rachel-roberts_sep22-187-scaled.jpg 1707w\" sizes=\"auto, (max-width: 98px) 100vw, 98px\" \/><\/p>\n<\/div>\n<div class=\"profile-bio col-7 no-margin-right\">\n<h3>Rachel Roberts <span class=\"smaller\">BSc(Hons) MCH FSHom FFHom(Hon)<\/span><\/h3>\n<p><strong><span lang=\"DE\">Hauptgesch\u00e4ftsf\u00fchrerin<\/span><\/strong><\/p>\n<p>Rachel schloss ihr Studium der Biowissenschaften mit Schwerpunkt Physiologie an der <em>University of Birmingham<\/em> (Gro\u00dfbritannien) mit Pr\u00e4dikatsexamen ab. Zus\u00e4tzlich schloss sie 1997 ein Studium am <em>College of Homeopathy<\/em> in London ab und war anschlie\u00dfend bis 2012 als Hom\u00f6opathin in einer Privatpraxis t\u00e4tig. Rachel lehrte Hom\u00f6opathie und Medizinwissenschaft an diversen Hochschulen im und au\u00dferhalb des Vereinigten K\u00f6nigreichs. Von 2008 bis 2012 war sie au\u00dferdem als wissenschaftliche Referentin f\u00fcr die britische <em>Society of Homeopaths<\/em> t\u00e4tig und wurde 2013 mit einem <em>Honorary Fellowship<\/em> f\u00fcr ihren herausragenden Beitrag zur Hom\u00f6opathie ausgezeichnet. 2010 fing Rachel beim HRI an, zuerst in Teilzeit, inzwischen arbeitet sie in Vollzeit. 2018 erhielt Rachel von der britischen <em>Faculty of Homeopathy<\/em> ein <em>Honorary Fellowship<\/em> f\u00fcr ihre hoch angesehene Arbeit im Bereich der Hom\u00f6opathieforschung.<\/p>\n<p><span style=\"line-height: 1.5em;\"><\/div><\/span><\/p>\n<div class=\"clear\"><\/div><\/div>\n<hr class=\"hri-admin-seperator\" \/>\n<div class=\"profile\">\n<div class=\"profile-headshot col-2 no-margin-left\">\n<p><img loading=\"lazy\" decoding=\"async\" class=\"alignnone wp-image-31723 size-people_listing_headshot\" src=\"https:\/\/www.hri-research.org\/wp-content\/uploads\/2024\/04\/EvdW-2024-98x213.jpg\" alt=\"\" width=\"98\" height=\"213\" srcset=\"https:\/\/www.hri-research.org\/wp-content\/uploads\/2024\/04\/EvdW-2024-98x213.jpg 98w, https:\/\/www.hri-research.org\/wp-content\/uploads\/2024\/04\/EvdW-2024-138x300.jpg 138w, https:\/\/www.hri-research.org\/wp-content\/uploads\/2024\/04\/EvdW-2024-472x1024.jpg 472w, https:\/\/www.hri-research.org\/wp-content\/uploads\/2024\/04\/EvdW-2024-768x1665.jpg 768w, https:\/\/www.hri-research.org\/wp-content\/uploads\/2024\/04\/EvdW-2024-708x1536.jpg 708w, https:\/\/www.hri-research.org\/wp-content\/uploads\/2024\/04\/EvdW-2024-944x2048.jpg 944w, https:\/\/www.hri-research.org\/wp-content\/uploads\/2024\/04\/EvdW-2024-198x429.jpg 198w, https:\/\/www.hri-research.org\/wp-content\/uploads\/2024\/04\/EvdW-2024-158x343.jpg 158w, https:\/\/www.hri-research.org\/wp-content\/uploads\/2024\/04\/EvdW-2024-160x347.jpg 160w, https:\/\/www.hri-research.org\/wp-content\/uploads\/2024\/04\/EvdW-2024-461x999.jpg 461w, https:\/\/www.hri-research.org\/wp-content\/uploads\/2024\/04\/EvdW-2024-scaled.jpg 1181w\" sizes=\"auto, (max-width: 98px) 100vw, 98px\" \/><\/p>\n<\/div>\n<div class=\"profile-bio col-7 no-margin-right\">\n<h3>Dr. Esther van der Werf\u00a0<span style=\"font-size: 14px; font-weight: 400;\">PhD<\/span><span style=\"font-size: 14px; font-weight: 400;\">\u00a0<\/span><span style=\"font-size: 14px; font-weight: 400;\">MSc DIP IACH<\/span><\/h3>\n<p><strong>Leiterin der klinischen Forschung<\/strong><\/p>\n<p>Esther van der Werf hat einen MSc in Epidemiologie und einen MSc in Gesundheitspolitik und Management von der Erasmus-Universit\u00e4t Rotterdam in den Niederlanden. Im Jahr 2006 promovierte sie an der Erasmus-Universit\u00e4t Rotterdam \u00fcber Epidemiologie und die Harnwege. Esther ist ausgebildete klassische Hom\u00f6opathin und wurde an der Internationalen Akademie f\u00fcr Klassische Hom\u00f6opathie (Professor George Vithoulkas, Griechenland) in Hom\u00f6opathie ausgebildet.<\/p>\n<p>Sie verf\u00fcgt \u00fcber mehr als 20 Jahre Erfahrung in der klinischen Forschung und im Projektmanagement und arbeitete anschlie\u00dfend als Epidemiologin an der <em>University of Medical Centre<\/em> Utrecht und der <em>University of Applied Sciences<\/em> Leiden in den Niederlanden. 2015 wechselte Esther zum <em>Centre of Academic Primary Care<\/em> der <em>University of Bristol<\/em>, in Gro\u00dfbritannien, um ihre Forschung im Bereich Integrative Medizin und Infektionskrankheiten fortzusetzen. Von August 2018 bis August 2019 initiierte und leitete sie die Forschungsgruppe f\u00fcr Integrative Medizin an der <em>School of Medicine<\/em> der <em>Taylor&#8217;s University<\/em>, Kuala Lumpur, Malaysia, gefolgt von zwei Jahren als Leiterin der Forschungsabteilung f\u00fcr Integrative Medizin am <em>Louis Bolk Institute<\/em> in den Niederlanden.<\/p>\n<\/div>\n<div class=\"clear\"><\/div><\/div>\n<hr class=\"hri-admin-seperator\" \/>\n<div class=\"profile\">\n<div class=\"profile-headshot col-2 no-margin-left\">\n<p><img loading=\"lazy\" decoding=\"async\" class=\"alignnone wp-image-38784 size-people_listing_headshot\" src=\"https:\/\/www.hri-research.org\/wp-content\/uploads\/2025\/09\/Aurore-Inchauspe-98x148.jpg\" alt=\"\" width=\"98\" height=\"148\" srcset=\"https:\/\/www.hri-research.org\/wp-content\/uploads\/2025\/09\/Aurore-Inchauspe-98x148.jpg 98w, https:\/\/www.hri-research.org\/wp-content\/uploads\/2025\/09\/Aurore-Inchauspe-199x300.jpg 199w, https:\/\/www.hri-research.org\/wp-content\/uploads\/2025\/09\/Aurore-Inchauspe-678x1024.jpg 678w, https:\/\/www.hri-research.org\/wp-content\/uploads\/2025\/09\/Aurore-Inchauspe-768x1161.jpg 768w, https:\/\/www.hri-research.org\/wp-content\/uploads\/2025\/09\/Aurore-Inchauspe-1016x1536.jpg 1016w, https:\/\/www.hri-research.org\/wp-content\/uploads\/2025\/09\/Aurore-Inchauspe-1355x2048.jpg 1355w, https:\/\/www.hri-research.org\/wp-content\/uploads\/2025\/09\/Aurore-Inchauspe-198x299.jpg 198w, https:\/\/www.hri-research.org\/wp-content\/uploads\/2025\/09\/Aurore-Inchauspe-158x239.jpg 158w, https:\/\/www.hri-research.org\/wp-content\/uploads\/2025\/09\/Aurore-Inchauspe-160x242.jpg 160w, https:\/\/www.hri-research.org\/wp-content\/uploads\/2025\/09\/Aurore-Inchauspe-520x786.jpg 520w, https:\/\/www.hri-research.org\/wp-content\/uploads\/2025\/09\/Aurore-Inchauspe.jpg 1616w\" sizes=\"auto, (max-width: 98px) 100vw, 98px\" \/><\/p>\n<\/div>\n<div class=\"profile-bio col-7 no-margin-right\">\n<h3>Dr Aurore Inchauspe <span class=\"smaller\">PhD<\/span><\/h3>\n<p><strong>Senior Wissenschaftliche Mitarbeiterin<\/strong><\/p>\n<p>Aurore hat einen Doktortitel in Molekularbiologie von der Universit\u00e4t Lyon, Frankreich, und einen Master-Abschluss in Betriebswirtschaft und Kommunikation. Sie hat an wissenschaftlichen und medizinischen Projekten gearbeitet, die pr\u00e4klinische, klinische und regulatorische Studien umfassen, mit besonderer Expertise in den Bereichen Immunologie, Mikrobiologie, Virologie und wissenschaftliche Kommunikation. Ihre Arbeit verbindet die kritische Analyse wissenschaftlicher Literatur mit ausgepr\u00e4gten F\u00e4higkeiten in der Wissenschaftskommunikation und unterst\u00fctzt sowohl die Forschung als auch die Verbreitung wissenschaftlicher Erkenntnisse.<\/p>\n<\/div>\n<div class=\"clear\"><\/div><\/div>\n<hr class=\"hri-admin-seperator\" \/>\n<div class=\"profile\">\n<div class=\"profile-headshot col-2 no-margin-left\">\n<p><img loading=\"lazy\" decoding=\"async\" class=\"alignnone size-full wp-image-19248\" src=\"https:\/\/www.hri-research.org\/wp-content\/uploads\/2024\/01\/Fleur-Kortekaas-1.jpg\" alt=\"\" width=\"98\" height=\"153\" \/><\/div>\n<div class=\"profile-bio col-7 no-margin-right\">\n<h3>Fleur Kortekaas <span class=\"smaller\">MSc<\/span><\/h3>\n<p><strong>Wissenschaftliche Mitarbeiterin<br \/>\n<\/strong><\/p>\n<p>Fleur Kortekaas, MSC (1968 Minneapolis) hat einen Hintergrund in Komplement\u00e4r- und Integrativmedizin, Verlagswesen, Bildung und Forschung. Sie studierte evidenzbasierte Praxis am Institut f\u00fcr klinische Epidemiologie der Universit\u00e4t Amsterdam. Zuvor studierte sie Hom\u00f6opathie, Ern\u00e4hrung, Naturheilkunde, Phytotherapie und Traditionelle Chinesische Medizin an der Akademie f\u00fcr Naturheilkunde und Hom\u00f6opathie in den Niederlanden.<\/p>\n<p>Sie war an der Verbreitung wissenschaftlicher Erkenntnisse und der Entwicklung von Lehrpl\u00e4nen f\u00fcr die CIM-Wissenschaftsausbildung an verschiedenen CIM-Hochschulen beteiligt. F\u00fcr Fachkr\u00e4fte im Bereich der Komplement\u00e4rmedizin bietet sie Kurse zur Forschungskompetenz an. Sie ist wissenschaftliche Beraterin f\u00fcr Berufsverb\u00e4nde und Chefredakteurin von zwei f\u00fchrenden niederl\u00e4ndischen Fachzeitschriften f\u00fcr Naturheilkunde.<\/p>\n<\/div>\n<div class=\"clear\"><\/div><\/div>\n<hr class=\"hri-admin-seperator\" \/>\n<div class=\"profile\">\n<div class=\"profile-headshot col-2 no-margin-left\">\n<p><img loading=\"lazy\" decoding=\"async\" class=\"alignnone size-full wp-image-30629\" src=\"https:\/\/www.hri-research.org\/wp-content\/uploads\/2024\/01\/Armelle-Demmers.jpg\" alt=\"\" width=\"98\" height=\"139\" \/><\/div>\n<div class=\"profile-bio col-7 no-margin-right\">\n<h3><strong>Armelle Demmers <\/strong><span class=\"smaller\">MSc<\/span><\/h3>\n<p><strong>Wissenschaftliche Mitarbeiterin<br \/>\n<\/strong><\/p>\n<p>Armelle hat einen Master of Science in klinischer Epidemiologie und studierte evidenzbasierte Medizin an der Universit\u00e4t Amsterdam. Sie ist Vorstandsmitglied der RBCZ, einer Registrierungsstelle f\u00fcr hochqualifizierte Heilpraktiker in den Niederlanden. Im Rahmen ihrer T\u00e4tigkeit bei der RBCZ leitet sie au\u00dferdem eine Forschungsgruppe und betreut eine Reihe von Forschungsprojekten. Armelle ist Mitglied der Redaktion und wissenschaftliche Autorin einer niederl\u00e4ndischen Fachzeitschrift. Armelle verf\u00fcgt \u00fcber 30 Jahre Erfahrung auf dem Gebiet der Integrativen Medizin. Nach einer Ausbildung in Naturheilkunde und Hom\u00f6opathie f\u00fchrte sie ihre eigene hom\u00f6opathische Praxis. Seitdem arbeitet sie seit mehreren Jahren als Produktspezialistin f\u00fcr renommierte Marken, die Nahrungserg\u00e4nzungsmittel, Phytotherapie und hom\u00f6opathische Mittel herstellen.<\/p>\n<\/div>\n<div class=\"clear\"><\/div><\/div>\n<hr class=\"hri-admin-seperator\" \/>\n<div class=\"profile\">\n<div class=\"profile-headshot col-2 no-margin-left\">\n<p><img loading=\"lazy\" decoding=\"async\" class=\"alignnone wp-image-30646 size-full\" src=\"https:\/\/www.hri-research.org\/wp-content\/uploads\/2024\/01\/Chris-Connolly.jpg\" alt=\"\" width=\"98\" height=\"139\" \/><\/div>\n<div class=\"profile-bio col-7 no-margin-right\">\n<h3>Chris Connolly\u00a0<span class=\"smaller\">BA Hons<\/span><\/h3>\n<p><strong>Kommunikationsmanager<br \/>\n<\/strong><\/p>\n<p>Chris hat einen Abschluss in Betriebswirtschaft und Marketing von der Sheffield Hallam University. Er arbeitete f\u00fcnf Jahre lang bei der British Homeopathic Association, der Faculty of Homeopathy und dem European Committee for Homeopathy, wo er f\u00fcr die digitale Kommunikation und den digitalen Betrieb zust\u00e4ndig war. Dar\u00fcber hinaus war er als freiberuflicher Website-Manager und Content-Autor t\u00e4tig, bevor er 2017 eine Vollzeitstelle bei HRI antrat.<\/p>\n<\/div>\n<div class=\"clear\"><\/div><\/div>\n<hr class=\"hri-admin-seperator\" \/>\n<div class=\"profile\">\n<div class=\"profile-headshot col-2 no-margin-left\">\n<p><img loading=\"lazy\" decoding=\"async\" class=\"alignnone wp-image-38797 size-people_listing_headshot\" src=\"https:\/\/www.hri-research.org\/wp-content\/uploads\/2025\/09\/AmyT-e1756824183132-98x116.png\" alt=\"\" width=\"98\" height=\"116\" srcset=\"https:\/\/www.hri-research.org\/wp-content\/uploads\/2025\/09\/AmyT-e1756824183132-98x116.png 98w, https:\/\/www.hri-research.org\/wp-content\/uploads\/2025\/09\/AmyT-e1756824183132-254x300.png 254w, https:\/\/www.hri-research.org\/wp-content\/uploads\/2025\/09\/AmyT-e1756824183132-198x234.png 198w, https:\/\/www.hri-research.org\/wp-content\/uploads\/2025\/09\/AmyT-e1756824183132-158x186.png 158w, https:\/\/www.hri-research.org\/wp-content\/uploads\/2025\/09\/AmyT-e1756824183132-160x189.png 160w, https:\/\/www.hri-research.org\/wp-content\/uploads\/2025\/09\/AmyT-e1756824183132.png 434w\" sizes=\"auto, (max-width: 98px) 100vw, 98px\" \/><\/div>\n<div class=\"profile-bio col-7 no-margin-right\">\n<h3>Amy Taylor <span class=\"smaller\">BA Hons<\/span><\/h3>\n<p><strong>Kommunikationsassistentin<br \/>\n<\/strong><\/p>\n<p>Amy schloss ihr Studium an der Bournemouth University im Jahr 2025 mit einem Abschluss in Medien und Kommunikation ab. Nachdem sie zuvor bei Ocado gearbeitet hatte, kam Amy im Mai 2025 zu HRI und unterst\u00fctzt seitdem die Kommunikationsarbeit der Wohlt\u00e4tigkeitsorganisation.<\/p>\n<\/div>\n<div class=\"clear\"><\/div><\/div>\n<hr class=\"hri-admin-seperator\" \/>\n<p>&nbsp;<\/p>\n<div class=\"profile\">\n<div class=\"profile-headshot col-2 no-margin-left\">\n<p><img loading=\"lazy\" decoding=\"async\" class=\"alignnone size-full wp-image-11555\" src=\"https:\/\/www.hri-research.org\/wp-content\/uploads\/2019\/05\/Amy-House.jpg\" alt=\"\" width=\"97\" height=\"97\" \/><\/div>\n<div class=\"profile-bio col-7 no-margin-right\">\n<h3>Amy Hurlstone <span class=\"smaller\">BSc (HOns) Psych, LCHE<\/span><\/h3>\n<p><strong>Eventmanager<\/strong><\/p>\n<p>Amy kam 2018 als Veranstaltungsreferentin zum HRI. <span lang=\"DE\">Sie kann auf 13 Jahre Erfahrung im Bereich Veranstaltungsorganisation in F\u00fchrungspositionen blicken. Dar\u00fcber hinaus schloss sie 2011 ihre Ausbildung zur Hom\u00f6opathin am Centre for Homeopathic Education (CHE) in London (Gro\u00dfbritannien) <\/span><i><span lang=\"DE\">ab. <\/span><\/i><\/div>\n<div class=\"clear\"><\/div><\/div>\n<hr class=\"hri-admin-seperator\" \/>\n<h3>Berater<\/h3>\n<p>Neben dem wissenschaftlichen Beirat kooperiert das HRI auch mit Akademikern weltweit, die bei Bedarf auf Beraterbasis fachlichen Input zu diversen Themen der Hom\u00f6opathieforschung liefern.<\/p>\n<hr class=\"hri-admin-seperator\" \/>\n","protected":false},"excerpt":{"rendered":"<p>Mit seinem Know-how in den Bereichen Forschung, Management, Mittelbeschaffung, Verfahrensweisen, usw. hat sich unser Team der Forschung im Bereich der hom\u00f6opathischen Medizin verschrieben. &nbsp; Berater Neben dem wissenschaftlichen Beirat kooperiert das HRI auch mit Akademikern weltweit, die bei Bedarf auf Beraterbasis fachlichen Input zu diversen Themen der Hom\u00f6opathieforschung liefern.<\/p>\n","protected":false},"author":835,"featured_media":0,"parent":11602,"menu_order":0,"comment_status":"closed","ping_status":"closed","template":"","meta":{"footnotes":""},"class_list":["post-11629","page","type-page","status-publish","hentry"],"jetpack_sharing_enabled":true,"_links":{"self":[{"href":"https:\/\/www.hri-research.org\/de\/wp-json\/wp\/v2\/pages\/11629","targetHints":{"allow":["GET"]}}],"collection":[{"href":"https:\/\/www.hri-research.org\/de\/wp-json\/wp\/v2\/pages"}],"about":[{"href":"https:\/\/www.hri-research.org\/de\/wp-json\/wp\/v2\/types\/page"}],"author":[{"embeddable":true,"href":"https:\/\/www.hri-research.org\/de\/wp-json\/wp\/v2\/users\/835"}],"replies":[{"embeddable":true,"href":"https:\/\/www.hri-research.org\/de\/wp-json\/wp\/v2\/comments?post=11629"}],"version-history":[{"count":0,"href":"https:\/\/www.hri-research.org\/de\/wp-json\/wp\/v2\/pages\/11629\/revisions"}],"up":[{"embeddable":true,"href":"https:\/\/www.hri-research.org\/de\/wp-json\/wp\/v2\/pages\/11602"}],"wp:attachment":[{"href":"https:\/\/www.hri-research.org\/de\/wp-json\/wp\/v2\/media?parent=11629"}],"curies":[{"name":"wp","href":"https:\/\/api.w.org\/{rel}","templated":true}]}}