{"id":11621,"date":"2019-06-03T14:48:28","date_gmt":"2019-06-03T14:48:28","guid":{"rendered":"https:\/\/www.hri-research.org\/?page_id=11621\/"},"modified":"2023-04-28T17:15:19","modified_gmt":"2023-04-28T17:15:19","slug":"wissenschaftlicher-beirat","status":"publish","type":"page","link":"https:\/\/www.hri-research.org\/de\/einfuehrung\/wissenschaftlicher-beirat\/","title":{"rendered":"Wissenschaftlicher Beirat"},"content":{"rendered":"<p class=\"10ptText1After12pt\"><span lang=\"DE\">Der wissenschaftliche Beirat des HRI (<i>Scientific Advisory Committee<\/i>) besteht aus einem Team unabh\u00e4ngiger, weltweit f\u00fchrender Forschungsexperten auf den Gebieten der Hom\u00f6opathie und Alternativmedizin. Er liefert dem HRI die wissenschaftlich fundierte Grundlage, die f\u00fcr unsere Arbeit unerl\u00e4sslich ist.<\/span><\/p>\n<p class=\"10ptText1After12pt\"><span lang=\"DE\">Die Mitglieder des wissenschaftlichen Beirats werden auf Grundlage ihres konkreten Know-hows als unabh\u00e4ngige wissenschaftliche Experten ausgew\u00e4hlt. Einzelpersonen sind verpflichtet, alle Interessenkonflikte offenzulegen.<\/span><\/p>\n<p class=\"10ptText1After12pt\"><span lang=\"DE\">Neben der Beratung des HRI in wissenschaftlichen Angelegenheiten sind die Mitglieder des wissenschaftlichen Beirats f\u00fcr ein gr\u00fcndliches Peer-Review-Verfahren zust\u00e4ndig, anhand dessen alle eingehenden Protokolle \u00fcberpr\u00fcft werden. Auf diese Weise k\u00f6nnen wir Zuwendungen vertrauensvoll den vielversprechendsten Projekten zukommen lassen, die bei uns eingereicht werden.<\/span><\/p>\n<p>Der Beirat st\u00e4rkt das HRI bei seinem Unterfangen, Forschung auf hohem Niveau voranzutreiben und die internationale Wissenschaftsgemeinschaft immer besser zu vernetzen.<\/p>\n<h3>M<span lang=\"DE\">itglieder des wissenschaftlichen Beirats<\/span><\/h3>\n<div class=\"profile\">\n<div class=\"profile-headshot col-2 no-margin-left\">\n<p><a href=\"https:\/\/www.hri-research.org\/wp-content\/uploads\/2013\/11\/Stephan-Baumgartner_small.jpg\"><img loading=\"lazy\" decoding=\"async\" class=\"alignnone size-people_listing_headshot wp-image-136\" src=\"https:\/\/www.hri-research.org\/wp-content\/uploads\/2013\/11\/Stephan-Baumgartner_small-147x174.jpg\" alt=\"Stephan Baumgartner\" width=\"98\" height=\"116\" srcset=\"https:\/\/www.hri-research.org\/wp-content\/uploads\/2013\/11\/Stephan-Baumgartner_small-147x174.jpg 147w, https:\/\/www.hri-research.org\/wp-content\/uploads\/2013\/11\/Stephan-Baumgartner_small-252x300.jpg 252w, https:\/\/www.hri-research.org\/wp-content\/uploads\/2013\/11\/Stephan-Baumgartner_small.jpg 400w\" sizes=\"auto, (max-width: 98px) 100vw, 98px\" \/><\/a><\/p>\n<\/div>\n<div class=\"profile-bio col-7 no-margin-right\">\n<h3>Dr. Stephan Baumgartner <span class=\"smaller\">PhD<\/span><\/h3>\n<p><strong>Dozent am Institut f\u00fcr Komplement\u00e4re und Integrative Medizin (IKIM) der Universit\u00e4t von Bern und leitender Forscher des Vereins f\u00fcr Krebsforschung im schweizerischen Arlesheim.<\/strong><p><a href=\"#\" class=\"expand-content\" id=\"69f1ee853ed9d\"><span class=\"expand-content-more\">Mehr<\/span><span class=\"expand-content-less\">Weniger<\/span><\/a><\/p><div class=\"collapse-content\" id=\"panel-69f1ee853ed9d\">\n<p class=\"10ptText1After12pt\"><span lang=\"DE\">Dr. Baumgartner studierte an der Universit\u00e4t Basel Physik, Mathematik und Astronomie und promovierte anschlie\u00dfend in Umweltnaturwissenschaften an der ETH Z\u00fcrich. Sein Interesse gilt der Grundlagenforschung im Bereich Hom\u00f6opathie mit dem Schwerpunktbereich Potenzierungsverfahren (Bioassays und physikalisch-chemische Untersuchungen). Dr. Baumgartner ist Gr\u00fcndungsmitglied der <i>International Society of Complementary Medicine Research<\/i>, Gr\u00fcnder der <i>Potentisation Research Group<\/i> und Mitglied der GIRI-Gesellschaft <i>(Groupe International de Recherche sur I\u2019Infinit\u00e9simal \u2013 International Research Group on Very Low Dose and High Dilution Effects)<\/i>. Derzeit ist er als Dozent am Institut f\u00fcr Komplement\u00e4re und Integrative Medizin (IKIM) der Universit\u00e4t von Bern sowie als leitender Forscher des Vereins f\u00fcr Krebsforschung in Arlesheim (Schweiz) t\u00e4tig.<\/span><\/p>\n<\/div><!-- de -->\n<\/div>\n<div class=\"clear\"><\/div><\/div>\n<hr class=\"hri-admin-seperator\" \/>\n<div class=\"profile\">\n<div class=\"profile-headshot col-2 no-margin-left\">\n<p><a href=\"https:\/\/www.hri-research.org\/wp-content\/uploads\/2013\/11\/Iris-Bell.jpg\"><img loading=\"lazy\" decoding=\"async\" class=\"alignnone size-people_listing_headshot wp-image-139\" src=\"https:\/\/www.hri-research.org\/wp-content\/uploads\/2013\/11\/Iris-Bell-147x196.jpg\" alt=\"Iris Bell\" width=\"98\" height=\"130\" srcset=\"https:\/\/www.hri-research.org\/wp-content\/uploads\/2013\/11\/Iris-Bell-147x196.jpg 147w, https:\/\/www.hri-research.org\/wp-content\/uploads\/2013\/11\/Iris-Bell.jpg 150w\" sizes=\"auto, (max-width: 98px) 100vw, 98px\" \/><\/a><\/p>\n<\/div>\n<div class=\"profile-bio col-7 no-margin-right\">\n<h3>Prof. Dr. Iris Bell <span class=\"smaller\">MD PhD<\/span><\/h3>\n<p class=\"10ptText1After12pt\"><strong><span lang=\"DE\">Professorin der Abteilung f\u00fcr Familien- und Gemeinschaftsmedizin an der medizinischen Fakult\u00e4t der <i>University of Arizona<\/i> in Tucson (USA <\/span><\/strong><p><a href=\"#\" class=\"expand-content\" id=\"69f1ee853ee2d\"><span class=\"expand-content-more\">Mehr<\/span><span class=\"expand-content-less\">Weniger<\/span><\/a><\/p><div class=\"collapse-content\" id=\"panel-69f1ee853ee2d\">\n<p class=\"10ptText1After12pt\"><span lang=\"DE\">Dr. Bell ist seit mehr als 30\u00a0Jahren in den USA als Forscherin in der Alternativ- und Ganzheitsmedizin t\u00e4tig. Sie war an den Fakult\u00e4ten der <i>Harvard University<\/i>, <i>University of California, San Francisco<\/i> und der <i>University of Arizona<\/i> besch\u00e4ftigt. Dr. Bell ist zugelassene Psychiaterin, Fellow des <i>American College of Nutrition<\/i>, besitzt eine nationale Zulassung f\u00fcr den Bereich Biofeedback und ist im US-Bundesstaat Arizona f\u00fcr Hom\u00f6opathie und integrierte Medizin zugelassen. Sie hat Abhandlungen und Buchkapitel zu ihren klinischen Forschungsarbeiten, eine Monografie \u00fcber Umwelterkrankungen sowie B\u00fccher f\u00fcr Patienten mit Angstst\u00f6rungen und chronischen Erkrankungen ver\u00f6ffentlicht.<\/span><\/p>\n<\/div><!-- de -->\n<\/div>\n<div class=\"clear\"><\/div><\/div>\n<hr class=\"hri-admin-seperator\" \/>\n<div class=\"profile\">\n<div class=\"profile-headshot col-2 no-margin-left\">\n<p><a href=\"https:\/\/www.hri-research.org\/wp-content\/uploads\/2013\/11\/PaoloBellavite.png\"><img loading=\"lazy\" decoding=\"async\" class=\"alignnone wp-image-3824 size-people_listing_headshot\" src=\"https:\/\/www.hri-research.org\/wp-content\/uploads\/2013\/11\/PaoloBellavite-98x121.png\" alt=\"Prof Paolo Bellavite\" width=\"98\" height=\"121\" srcset=\"https:\/\/www.hri-research.org\/wp-content\/uploads\/2013\/11\/PaoloBellavite-98x121.png 98w, https:\/\/www.hri-research.org\/wp-content\/uploads\/2013\/11\/PaoloBellavite-244x300.png 244w, https:\/\/www.hri-research.org\/wp-content\/uploads\/2013\/11\/PaoloBellavite-198x244.png 198w, https:\/\/www.hri-research.org\/wp-content\/uploads\/2013\/11\/PaoloBellavite-158x195.png 158w, https:\/\/www.hri-research.org\/wp-content\/uploads\/2013\/11\/PaoloBellavite-160x197.png 160w, https:\/\/www.hri-research.org\/wp-content\/uploads\/2013\/11\/PaoloBellavite.png 255w\" sizes=\"auto, (max-width: 98px) 100vw, 98px\" \/><\/a><\/p>\n<\/div>\n<div class=\"profile-bio col-7 no-margin-right\">\n<h3><strong>Prof. Dr. Paolo Bellavite<\/strong><\/h3>\n<p class=\"10ptText1After12pt\"><strong><span lang=\"DE\">Professor f\u00fcr allgemeine Pathologie an der medizinischen Fakult\u00e4t der Universit\u00e4t Verona (Italien) <\/span><\/strong><p><a href=\"#\" class=\"expand-content\" id=\"69f1ee853eea0\"><span class=\"expand-content-more\">Mehr<\/span><span class=\"expand-content-less\">Weniger<\/span><\/a><\/p><div class=\"collapse-content\" id=\"panel-69f1ee853eea0\">\n<p>Dr. Bellavite ist Arzt, Lehrer und Forscher und hat sich auf klinische und laborbasierte H\u00e4matologie spezialisiert. Die Forschungsschwerpunkte von Dr. Bellavites Gruppe konzentrieren sich auf die molekularen und zellul\u00e4ren Aspekte von Entz\u00fcndungen, insbesondere im Hinblick auf Struktur, Biochemie und Funktion (normal und pathologisch) von Granulozyten (Neutrophilen und Basophilen), Makrophagen und Thrombozyten. Er entwickelte zahlreiche Mikromethoden im klinischen Labor entwickelt, die zur Untersuchung der Pathophysiologie und Pharmakologie von Blutzellen und freien Radikalen dienen. Ferner betrieb Dr. Bellavite wissenschaftliche Forschung im Zusammenhang mit komplement\u00e4ren Therapieans\u00e4tzen und insbesondere mit hohen Verd\u00fcnnungen von Agonisten und Medikamenten in Zell- und Mausmodellen.<\/p>\n<\/div><!-- de -->\n<\/div>\n<div class=\"clear\"><\/div><\/div>\n<hr class=\"hri-admin-seperator\" \/>\n<div class=\"profile\">\n<div class=\"profile-headshot col-2 no-margin-left\">\n<p><a href=\"https:\/\/www.hri-research.org\/wp-content\/uploads\/2013\/11\/d912f4ff6cad76e75d_l_6a785.jpg\"><img loading=\"lazy\" decoding=\"async\" class=\"alignnone wp-image-3837 size-people_listing_headshot\" src=\"https:\/\/www.hri-research.org\/wp-content\/uploads\/2013\/11\/d912f4ff6cad76e75d_l_6a785-98x98.jpg\" alt=\"d912f4ff6cad76e75d_l_6a785\" width=\"98\" height=\"98\" srcset=\"https:\/\/www.hri-research.org\/wp-content\/uploads\/2013\/11\/d912f4ff6cad76e75d_l_6a785-98x98.jpg 98w, https:\/\/www.hri-research.org\/wp-content\/uploads\/2013\/11\/d912f4ff6cad76e75d_l_6a785-150x150.jpg 150w, https:\/\/www.hri-research.org\/wp-content\/uploads\/2013\/11\/d912f4ff6cad76e75d_l_6a785-158x158.jpg 158w, https:\/\/www.hri-research.org\/wp-content\/uploads\/2013\/11\/d912f4ff6cad76e75d_l_6a785-160x160.jpg 160w, https:\/\/www.hri-research.org\/wp-content\/uploads\/2013\/11\/d912f4ff6cad76e75d_l_6a785.jpg 179w\" sizes=\"auto, (max-width: 98px) 100vw, 98px\" \/><\/a><\/p>\n<\/div>\n<div class=\"profile-bio col-7 no-margin-right\">\n<h3>Prof. Dr. Christian Endler<\/h3>\n<p class=\"10ptText1After12pt\"><strong><span lang=\"DE\">Leiter und wissenschaftlicher Vorstand des Interuniversit\u00e4ren Kollegs f\u00fcr Gesundheit und Entwicklung in Graz (\u00d6sterreich) <\/span><\/strong><p><a href=\"#\" class=\"expand-content\" id=\"69f1ee853ef06\"><span class=\"expand-content-more\">Mehr<\/span><span class=\"expand-content-less\">Weniger<\/span><\/a><\/p><div class=\"collapse-content\" id=\"panel-69f1ee853ef06\">\n<p>Zu Prof. Endlers Forschungsinteressen geh\u00f6ren die Entwicklung des Amphibienmodells f\u00fcr die <em>In-vitro<\/em>-Untersuchung der Wirkung ultrahoher Verd\u00fcnnungen. Er ist Vorstandsmitglied der GIRI-Gesellschaft <em>(Groupe International de Recherche sur I\u2019Infinit\u00e9simal \u2013 International Research Group on Very Low Dose and High Dilution Effects)<\/em>.<\/p>\n<\/div><!-- de -->\n<\/div>\n<div class=\"clear\"><\/div><\/div>\n<hr class=\"hri-admin-seperator\" \/>\n<div class=\"profile\">\n<div class=\"profile-headshot col-2 no-margin-left\">\n<p><a href=\"https:\/\/www.hri-research.org\/wp-content\/uploads\/2013\/11\/JenniferJacobs-sqr.jpeg\"><img loading=\"lazy\" decoding=\"async\" class=\"alignnone wp-image-3820 size-people_listing_headshot\" src=\"https:\/\/www.hri-research.org\/wp-content\/uploads\/2013\/11\/JenniferJacobs-sqr-98x98.jpeg\" alt=\"Prof Jennifer Jacobs\" width=\"98\" height=\"98\" srcset=\"https:\/\/www.hri-research.org\/wp-content\/uploads\/2013\/11\/JenniferJacobs-sqr-98x98.jpeg 98w, https:\/\/www.hri-research.org\/wp-content\/uploads\/2013\/11\/JenniferJacobs-sqr-150x150.jpeg 150w, https:\/\/www.hri-research.org\/wp-content\/uploads\/2013\/11\/JenniferJacobs-sqr-300x300.jpeg 300w, https:\/\/www.hri-research.org\/wp-content\/uploads\/2013\/11\/JenniferJacobs-sqr-198x198.jpeg 198w, https:\/\/www.hri-research.org\/wp-content\/uploads\/2013\/11\/JenniferJacobs-sqr-158x158.jpeg 158w, https:\/\/www.hri-research.org\/wp-content\/uploads\/2013\/11\/JenniferJacobs-sqr-160x160.jpeg 160w, https:\/\/www.hri-research.org\/wp-content\/uploads\/2013\/11\/JenniferJacobs-sqr-520x521.jpeg 520w, https:\/\/www.hri-research.org\/wp-content\/uploads\/2013\/11\/JenniferJacobs-sqr.jpeg 744w\" sizes=\"auto, (max-width: 98px) 100vw, 98px\" \/><\/a><\/p>\n<\/div>\n<div class=\"profile-bio col-7 no-margin-right\">\n<h3>Dr. Jennifer Jacobs <span class=\"smaller\">MD, MPH<\/span><\/h3>\n<p><strong>Klinische Gastprofessorin f\u00fcr Epidemiologie an der <em>School of Public Health and Community Medicine<\/em> der <em>University of Washington <\/em>(USA).<\/strong><p><a href=\"#\" class=\"expand-content\" id=\"69f1ee853efba\"><span class=\"expand-content-more\">Mehr<\/span><span class=\"expand-content-less\">Weniger<\/span><\/a><\/p><div class=\"collapse-content\" id=\"panel-69f1ee853efba\">\n<p>Prof. Jacobs erwarb den Doktor der Medizin (MD) an der <em>Wayne State University (<\/em>USA) sowie einen Master in <em>Public Health<\/em> (Gesundheitswesen) an der <em>University of Washington <\/em>(USA). Sie war Vorsitzende des <em>American Institute of Homeopathy<\/em>, ist Mitbegr\u00fcnderin der Interessenvertretung <em>Complementary and Alternative Health Practices<\/em> der <em>American Public Health Association<\/em> und war Fachbeiratsmitglied der amerikanischen Regierungsbeh\u00f6rde <em>National Center for Complementary and Integrative Health<\/em>. Dar\u00fcber hinaus hat Prof. Jacobs zahlreiche Forschungsstudien zur Hom\u00f6opathie in medizinischen Peer-Review-Fachzeitschriften ver\u00f6ffentlicht. Obwohl sie sich inzwischen aus der medizinischen Praxis zur\u00fcckgezogen hat, ist Prof. Jacobs nach wie vor als Beraterin f\u00fcr die klinische Forschung rund um die Hom\u00f6opathie t\u00e4tig.<\/p>\n<\/div><!-- de -->\n<\/div>\n<div class=\"clear\"><\/div><\/div>\n<hr class=\"hri-admin-seperator\" \/>\n<div class=\"profile\">\n<div class=\"profile-headshot col-2 no-margin-left\">\n<p><a href=\"https:\/\/www.hri-research.org\/wp-content\/uploads\/2013\/11\/Robert-Mathie_small.jpg\"><img loading=\"lazy\" decoding=\"async\" class=\"alignnone size-people_listing_headshot wp-image-151\" src=\"https:\/\/www.hri-research.org\/wp-content\/uploads\/2013\/11\/Robert-Mathie_small-147x184.jpg\" alt=\"Robert Mathie\" width=\"98\" height=\"122\" srcset=\"https:\/\/www.hri-research.org\/wp-content\/uploads\/2013\/11\/Robert-Mathie_small-147x184.jpg 147w, https:\/\/www.hri-research.org\/wp-content\/uploads\/2013\/11\/Robert-Mathie_small-239x300.jpg 239w, https:\/\/www.hri-research.org\/wp-content\/uploads\/2013\/11\/Robert-Mathie_small.jpg 322w\" sizes=\"auto, (max-width: 98px) 100vw, 98px\" \/><\/a><\/p>\n<\/div>\n<div class=\"profile-bio col-7 no-margin-right\">\n<h3>Dr. Robert Mathie <span class=\"smaller\">BSc PhD<\/span><\/h3>\n<p><strong>Forschungsberater\u00a0<\/strong><p><a href=\"#\" class=\"expand-content\" id=\"69f1ee853f05e\"><span class=\"expand-content-more\">Mehr<\/span><span class=\"expand-content-less\">Weniger<\/span><\/a><\/p><div class=\"collapse-content\" id=\"panel-69f1ee853f05e\">\n<p>Dr. Mathie studierte Physiologie an der <em>University of Glasgow<\/em> (Gro\u00dfbritannien). Nach Erwerb seines PhD wurde er leitender Dozent der chirurgischen Abteilung der <em>Royal Postgraduate Medical School<\/em> in London. Im Laufe seiner 25-j\u00e4hrigen Karriere im universit\u00e4ren Umfeld ver\u00f6ffentlichte Dr. Mathie etwa 80 Peer-Review-Abhandlungen und verfasste zahlreiche \u00dcbersichtsartikel und Buchkapitel. Bevor er dem HRI als Forschungsberater beitrat, war Dr. Mathie als Berater f\u00fcr Forschungsentwicklung bei der <em>British Homeopathic Association<\/em> und der britischen <em>Faculty of Homeopathy<\/em> t\u00e4tig. Einen Gro\u00dfteil seiner mehr als neunj\u00e4hrigen Arbeit f\u00fcr die <em>Faculty of Homeopathy<\/em> widmete er der F\u00f6rderung und Unterst\u00fctzung von deren Mitgliedern, um so die Quantit\u00e4t und Qualit\u00e4t der Forschungsergebnisse im Bereich Hom\u00f6opathie zu steigern. Zu diesem Zweck baute Dr. Mathie Kooperationen mit Universit\u00e4tsforschern auf und leitete mit den \u00c4rzten, Zahnmedizinern und Veterin\u00e4ren der <em>Faculty of Homeopathy<\/em> die Erhebung klinischer Daten. Im Rahmen eines breiter gesteckten Ziels zur Hervorhebung und Steigerung der Art und Qualit\u00e4t der Hom\u00f6opathie forschung ist Dr. Mathie derzeit in eine Reihe systematischer \u00dcbersichtsarbeiten zu ver\u00f6ffentlichten klinischen Studien involviert.<\/p>\n<\/div><!-- de -->\n<\/div>\n<div class=\"clear\"><\/div><\/div>\n<hr class=\"hri-admin-seperator\" \/>\n<div class=\"profile\">\n<div class=\"profile-headshot col-2 no-margin-left\">\n<p><img loading=\"lazy\" decoding=\"async\" class=\"alignnone size-people_listing_headshot wp-image-26999\" src=\"https:\/\/www.hri-research.org\/wp-content\/uploads\/2023\/04\/profaross-e1682701951640-98x147.jpeg\" alt=\"\" width=\"98\" height=\"147\" srcset=\"https:\/\/www.hri-research.org\/wp-content\/uploads\/2023\/04\/profaross-e1682701951640-98x147.jpeg 98w, https:\/\/www.hri-research.org\/wp-content\/uploads\/2023\/04\/profaross-e1682701951640-200x300.jpeg 200w, https:\/\/www.hri-research.org\/wp-content\/uploads\/2023\/04\/profaross-e1682701951640-198x297.jpeg 198w, https:\/\/www.hri-research.org\/wp-content\/uploads\/2023\/04\/profaross-e1682701951640-158x237.jpeg 158w, https:\/\/www.hri-research.org\/wp-content\/uploads\/2023\/04\/profaross-e1682701951640-160x240.jpeg 160w, https:\/\/www.hri-research.org\/wp-content\/uploads\/2023\/04\/profaross-e1682701951640-520x779.jpeg 520w, https:\/\/www.hri-research.org\/wp-content\/uploads\/2023\/04\/profaross-e1682701951640.jpeg 598w\" sizes=\"auto, (max-width: 98px) 100vw, 98px\" \/><\/p>\n<\/div>\n<div class=\"profile-bio col-7 no-margin-right\">\n<h3>Prof Ashley Ross <span class=\"smaller\">B<\/span><span class=\"smaller\">Mus PGDip MTech PhD<\/span><\/h3>\n<p><strong>Leiter der Abteilung f\u00fcr Hom\u00f6opathie an der Durban University of Technology (DUT)<\/strong><\/p>\n<p><a href=\"#\" class=\"expand-content\" id=\"69f1ee853f0f5\"><span class=\"expand-content-more\">Mehr<\/span><span class=\"expand-content-less\">Weniger<\/span><\/a><\/p><div class=\"collapse-content\" id=\"panel-69f1ee853f0f5\">\n<p>Professor Ross ist Leiter der Abteilung f\u00fcr Hom\u00f6opathie an der Durban University of Technology (DUT) in S\u00fcdafrika und praktiziert und lehrt seit \u00fcber 25 Jahren Hom\u00f6opathie. Neben seiner privaten Praxis und der Lehre der hom\u00f6opathischen Philosophie und Materia Medica war er aktiv in der Forschungsaufsicht \u00fcber eine Reihe von Gesundheitsdisziplinen t\u00e4tig und verfolgte auch seine eigenen Forschungsinteressen.<\/p>\n<\/div><!-- de -->\n<\/div>\n<div class=\"clear\"><\/div><\/div>\n<hr class=\"hri-admin-seperator\" \/>\n<div class=\"profile\">\n<div class=\"profile-headshot col-2 no-margin-left\">\n<p><a href=\"https:\/\/www.hri-research.org\/wp-content\/uploads\/2013\/11\/Liz-Thompson_small.jpg\"><img loading=\"lazy\" decoding=\"async\" class=\"alignnone size-people_listing_headshot wp-image-126\" src=\"https:\/\/www.hri-research.org\/wp-content\/uploads\/2013\/11\/Liz-Thompson_small-147x202.jpg\" alt=\"Liz Thompson\" width=\"98\" height=\"134\" srcset=\"https:\/\/www.hri-research.org\/wp-content\/uploads\/2013\/11\/Liz-Thompson_small-147x202.jpg 147w, https:\/\/www.hri-research.org\/wp-content\/uploads\/2013\/11\/Liz-Thompson_small-217x300.jpg 217w, https:\/\/www.hri-research.org\/wp-content\/uploads\/2013\/11\/Liz-Thompson_small.jpg 400w\" sizes=\"auto, (max-width: 98px) 100vw, 98px\" \/><\/a><\/p>\n<\/div>\n<div class=\"profile-bio col-7 no-margin-right\">\n<h3>Dr. Elizabeth Thompson <span class=\"smaller\">BAOxon MBBS MRCP FFHom<\/span><\/h3>\n<p><strong>Gesch\u00e4ftsf\u00fchrerin &amp; beratende Hom\u00f6opathin am <em>Portland Center for Integrative Medicine, Bristol (Gro\u00dfbritannien)<\/em>.<\/strong><p><a href=\"#\" class=\"expand-content\" id=\"69f1ee853f19b\"><span class=\"expand-content-more\">Mehr<\/span><span class=\"expand-content-less\">Weniger<\/span><\/a><\/p><div class=\"collapse-content\" id=\"panel-69f1ee853f19b\">\n<p>Als beratende Hom\u00f6opathin ist Dr. Thompson auf den Therapiebereich Onkologie spezialisiert und ferner <em>Fellow of the Faculty of Homeopathy<\/em> (London, Gro\u00dfbritannien). Zuvor war sie viele Jahre lang leitende Krankenhaus\u00e4rztin, wissenschaftliche Leiterin und ehrenamtliche leitende Dozentin f\u00fcr Palliativmedizin am <em>Bristol Homeopathic Hospital <\/em>(Gro\u00dfbritannien). Inzwischen leitet Dr. Thompson das Team des <em>National Centre for Integrative Medicine<\/em> in Bristol. Sie konzentriert sich bei ihrer Forschungst\u00e4tigkeit auf die Frage ob die Hom\u00f6opathie Krebspatienten einen neuartigen Ansatz bei der Symptomkontrolle bieten und insbesondere die Nebenwirkungen von Krebsbehandlungen eind\u00e4mmen kann. Dar\u00fcber hinaus interessiert sich Dr. Thompson f\u00fcr das Thema Studienplanung.<\/p>\n<\/div><!-- de -->\n<\/div>\n<div class=\"clear\"><\/div><\/div>\n<hr class=\"hri-admin-seperator\" \/>\n<div class=\"profile\">\n<div class=\"profile-headshot col-2 no-margin-left\">\n<p><a href=\"https:\/\/www.hri-research.org\/wp-content\/uploads\/2017\/09\/atournier-1.jpg\"><img loading=\"lazy\" decoding=\"async\" class=\"alignnone size-people_listing_headshot wp-image-8998\" src=\"https:\/\/www.hri-research.org\/wp-content\/uploads\/2017\/09\/atournier-1-98x115.jpg\" alt=\"\" width=\"98\" height=\"115\" srcset=\"https:\/\/www.hri-research.org\/wp-content\/uploads\/2017\/09\/atournier-1-98x115.jpg 98w, https:\/\/www.hri-research.org\/wp-content\/uploads\/2017\/09\/atournier-1-158x186.jpg 158w, https:\/\/www.hri-research.org\/wp-content\/uploads\/2017\/09\/atournier-1.jpg 160w\" sizes=\"auto, (max-width: 98px) 100vw, 98px\" \/><\/a><\/p>\n<\/div>\n<div class=\"profile-bio col-7 no-margin-right\">\n<h3>Dr. Alexander Tournier <span class=\"smaller\">BSc DIC MASt Cantab PhD LCHE RSHom<\/span><\/h3>\n<p><strong><span lang=\"DE\">Generaldirektor des HRI<\/span><\/strong><p><a href=\"#\" class=\"expand-content\" id=\"69f1ee853f20a\"><span class=\"expand-content-more\">Mehr<\/span><span class=\"expand-content-less\">Weniger<\/span><\/a><\/p><div class=\"collapse-content\" id=\"panel-69f1ee853f20a\">\n<p>Dr. Tournier schloss sein Physikstudium am <em>Imperial College<\/em> in London mit Auszeichnung ab. Ferner besitzt er einen Master-Abschluss in <em>Advanced Study in Theoretical Physics <\/em>der <em>University of Cambridge<\/em>, Gro\u00dfbritannien. Er promovierte mit einer Dissertation \u00fcber die an der Universit\u00e4t Heidelberg.an der Universit\u00e4t Heidelberg.<\/p>\n<p>Bei der Wohlt\u00e4tigkeitsorganisation <em>Cancer\u00a0Research\u00a0UK<\/em> (dem f\u00fcnftgr\u00f6\u00dften Institut f\u00fcr Molekularbiologie weltweit) betrieb Dr. Tournier interdisziplin\u00e4re Forschung an der Schnittstelle zwischen Mathematik, Physik und Biologie.<\/p>\n<\/div><!-- de -->\n<\/div>\n<div class=\"clear\"><\/div><\/div>\n<hr class=\"hri-admin-seperator\" \/>\n<p>&nbsp;<\/p>\n","protected":false},"excerpt":{"rendered":"<p>Der wissenschaftliche Beirat des HRI (Scientific Advisory Committee) besteht aus einem Team unabh\u00e4ngiger, weltweit f\u00fchrender Forschungsexperten auf den Gebieten der Hom\u00f6opathie und Alternativmedizin. Er liefert dem HRI die wissenschaftlich fundierte Grundlage, die f\u00fcr unsere Arbeit unerl\u00e4sslich ist. Die Mitglieder des wissenschaftlichen Beirats werden auf Grundlage ihres konkreten Know-hows als unabh\u00e4ngige wissenschaftliche Experten ausgew\u00e4hlt. Einzelpersonen sind [&hellip;]<\/p>\n","protected":false},"author":835,"featured_media":0,"parent":11602,"menu_order":0,"comment_status":"closed","ping_status":"closed","template":"","meta":{"footnotes":""},"class_list":["post-11621","page","type-page","status-publish","hentry"],"jetpack_sharing_enabled":true,"_links":{"self":[{"href":"https:\/\/www.hri-research.org\/de\/wp-json\/wp\/v2\/pages\/11621","targetHints":{"allow":["GET"]}}],"collection":[{"href":"https:\/\/www.hri-research.org\/de\/wp-json\/wp\/v2\/pages"}],"about":[{"href":"https:\/\/www.hri-research.org\/de\/wp-json\/wp\/v2\/types\/page"}],"author":[{"embeddable":true,"href":"https:\/\/www.hri-research.org\/de\/wp-json\/wp\/v2\/users\/835"}],"replies":[{"embeddable":true,"href":"https:\/\/www.hri-research.org\/de\/wp-json\/wp\/v2\/comments?post=11621"}],"version-history":[{"count":0,"href":"https:\/\/www.hri-research.org\/de\/wp-json\/wp\/v2\/pages\/11621\/revisions"}],"up":[{"embeddable":true,"href":"https:\/\/www.hri-research.org\/de\/wp-json\/wp\/v2\/pages\/11602"}],"wp:attachment":[{"href":"https:\/\/www.hri-research.org\/de\/wp-json\/wp\/v2\/media?parent=11621"}],"curies":[{"name":"wp","href":"https:\/\/api.w.org\/{rel}","templated":true}]}}