{"id":11619,"date":"2019-06-03T14:24:23","date_gmt":"2019-06-03T14:24:23","guid":{"rendered":"https:\/\/www.hri-research.org\/?page_id=11619\/"},"modified":"2023-04-25T14:10:52","modified_gmt":"2023-04-25T14:10:52","slug":"vorstand","status":"publish","type":"page","link":"https:\/\/www.hri-research.org\/de\/einfuehrung\/vorstand\/","title":{"rendered":"Vorstand"},"content":{"rendered":"<p>Das HRI untersteht einem Vorstand, dessen Mitglieder wertvolle Erfahrungen aus Bereichen wie der klinischen Forschung, Grundlagenforschung, Hom\u00f6opathie, Verwaltung von Wohlt\u00e4tigkeitsorganisationen, Medien-\/\u00d6ffentlichkeitsarbeit und Gesch\u00e4ftsf\u00fchrung mitbringen.<\/p>\n<div class=\"profile\">\n<div class=\"profile-headshot col-2 no-margin-left\">\n<p><a href=\"https:\/\/www.hri-research.org\/wp-content\/uploads\/2017\/09\/atournier-1.jpg\"><img loading=\"lazy\" decoding=\"async\" class=\"alignnone size-people_listing_headshot wp-image-8998\" src=\"https:\/\/www.hri-research.org\/wp-content\/uploads\/2017\/09\/atournier-1-98x115.jpg\" alt=\"\" width=\"98\" height=\"115\" srcset=\"https:\/\/www.hri-research.org\/wp-content\/uploads\/2017\/09\/atournier-1-98x115.jpg 98w, https:\/\/www.hri-research.org\/wp-content\/uploads\/2017\/09\/atournier-1-158x186.jpg 158w, https:\/\/www.hri-research.org\/wp-content\/uploads\/2017\/09\/atournier-1.jpg 160w\" sizes=\"auto, (max-width: 98px) 100vw, 98px\" \/><\/a><\/p>\n<\/div>\n<div class=\"profile-bio col-7 no-margin-right\">\n<h3>Dr. Alexander Tournier <span class=\"smaller\">BSc DIC M.A.St Cantab PhD LCHE RSHom<\/span><\/h3>\n<p><strong>Vorsitzender<\/strong><\/p>\n<p>Dr. Tournier\u00a0 schloss sein Physikstudium am <em>Imperial College<\/em> in London mit Auszeichnung ab. Ferner besitzt er einen Master-Abschluss in <em>Advanced Study in Theoretical Physics, Part\u00a0III<\/em> (Weiterf\u00fchrende Studien der theoretischen Physik, Teil\u00a0III) der <em>University of Cambridge (Gro\u00dfbritannien<\/em><em>)<\/em>. Er promovierte mit einer Dissertation \u00fcber die Biophysik von Wasser an der Schnittstelle mit biologischen Molek\u00fclen an der Universit\u00e4t Heidelberg. Zudem absolvierte Dr. Tournier eine Ausbildung in Hom\u00f6opathie am <em>Centre for Homeopathic Education<\/em> in London und ist zugelassener Hom\u00f6opath.<\/p>\n<p>Bei der Wohlt\u00e4tigkeitsorganisation <em>Cancer\u00a0Research\u00a0UK<\/em> (dem f\u00fcnftgr\u00f6\u00dften Institut f\u00fcr Molekularbiologie weltweit) betrieb Dr. Tournier interdisziplin\u00e4re Forschung an der Schnittstelle zwischen Mathematik, Physik und Biologie. Im Jahr 2007 gr\u00fcndete Dr. Tournier das <em>Homeopathy Research Institute (HRI)<\/em>.<\/p>\n<\/div>\n<div class=\"clear\"><\/div><\/div>\n<hr class=\"hri-admin-seperator\" \/>\n<div class=\"profile\">\n<div class=\"profile-headshot col-2 no-margin-left\">\n<p><a href=\"https:\/\/www.hri-research.org\/wp-content\/uploads\/2013\/11\/Charles_small.jpg\"><img loading=\"lazy\" decoding=\"async\" class=\"alignnone size-people_listing_headshot wp-image-131\" src=\"https:\/\/www.hri-research.org\/wp-content\/uploads\/2013\/11\/Charles_small-147x180.jpg\" alt=\"Charles\" width=\"98\" height=\"120\" srcset=\"https:\/\/www.hri-research.org\/wp-content\/uploads\/2013\/11\/Charles_small-147x180.jpg 147w, https:\/\/www.hri-research.org\/wp-content\/uploads\/2013\/11\/Charles_small-243x300.jpg 243w, https:\/\/www.hri-research.org\/wp-content\/uploads\/2013\/11\/Charles_small.jpg 400w\" sizes=\"auto, (max-width: 98px) 100vw, 98px\" \/><\/a><\/p>\n<\/div>\n<div class=\"profile-bio col-7 no-margin-right\">\n<h3>Charles Wansbrough <span class=\"smaller\">BDS RSHom<\/span><\/h3>\n<p>Charles Wansbrough absolvierte urspr\u00fcnglich ein Studium der Zahnmedizin, das er im Jahr 1977 abschloss. Er war f\u00fcnf Jahre lang f\u00fcr den NHS t\u00e4tig, als bei ihm neurologische Probleme auftraten, die sein Interesse an der Alternativmedizin weckten. 1988 machte er seinen Abschluss am . Nach vielen Jahren in der Praxis entwickelte Mr. Wansbrough ein Interesse an den Forschungskomponenten der Hom\u00f6opathie und hat seitdem die Forschung an der Schnittstelle von Technologie und Hom\u00f6opathie unterst\u00fctzt und auch selbst durchgef\u00fchrt.<\/p>\n<\/div>\n<div class=\"clear\"><\/div><\/div>\n<hr class=\"hri-admin-seperator\" \/>\n<div class=\"profile\">\n<div class=\"profile-headshot col-2 no-margin-left\">\n<p><img loading=\"lazy\" decoding=\"async\" class=\"alignnone wp-image-19486 size-people_listing_headshot\" src=\"https:\/\/www.hri-research.org\/wp-content\/uploads\/2021\/07\/A-ROSS-98x155.png\" alt=\"\" width=\"98\" height=\"155\" srcset=\"https:\/\/www.hri-research.org\/wp-content\/uploads\/2021\/07\/A-ROSS-98x155.png 98w, https:\/\/www.hri-research.org\/wp-content\/uploads\/2021\/07\/A-ROSS-190x300.png 190w, https:\/\/www.hri-research.org\/wp-content\/uploads\/2021\/07\/A-ROSS-198x312.png 198w, https:\/\/www.hri-research.org\/wp-content\/uploads\/2021\/07\/A-ROSS-158x249.png 158w, https:\/\/www.hri-research.org\/wp-content\/uploads\/2021\/07\/A-ROSS-160x252.png 160w, https:\/\/www.hri-research.org\/wp-content\/uploads\/2021\/07\/A-ROSS.png 426w\" sizes=\"auto, (max-width: 98px) 100vw, 98px\" \/><\/p>\n<\/div>\n<div class=\"profile-bio col-7 no-margin-right\">\n<h3>Prof Ashley Ross <span class=\"smaller\">BMus Post graduate Diploma MTech PhD (Technical College)<\/span><\/h3>\n<p>Professor Ross \u00a0ist ehemaliger Leiter der Abteilung f\u00fcr Hom\u00f6opathie an der <em>Durban University of Technology<\/em> (DUT) in S\u00fcdafrika und praktiziert und lehrt seit \u00fcber 25 Jahren Hom\u00f6opathie. Neben seiner privaten Praxis und der Lehre der hom\u00f6opathischen Philosophie und Materia Medica war er aktiv in der Forschungsaufsicht \u00fcber eine Reihe von Gesundheitsdisziplinen t\u00e4tig und verfolgte auch seine eigenen Forschungsinteressen.<\/p>\n<\/div>\n<div class=\"clear\"><\/div><\/div>\n<div class=\"profile\">\n<div class=\"profile-headshot col-2 no-margin-left\">\n<p><img loading=\"lazy\" decoding=\"async\" class=\"alignnone wp-image-24900 size-people_listing_headshot\" src=\"https:\/\/www.hri-research.org\/wp-content\/uploads\/2022\/11\/HRIAW2.2022-98x182.png\" alt=\"\" width=\"98\" height=\"182\" srcset=\"https:\/\/www.hri-research.org\/wp-content\/uploads\/2022\/11\/HRIAW2.2022-98x182.png 98w, https:\/\/www.hri-research.org\/wp-content\/uploads\/2022\/11\/HRIAW2.2022-162x300.png 162w, https:\/\/www.hri-research.org\/wp-content\/uploads\/2022\/11\/HRIAW2.2022-198x367.png 198w, https:\/\/www.hri-research.org\/wp-content\/uploads\/2022\/11\/HRIAW2.2022-158x293.png 158w, https:\/\/www.hri-research.org\/wp-content\/uploads\/2022\/11\/HRIAW2.2022-160x297.png 160w, https:\/\/www.hri-research.org\/wp-content\/uploads\/2022\/11\/HRIAW2.2022.png 296w\" sizes=\"auto, (max-width: 98px) 100vw, 98px\" \/><\/p>\n<\/div>\n<div class=\"profile-bio col-7 no-margin-right\">\n<h3>Alexandre Winkler <span class=\"smaller\">ESCP BSc (Hons) LCHE RSHom<\/span><\/h3>\n<p>Alexandre ist deutscher und spanischer Abstammung, geboren und aufgewachsen in Paris. Nach seinem Abschluss an einer der besten franz\u00f6sischen Wirtschaftshochschulen begann er eine Karriere im Investmentbanking, wo er in Paris, Tokio, Frankfurt und London, an Transaktionen mit Zinsderivaten arbeitete. Seit 2001 lebt er in London.<\/p>\n<p>Im Jahr 2008 beschloss er, die Finanzwelt zu verlassen und sich seiner gr\u00f6\u00dften Leidenschaft zu widmen: der Hom\u00f6opathie, die in sein Leben trat, als er 2 Monate alt war. Alexandre absolvierte das Centre of Homeopathic Education, wo er sein Lizenziat und seinen BSc (Hons) in Hom\u00f6opathie erwarb. Er betreibt jetzt seine Hauptpraxis in East London. In der Zwischenzeit hat er sich auch zum EMDR- und Ego-State-Therapeuten ausbilden lassen. Seine weiteren Hauptinteressen sind Geschichte, Jungsche Psychologie und die neuesten wissenschaftlichen Entwicklungen \u00fcber die Eigenschaften von Wasser und Elektromagnetismus.<\/p>\n<p>Zus\u00e4tzlich zu seiner Rolle im HRI-Kuratorium ist Alex seit 2016 Mitglied des Vorstands der Society of Homeopaths.<\/p>\n<\/div>\n<div class=\"clear\"><\/div><\/div>\n","protected":false},"excerpt":{"rendered":"<p>Das HRI untersteht einem Vorstand, dessen Mitglieder wertvolle Erfahrungen aus Bereichen wie der klinischen Forschung, Grundlagenforschung, Hom\u00f6opathie, Verwaltung von Wohlt\u00e4tigkeitsorganisationen, Medien-\/\u00d6ffentlichkeitsarbeit und Gesch\u00e4ftsf\u00fchrung mitbringen.<\/p>\n","protected":false},"author":835,"featured_media":0,"parent":11602,"menu_order":0,"comment_status":"closed","ping_status":"closed","template":"","meta":{"footnotes":""},"class_list":["post-11619","page","type-page","status-publish","hentry"],"jetpack_sharing_enabled":true,"_links":{"self":[{"href":"https:\/\/www.hri-research.org\/de\/wp-json\/wp\/v2\/pages\/11619","targetHints":{"allow":["GET"]}}],"collection":[{"href":"https:\/\/www.hri-research.org\/de\/wp-json\/wp\/v2\/pages"}],"about":[{"href":"https:\/\/www.hri-research.org\/de\/wp-json\/wp\/v2\/types\/page"}],"author":[{"embeddable":true,"href":"https:\/\/www.hri-research.org\/de\/wp-json\/wp\/v2\/users\/835"}],"replies":[{"embeddable":true,"href":"https:\/\/www.hri-research.org\/de\/wp-json\/wp\/v2\/comments?post=11619"}],"version-history":[{"count":0,"href":"https:\/\/www.hri-research.org\/de\/wp-json\/wp\/v2\/pages\/11619\/revisions"}],"up":[{"embeddable":true,"href":"https:\/\/www.hri-research.org\/de\/wp-json\/wp\/v2\/pages\/11602"}],"wp:attachment":[{"href":"https:\/\/www.hri-research.org\/de\/wp-json\/wp\/v2\/media?parent=11619"}],"curies":[{"name":"wp","href":"https:\/\/api.w.org\/{rel}","templated":true}]}}