{"id":11516,"date":"2019-05-12T06:46:16","date_gmt":"2019-05-12T06:46:16","guid":{"rendered":"https:\/\/www.hri-research.org\/?page_id=11516\/"},"modified":"2019-10-24T08:46:22","modified_gmt":"2019-10-24T08:46:22","slug":"abgeschlossene-projekte","status":"publish","type":"page","link":"https:\/\/www.hri-research.org\/de\/laufende-projekte\/abgeschlossene-projekte\/","title":{"rendered":"Abgeschlossene Projekte"},"content":{"rendered":"<p>Das HRI f\u00f6rdert seit 2010 Projekte, wovon bisher die beiden folgenden abgeschlossen wurden:<\/p>\n<ul>\n<li>\n<h3><span class=\"no-underline\"><a href=\"https:\/\/www.hri-research.org\/de\/laufende-projekte\/abgeschlossene-projekte\/adhs-fallstudien\/\">Fallsammlung zur ADHS Behandlung von 20 Kindern<\/a><\/span><\/h3>\n<p>Diese Studie zeigte, dass Kinder, die zus\u00e4tzlich zur konventionellen Therapie hom\u00f6opathisch behandelt wurden, eine st\u00e4rkere Verbesserung aufwiesen, als diejenigen, die nur die konventionelle Therapie erhielten. In der hom\u00f6opathisch behandelten Gruppe hielt die Verbesserung auch mindestens ein Jahr nach Therapieende an.<br \/>\n<a href=\"https:\/\/www.hri-research.org\/de\/laufende-projekte\/abgeschlossene-projekte\/adhs-fallstudien\/\" target=\"_blank\" rel=\"noopener noreferrer\">Mehr<\/a><\/li>\n<li>\n<h3><span class=\"no-underline\"><a href=\"https:\/\/www.hri-research.org\/de\/laufende-projekte\/abgeschlossene-projekte\/rds-pilotstudie\/\" target=\"_blank\" rel=\"noopener noreferrer\">Pilotstudie zur hom\u00f6opathischen Behandlung des Reizdarmsyndroms<\/a><\/span><\/h3>\n<p>Erste Ergebnisse der Studie zeigen, dass sich der Gesundheitszustand von Patienten, die zus\u00e4tzlich zum Therapiestandard auch hom\u00f6opathisch behandelt wurden, st\u00e4rker besserte als von Patienten, die ausschlie\u00dflich nach Therapiestandard behandelt wurden. In der hom\u00f6opathisch behandelten Gruppe wurde au\u00dferdem eine st\u00e4rkere Besserung beobachtet als in einer Kontrollgruppe, die zus\u00e4tzlich zur schulmedizinischen Therapie \u201eunterst\u00fctzendes Zuh\u00f6ren\u201c erhielt. Letzteres l\u00e4sst den Schluss zu, dass die nach der hom\u00f6opathischen Behandlung beobachteten klinischen Besserungen nicht nur der therapeutischen Wirkung der Zuwendung in Form von \u201eZeit und Aufmerksamkeit\u201c zugeschrieben werden k\u00f6nnen, die den Patienten w\u00e4hrend der Konsultation zuteil wurde.<br \/>\n<a href=\"https:\/\/www.hri-research.org\/de\/laufende-projekte\/abgeschlossene-projekte\/rds-pilotstudie\/\" target=\"_blank\" rel=\"noopener noreferrer\">Mehr<\/a><\/li>\n<\/ul>\n","protected":false},"excerpt":{"rendered":"<p>Das HRI f\u00f6rdert seit 2010 Projekte, wovon bisher die beiden folgenden abgeschlossen wurden: Fallsammlung zur ADHS Behandlung von 20 Kindern Diese Studie zeigte, dass Kinder, die zus\u00e4tzlich zur konventionellen Therapie hom\u00f6opathisch behandelt wurden, eine st\u00e4rkere Verbesserung aufwiesen, als diejenigen, die nur die konventionelle Therapie erhielten. In der hom\u00f6opathisch behandelten Gruppe hielt die Verbesserung auch mindestens [&hellip;]<\/p>\n","protected":false},"author":835,"featured_media":0,"parent":11483,"menu_order":0,"comment_status":"closed","ping_status":"closed","template":"","meta":{"footnotes":""},"class_list":["post-11516","page","type-page","status-publish","hentry"],"jetpack_sharing_enabled":true,"_links":{"self":[{"href":"https:\/\/www.hri-research.org\/de\/wp-json\/wp\/v2\/pages\/11516","targetHints":{"allow":["GET"]}}],"collection":[{"href":"https:\/\/www.hri-research.org\/de\/wp-json\/wp\/v2\/pages"}],"about":[{"href":"https:\/\/www.hri-research.org\/de\/wp-json\/wp\/v2\/types\/page"}],"author":[{"embeddable":true,"href":"https:\/\/www.hri-research.org\/de\/wp-json\/wp\/v2\/users\/835"}],"replies":[{"embeddable":true,"href":"https:\/\/www.hri-research.org\/de\/wp-json\/wp\/v2\/comments?post=11516"}],"version-history":[{"count":0,"href":"https:\/\/www.hri-research.org\/de\/wp-json\/wp\/v2\/pages\/11516\/revisions"}],"up":[{"embeddable":true,"href":"https:\/\/www.hri-research.org\/de\/wp-json\/wp\/v2\/pages\/11483"}],"wp:attachment":[{"href":"https:\/\/www.hri-research.org\/de\/wp-json\/wp\/v2\/media?parent=11516"}],"curies":[{"name":"wp","href":"https:\/\/api.w.org\/{rel}","templated":true}]}}