{"id":11513,"date":"2019-05-12T06:35:02","date_gmt":"2019-05-12T06:35:02","guid":{"rendered":"https:\/\/www.hri-research.org\/?page_id=11513\/"},"modified":"2020-11-19T14:34:15","modified_gmt":"2020-11-19T14:34:15","slug":"core-hom-eine-neue-online-datenbank-von-weltrang","status":"publish","type":"page","link":"https:\/\/www.hri-research.org\/de\/laufende-projekte\/mehr-informationen-aus-dem-vorhandenen-wissenschaftlichen-datenmaterial-ziehen\/core-hom-eine-neue-online-datenbank-von-weltrang\/","title":{"rendered":"CORE-Hom \u2013 Eine Online-Datenbank von Weltrang"},"content":{"rendered":"<h3><span class=\"accent\">Worum geht es bei diesem Projekt?<\/span><\/h3>\n<p>Die wissenschaftliche Forschung kann der medizinischen Praxis und Entscheidungsfindung nur dann dienen, wenn die gewonnenen Informationen leicht zug\u00e4nglich sind. Die einzigen Datenbanken zur klinischen Forschung in der Hom\u00f6opathie, die vor der Implementierung der CORE-Hom-Datenbank zur Verf\u00fcgung standen, waren jedoch alles andere als ausreichend und enthielten oft nur einen Bruchteil der relevanten Studien und keine oder nur wenige Hinweise auf die Qualit\u00e4t der eingeschlossenen Studien.<\/p>\n<p>CORE-Hom wurde unter Ber\u00fccksichtigung der gr\u00f6\u00dftm\u00f6glichen wissenschaftlichen Strenge konzipiert, um sowohl Forschern als auch der Allgemeinheit eine solide Grundlage f\u00fcr die Beurteilung der Menge an und Qualit\u00e4t von Nachweisen zu bieten, die rund um den Einsatz der Hom\u00f6opathie zur Behandlung unterschiedlicher Erkrankungen vorliegen. Die Datenbank <strong><em>C<\/em><\/strong><em>linical <strong>O<\/strong>utcome <strong>Re<\/strong>search in <strong>Hom<\/strong>eopathy<\/em> (kurz CORE-Hom)) deckt eine gro\u00dfe Bandbreite an Forschungsarbeiten ab \u2013 von randomisierten kontrollierten Studien bis hin zu Beobachtungsstudien.<\/p>\n<p>Diese erstklassige Ressource, die \u00fcber mehrere Jahre hinweg entwickelt wurde, ist das Ergebnis einer engen Zusammenarbeit zwischen dem HRI und der renommierten <a href=\"https:\/\/www.carstens-stiftung.de\/\"><em>Karl und Veronica Carstens-Stiftung<\/em><\/a>. Die Datenbank umfasst derzeit <strong>mehr als 1.200 klinische Studien zur Hom\u00f6opathie<\/strong>; da es sich jedoch um ein fortlaufendes Projekt handelt, wird sich diese Zahl mit der Pflege und Ausweitung der Datenbank kontinuierlich ver\u00e4ndern.<\/p>\n<p><a href=\"https:\/\/www.hri-research.org\/de\/quellen\/forschungsdatenbanken\/core-hom\/\">Die Registrierung bei und Nutzung von CORE-Hom sind kostenlos.<\/a><\/p>\n<h3><span class=\"accent\">Aktueller status<\/span><\/h3>\n<p class=\"10ptText1After12pt\"><span lang=\"DE\">Da es sich um ein fortlaufendes Projekt handelt, wird diese Datenbank mit der Ver\u00f6ffentlichung neuer Studien kontinuierlich aktualisiert.<\/span><\/p>\n<h3><img loading=\"lazy\" decoding=\"async\" class=\"alignleft wp-image-8998 size-full\" src=\"https:\/\/www.hri-research.org\/wp-content\/uploads\/2017\/09\/atournier-1.jpg\" alt=\"Dr Alexander Tournier\" width=\"160\" height=\"188\" srcset=\"https:\/\/www.hri-research.org\/wp-content\/uploads\/2017\/09\/atournier-1.jpg 160w, https:\/\/www.hri-research.org\/wp-content\/uploads\/2017\/09\/atournier-1-98x115.jpg 98w, https:\/\/www.hri-research.org\/wp-content\/uploads\/2017\/09\/atournier-1-158x186.jpg 158w\" sizes=\"auto, (max-width: 160px) 100vw, 160px\" \/><\/h3>\n<h3><span class=\"accent\"><\/br>Warum ist dieses Projekt wichtig?<\/span><\/h3>\n<p>\u201e<em>Im Zeitalter evidenzbasierter Medizin ist es unerl\u00e4sslich, mit nur einem Mausklick relevante klinische Studien zum Thema Hom\u00f6opathie ausfindig machen zu k\u00f6nnen. In diesem Bereich bietet CORE-Hom weltweit die zuverl\u00e4ssigste und umfassendste Ressource.\u201c<br \/>\n<\/em><strong>Dr Alexander Tournier, HRI Generaldirektor<\/strong><\/p>\n<p>&nbsp;<\/p>\n<hr class=\"accent-border\" \/>\n<p class=\"no-margin\"><strong><span class=\"accent\">Publikationen im Rahmen dieses Projekts<\/span> <\/strong><\/p>\n<p><strong><span class=\"no-underline\"><a href=\"https:\/\/www.hri-research.org\/wp-content\/uploads\/2015\/01\/CORE-Hom-article-Clausen-at-al.-2014-full-text.pdf\" target=\"_blank\" rel=\"noopener noreferrer\">CORE-Hom: A powerful and exhaustive database of clinical trials in homeopathy<\/a><br \/>\n<\/span><\/strong>Clausen J, Moss S, Tournier A, Ludtke K, Albrecht H.<br \/>\n<em>Homeopathy 2014; 103: 219-223<\/em><\/p>\n","protected":false},"excerpt":{"rendered":"<p>Worum geht es bei diesem Projekt? Die wissenschaftliche Forschung kann der medizinischen Praxis und Entscheidungsfindung nur dann dienen, wenn die gewonnenen Informationen leicht zug\u00e4nglich sind. Die einzigen Datenbanken zur klinischen Forschung in der Hom\u00f6opathie, die vor der Implementierung der CORE-Hom-Datenbank zur Verf\u00fcgung standen, waren jedoch alles andere als ausreichend und enthielten oft nur einen Bruchteil [&hellip;]<\/p>\n","protected":false},"author":835,"featured_media":0,"parent":11509,"menu_order":0,"comment_status":"closed","ping_status":"closed","template":"","meta":{"footnotes":""},"class_list":["post-11513","page","type-page","status-publish","hentry"],"jetpack_sharing_enabled":true,"_links":{"self":[{"href":"https:\/\/www.hri-research.org\/de\/wp-json\/wp\/v2\/pages\/11513","targetHints":{"allow":["GET"]}}],"collection":[{"href":"https:\/\/www.hri-research.org\/de\/wp-json\/wp\/v2\/pages"}],"about":[{"href":"https:\/\/www.hri-research.org\/de\/wp-json\/wp\/v2\/types\/page"}],"author":[{"embeddable":true,"href":"https:\/\/www.hri-research.org\/de\/wp-json\/wp\/v2\/users\/835"}],"replies":[{"embeddable":true,"href":"https:\/\/www.hri-research.org\/de\/wp-json\/wp\/v2\/comments?post=11513"}],"version-history":[{"count":0,"href":"https:\/\/www.hri-research.org\/de\/wp-json\/wp\/v2\/pages\/11513\/revisions"}],"up":[{"embeddable":true,"href":"https:\/\/www.hri-research.org\/de\/wp-json\/wp\/v2\/pages\/11509"}],"wp:attachment":[{"href":"https:\/\/www.hri-research.org\/de\/wp-json\/wp\/v2\/media?parent=11513"}],"curies":[{"name":"wp","href":"https:\/\/api.w.org\/{rel}","templated":true}]}}