{"id":11503,"date":"2019-05-11T19:43:13","date_gmt":"2019-05-11T19:43:13","guid":{"rendered":"https:\/\/www.hri-research.org\/?page_id=11503\/"},"modified":"2019-10-24T08:39:36","modified_gmt":"2019-10-24T08:39:36","slug":"forschungsstrategie","status":"publish","type":"page","link":"https:\/\/www.hri-research.org\/de\/laufende-projekte\/forschungsstrategie\/","title":{"rendered":"Forschungsstrategie"},"content":{"rendered":"<h3><span lang=\"DE\">F\u00f6rderung hochwertiger wissenschaftlicher Forschung in der Hom\u00f6opathie<\/span><\/h3>\n<p class=\"10ptText1After12pt\"><span lang=\"DE\">Forschung von schlechter Qualit\u00e4t zu betreiben, ist reine Zeit- und Geldverschwendung.<\/span><\/p>\n<p class=\"10ptText1After12pt\"><span lang=\"DE\">Um vom HRI unterst\u00fctzt zu werden, m\u00fcssen Projekte daher zun\u00e4chst ein Peer-Review-Verfahren unseres <a href=\"https:\/\/www.hri-research.org\/de\/einfuehrung\/wissenschaftlicher-beirat\/\" target=\"_blank\" rel=\"noopener noreferrer\">wissenschaftlichen Beirats<\/a> bestehen. So k\u00f6nnen wir garantieren, dass wir Zuwendungen und Know-how ausschlie\u00dflich den vielversprechendsten Projekten zukommen lassen.<\/span><\/p>\n<h3><span lang=\"DE\">Festlegung von Forschungsschwerpunkten<\/span><\/h3>\n<p class=\"10ptText1After12pt\"><span lang=\"DE\">Zur Forschungsstrategie des HRI geh\u00f6rt es, Projekte zu sondieren, die alle der folgenden Kriterien erf\u00fcllen:<\/span><\/p>\n<ul>\n<li><span class=\"accent\"><b>Untersuchung eines Therapiebereichs mit <strong>gro\u00dfem klinischen Bedarf<\/strong> <\/b><\/span>d. h. Erkrankungen, bei denen selbst die Besten der verf\u00fcgbaren Behandlungsoptionen unbefriedigend sind oder f\u00fcr die es noch keine Behandlungen gibt (sogenannte \u201eEffectiveness Gap Conditions\u201c).<\/li>\n<li><span class=\"accent\"><b><strong>Die vorhandene Evidenz l\u00e4sst auf eine Wirksamkeit der <\/strong>hom\u00f6opathischen Behandlung <strong>schlie\u00dfen<\/strong>.<\/b><\/span><\/li>\n<li><span class=\"accent\"><b>Es ist m\u00f6glich, eine geeignete Studie oder <strong>Untersuchung<\/strong>\u00a0zu konzipieren<\/b><\/span>, die bzw. der sowohl ethisch ist als auch eine hohe Wahrscheinlichkeit birgt, n\u00fctzliche Ergebnisse hervorzubringen.<\/li>\n<\/ul>\n<p class=\"10ptText1After12pt\"><span lang=\"DE\">Dank der Erfahrung und Netzwerke unseres <a href=\"https:\/\/www.hri-research.org\/de\/einfuehrung\/wissenschaftlicher-beirat\/\" target=\"_blank\" rel=\"noopener noreferrer\">wissenschaftlichen Beirats<\/a> k\u00f6nnen wir dar\u00fcber hinaus den Stand der Forschung zum Thema Hom\u00f6opathie auf internationaler Ebene st\u00e4ndig \u00fcberpr\u00fcfen. In einem Bereich, der sich derart schnell entwickelt, m\u00fcssen m\u00f6glicherweise sowohl die aufgeworfenen Forschungsfragen als auch die Art und Weise, wie Studien durchgef\u00fchrt werden, angesichts neuer Erkenntnisse angepasst werden, die weltweit gewonnen werden.<\/span><\/p>\n<p><span class=\"embed-youtube\" style=\"text-align:center; display: block;\"><iframe loading=\"lazy\" class=\"youtube-player\" width=\"520\" height=\"293\" src=\"https:\/\/www.youtube.com\/embed\/YNWCTA8XwD4?version=3&#038;rel=1&#038;showsearch=0&#038;showinfo=1&#038;iv_load_policy=1&#038;fs=1&#038;hl=de-DE&#038;autohide=2&#038;wmode=transparent\" allowfullscreen=\"true\" style=\"border:0;\" sandbox=\"allow-scripts allow-same-origin allow-popups allow-presentation allow-popups-to-escape-sandbox\"><\/iframe><\/span><\/p>\n<blockquote><p><em>Indem wir Projekte sondieren, die im Einklang mit der Forschungsstrategie und den Forschungsschwerpunkten des HRI stehen, k\u00f6nnen wir unsere Bem\u00fchungen auf die Bereiche mit dem gr\u00f6\u00dften klinischen Bedarf konzentrieren, d. h. diejenigen, die vermutlich am st\u00e4rksten von der Hom\u00f6opathie profitieren k\u00f6nnten<\/em>.<\/p><\/blockquote>\n<p style=\"text-align: right;\"><b>Rachel Roberts,<\/b> Hauptgesch\u00e4ftsf\u00fchrerin HRI<\/p>\n","protected":false},"excerpt":{"rendered":"<p>F\u00f6rderung hochwertiger wissenschaftlicher Forschung in der Hom\u00f6opathie Forschung von schlechter Qualit\u00e4t zu betreiben, ist reine Zeit- und Geldverschwendung. Um vom HRI unterst\u00fctzt zu werden, m\u00fcssen Projekte daher zun\u00e4chst ein Peer-Review-Verfahren unseres wissenschaftlichen Beirats bestehen. So k\u00f6nnen wir garantieren, dass wir Zuwendungen und Know-how ausschlie\u00dflich den vielversprechendsten Projekten zukommen lassen. Festlegung von Forschungsschwerpunkten Zur Forschungsstrategie des [&hellip;]<\/p>\n","protected":false},"author":835,"featured_media":0,"parent":11483,"menu_order":0,"comment_status":"closed","ping_status":"closed","template":"","meta":{"footnotes":""},"class_list":["post-11503","page","type-page","status-publish","hentry"],"jetpack_sharing_enabled":true,"_links":{"self":[{"href":"https:\/\/www.hri-research.org\/de\/wp-json\/wp\/v2\/pages\/11503","targetHints":{"allow":["GET"]}}],"collection":[{"href":"https:\/\/www.hri-research.org\/de\/wp-json\/wp\/v2\/pages"}],"about":[{"href":"https:\/\/www.hri-research.org\/de\/wp-json\/wp\/v2\/types\/page"}],"author":[{"embeddable":true,"href":"https:\/\/www.hri-research.org\/de\/wp-json\/wp\/v2\/users\/835"}],"replies":[{"embeddable":true,"href":"https:\/\/www.hri-research.org\/de\/wp-json\/wp\/v2\/comments?post=11503"}],"version-history":[{"count":0,"href":"https:\/\/www.hri-research.org\/de\/wp-json\/wp\/v2\/pages\/11503\/revisions"}],"up":[{"embeddable":true,"href":"https:\/\/www.hri-research.org\/de\/wp-json\/wp\/v2\/pages\/11483"}],"wp:attachment":[{"href":"https:\/\/www.hri-research.org\/de\/wp-json\/wp\/v2\/media?parent=11503"}],"curies":[{"name":"wp","href":"https:\/\/api.w.org\/{rel}","templated":true}]}}