{"id":11499,"date":"2019-05-11T19:30:31","date_gmt":"2019-05-11T19:30:31","guid":{"rendered":"https:\/\/www.hri-research.org\/?page_id=11499\/"},"modified":"2020-11-30T13:14:20","modified_gmt":"2020-11-30T13:14:20","slug":"welche-rolle-spielt-die-homoeopathie-bei-der-behandlung-von-depressionen","status":"publish","type":"page","link":"https:\/\/www.hri-research.org\/de\/laufende-projekte\/abgeschlossene-projekte\/welche-rolle-spielt-die-homoeopathie-bei-der-behandlung-von-depressionen\/","title":{"rendered":"Welche Rolle spielt die Hom\u00f6opathie bei der Behandlung von Depressionen?"},"content":{"rendered":"<p>Leitende Forscherin \u2013 Dr Petter Viksveen<br \/>\nProjektabschluss: September 2018<\/p>\n<h3><span class=\"accent\">Worum geht es bei diesem Projekt?<\/span><\/h3>\n<p>Dieses Projekt, das im Rahmen eines PhD-Programms an der <em>University of Sheffield<\/em> (Gro\u00dfbritannien) durchgef\u00fchrt wird, soll die Wirkung einer zus\u00e4tzlich zum Therapiestandard verordneten hom\u00f6opathischen Behandlung bei Patienten untersuchen, die nach eigener Aussage an Depressionen leiden. Durch die Kombination mehrerer Forschungsmethoden sollen die Akzeptanz dieses Behandlungsansatzes sowie dessen klinische Wirksamkeit und Wirtschaftlichkeit beurteilt werden.<\/p>\n<p><a href=\"#\" class=\"expand-content\" id=\"69d0f6c6efe67\"><span class=\"expand-content-more\">Mehr<\/span><span class=\"expand-content-less\">Weniger<\/span><\/a><\/p><div class=\"collapse-content\" id=\"panel-69d0f6c6efe67\">\n<h3><span class=\"accent\">Aktueller Status<\/span><\/h3>\n<p>Das im November\u00a02013 gestartete Projekt wurde im Januar\u00a02015 abgeschlossen; die vollst\u00e4ndige Datenanalyse steht kurz vor dem Abschluss und es wird eine Reihe von Unterlagen zur Einreichung bei Peer-Review-Zeitschriften vorbereitet.<\/p>\n<p>Das Forschungsprojekt ist im <a href=\"http:\/\/www.isrctn.com\/ISRCTN02484593?q=homeopathy%20in%20depression&amp;filters=&amp;sort=&amp;offset=1&amp;totalResults=3&amp;page=1&amp;pageSize=10&amp;searchType=basic-search\">ISRCTN-Register f\u00fcr laufende kontrollierte Studien<\/a> registriert, um sicherzustellen, dass alle Ergebnisse ver\u00f6ffentlicht werden. Das Projekt wurde au\u00dferdem von einer Ethikkommission des britischen <em>National Health Service (NHS<\/em>) genehmigt. Patienten wurden aus der laufenden <a href=\"http:\/\/www.yorkshirehealthstudy.org\/\"><em>Yorkshire Health Study<\/em><\/a> angeworben, die im Rahmen der <em>Collaborations for Leadership in Applied Health Research and Care (CLAHRC)<\/em> des britischen <em>National Institute for Health Research (NIHR)<\/em> gef\u00f6rdert wird.<\/p>\n<h3><span class=\"accent\">Das Forschungsteam<\/span><\/h3>\n<p><span lang=\"DE\"><a href=\"http:\/\/www.viksveen.com\/\">Dr. Petter Viksveen<\/a> \u2013 Petter Viksveen f\u00fchrt dieses Projekt im Rahmen eines PhD-Stipendiums f\u00fcr Gesundheitsforschung und gesundheitsbezogene Forschung durch, das er im Jahr 2016 abgeschlossen hat. PhD (<i>University of Sheffield<\/i>), Master of Science (MSc) in Hom\u00f6opathie (<i>University of Central Lancashire, Gro\u00dfbritannien<\/i>), Bachelor (BA) in P\u00e4dagogik (Universit\u00e4t Oslo, Norwegen), zugelassener Hom\u00f6opath MNHL (Norwegen).<\/span><\/p>\n<p>Wissenschafltiche Betreuung durch:<\/p>\n<p><a href=\"https:\/\/www.sheffield.ac.uk\/scharr\/sections\/ph\/honorary\/clare\">Dr. Clare Relton<\/a> \u2013 Wissenschaftliche Mitarbeiterin, <em>School of Health and Related Research (ScHARR) (University of Sheffield)<\/em>, und zugelassene Hom\u00f6opathin<br \/>\n<a href=\"https:\/\/www.sheffield.ac.uk\/scharr\/sections\/hsr\/cure\/staff\/jonnicholl\">Prof. Jon Nicholl<\/a> \u2013 Professor f\u00fcr Versorgungsforschung und Dekan der <em>School of Health and Related Research (ScHARR) (University of Sheffield)<\/em><\/p>\n<p>Berater:<br \/>\n<a href=\"https:\/\/www.sheffield.ac.uk\/scharr\/sections\/ph\/honorary\/p_bissell\" target=\"_blank\" rel=\"noopener noreferrer\">Prof. Paul Bissell<\/a> \u2013 Professor f\u00fcr Gesundheitswesen und Leiter der Abteilung f\u00fcr Gesundheitswesen, <em>School of Health and Related Research (ScHARR) University of Sheffield)<\/em><\/p>\n<\/div><!-- de -->\n<p><span class=\"embed-youtube\" style=\"text-align:center; display: block;\"><iframe loading=\"lazy\" class=\"youtube-player\" width=\"520\" height=\"293\" src=\"https:\/\/www.youtube.com\/embed\/zncOju0M30w?version=3&#038;rel=1&#038;showsearch=0&#038;showinfo=1&#038;iv_load_policy=1&#038;fs=1&#038;hl=de-DE&#038;autohide=2&#038;wmode=transparent\" allowfullscreen=\"true\" style=\"border:0;\" sandbox=\"allow-scripts allow-same-origin allow-popups allow-presentation allow-popups-to-escape-sandbox\"><\/iframe><\/span><\/p>\n<h3><span class=\"accent\">Leitender Forscher<\/span><\/h3>\n<p><strong>Dr. Petter Viksveen<\/strong>\u00a0BA MSc PhD<\/p>\n<p>Petter Viksveen praktiziert seit seinem Abschluss an der <em>Norwegian Academy for Natural Medicine<\/em> in Oslo im Jahr 1990 als Hom\u00f6opath. Er war 13\u00a0Jahre Vorsitzender des <em>European Central Council of Homeopaths (ECCH)<\/em> und dar\u00fcber hinaus Koordinator der ECCH-Forschungsarbeitsgruppe. Er ist Mitbegr\u00fcnder sowie Koordinator des <em>European Network for Homeopathy Research (ENHR)<\/em>. Von 2009 bis 2011 war Peter Viksveen als wissenschaftlicher Referent f\u00fcr das <em>National Information Centre for Alternative Medicine<\/em> in Norwegen t\u00e4tig. Er besitzt einen Master-Abschluss in Hom\u00f6opathie der <em>University of Central Lancashire<\/em> und hat im Zuge dieses Projekts auch seinen Doktor in Philosophie (PhD) an der <em>University of Sheffield<\/em> erworben.<\/p>\n<h3><span class=\"accent\">Warum ist dieses Projekt wichtig?<\/span><\/h3>\n<blockquote><p>\u201e<em>Das Projekt soll zur Wissensbasis beitragen, mit deren Hilfe ermittelt werden kann, ob es zweckdienlich ist, Patienten, die an Depressionen leiden, eine hom\u00f6opathische Begleitbehandlung anzubieten<\/em>.\u201c\u00a0<strong> Dr. Petter Viksveen<\/strong><\/p><\/blockquote>\n<h3><span class=\"accent\">Publikationen im Rahmen dieses Projekts<\/span><\/h3>\n<p><span class=\"accent no-underline\"><a href=\"https:\/\/www.sciencedirect.com\/science\/article\/pii\/S1876382018304451\" target=\"_blank\" rel=\"noopener noreferrer\">Homeopathy in the treatment of depression: a systematic review<\/a><br \/>\n<\/span>Viksveen P. Fibert P. Relton C.<br \/>\n<em>European Journal of Integrative Medicine,<\/em> 2018;\u00a0<strong>22<\/strong>:22-36<br \/>\n<a href=\"https:\/\/www.sciencedirect.com\/science\/article\/pii\/S1876382018304451\" target=\"_blank\" rel=\"noopener noreferrer\">Volltext<\/a><\/p>\n<p><span class=\"no-underline accent\"><a href=\"https:\/\/www.hri-research.org\/wp-content\/uploads\/2017\/07\/Viksveen-Relton-Nicholl-Depressed-patients-treated-by-homeopaths-2017.pdf\" target=\"_blank\" rel=\"noopener noreferrer\">Depressed patients treated by homeopaths: a randomised controlled trial using the &#8222;cohort multiple randomised controlled trial&#8220; (cMRCT) design<\/a><\/span><br \/>\nViksveen P. Relton C. Nicholl J.<br \/>\n<em>Trials<\/em>, 2017;<strong> 18<\/strong>:299<br \/>\n<a href=\"https:\/\/www.hri-research.org\/wp-content\/uploads\/2017\/07\/Viksveen-Relton-Nicholl-Depressed-patients-treated-by-homeopaths-2017.pdf\" target=\"_blank\" rel=\"noopener noreferrer\">Volltext<\/a><\/p>\n<p><span class=\"no-underline accent\"><a href=\"https:\/\/www.sciencedirect.com\/science\/article\/pii\/S1876382017301737\" target=\"_blank\" rel=\"noopener noreferrer\">Depressed patients\u2019 experiences with and perspectives on treatment provided by homeopaths. A qualitative interview study embedded in a trial for depression<\/a><\/span><br \/>\nViksveen P. Relton C.<br \/>\n<em>Eur J Integr Med<\/em>, 2017;<strong> 15<\/strong>:73-80<br \/>\n<a href=\"https:\/\/www.sciencedirect.com\/science\/article\/pii\/S1876382017301737\" target=\"_blank\" rel=\"noopener noreferrer\">Volltext<\/a><\/p>\n<p><span class=\"no-underline accent\"><a href=\"https:\/\/trialsjournal.biomedcentral.com\/articles\/10.1186\/s13063-017-2059-4\" target=\"_blank\" rel=\"noopener noreferrer\">Benefits and challenges of using the cohort multiple randomised controlled trial design for testing an intervention for depression.<\/a><\/span><br \/>\nViksveen P. Relton C. Nicholl J.<br \/>\n<em>Trials<\/em>, 2017;<strong> 18<\/strong>:308<br \/>\n<a href=\"https:\/\/trialsjournal.biomedcentral.com\/articles\/10.1186\/s13063-017-2059-4\" target=\"_blank\" rel=\"noopener noreferrer\">Volltext<\/a><\/p>\n<p><span class=\"accent no-underline\"><a href=\"http:\/\/www.ncbi.nlm.nih.gov\/pubmed\/24685421\" target=\"_blank\" rel=\"noopener noreferrer\">Depression treated by homeopaths:\u00a0A study protocol for a pragmatic cohort multiple randomised controlled trial<\/a><br \/>\n<\/span>Viksveen P. Relton C.<br \/>\n<em>Homeopathy,<\/em> 2014;<strong>103<\/strong>(2):147-52<br \/>\n<a href=\"http:\/\/www.ncbi.nlm.nih.gov\/pubmed\/24685421\" target=\"_blank\" rel=\"noopener noreferrer\">Abstract<\/a><\/p>\n<p><span class=\"accent no-underline\"><a href=\"https:\/\/www.hri-research.org\/wp-content\/uploads\/2014\/03\/Viksveen_Abstractposter_Barcelona2013_Homeopathy_Jan2014.pdf\" target=\"_blank\" rel=\"noopener noreferrer\">Depressed patients treated by homeopaths: A protocol for a pragmatic randomized controlled trial and qualitative study applying the cmRCT design<\/a><\/span>\u00a0&#8211; poster presentation, 1<sup>st<\/sup> HRI International Homeopathy Research Conference, Barcelona, May-June 2013<\/p>\n<p><a href=\"#\" class=\"expand-content button accent-bg\" id=\"69d0f6c6efe90\"><span class=\"expand-content-more\">Publikationen von Petter Viksveen<\/span><span class=\"expand-content-less\">Weniger<\/span><\/a><\/p><div class=\"collapse-content\" id=\"panel-69d0f6c6efe90\"><br \/>\n<i><\/i><\/p>\n<p><a href=\"https:\/\/www.hribarcelona2013.org\/films\/#clip=5638yedh070g\" target=\"_blank\" rel=\"noopener noreferrer\">Economic evaluations of homeopathy: A review<\/a> \u2013 Vortrag anl\u00e4sslich der ersten <em>HRI International Homeopathy Research Conference<\/em> im Mai\/Juni 2013 in Barcelona.<br \/>\nDen in der Fachzeitschrift <em>Homeopathy<\/em> ver\u00f6ffentlichten Abstract finden Sie <a href=\"https:\/\/www.hri-research.org\/wp-content\/uploads\/2014\/03\/Viksveen_Abstractoral_Barcelona2013_Homeopathy_Jan2014.pdf\" target=\"_blank\" rel=\"noopener noreferrer\">hier<\/a>. Die Videoaufnahme des Vortrags k\u00f6nnen Sie <a href=\"https:\/\/www.hribarcelona2013.org\/films\/#clip=5638yedh070g\" target=\"_blank\" rel=\"noopener noreferrer\">hier<\/a> abrufen.<i><\/i><\/p>\n<p><span class=\"no-underline\"><a href=\"http:\/\/www.ncbi.nlm.nih.gov\/pubmed\/23397477\" target=\"_blank\" rel=\"noopener noreferrer\">Economic evaluations of homeopathy: a review<\/a><\/span><br \/>\nViksveen P, Dymitr Z, Simoens S<br \/>\n<em>Eur J Health Econ<\/em>., 2014;<strong>15<\/strong>(2):157-74<\/p>\n<p><a href=\"http:\/\/www.ncbi.nlm.nih.gov\/pubmed\/23823637\" target=\"_blank\" rel=\"noopener noreferrer\"><span class=\"no-underline\">What is a competent homeopath and what is needed to educate them?\u00a0 A qualitative study of educators&#8216; views<\/span><\/a><a href=\"http:\/\/www.ncbi.nlm.nih.gov\/pubmed\/23823637\" target=\"_blank\" rel=\"noopener noreferrer\"><span class=\"no-underline\">.<\/span><\/a><strong><br \/>\n<\/strong>Viksveen P, Steinsbekk A, Rise MB.<br \/>\n<em>Education for Health,<\/em> 2012; <strong>25<\/strong>(3): 172-179<\/p>\n<p><span class=\"no-underline\"><a href=\"http:\/\/www.ncbi.nlm.nih.gov\/pubmed\/2196220\" target=\"_blank\" rel=\"noopener noreferrer\">Undergraduate homeopathy education in Europe and the influence of accreditation<\/a>.<\/span><strong><span style=\"text-decoration: underline;\"><br \/>\n<\/span><\/strong>Viksveen P, Steinsbekk A.<br \/>\n<em>Homeopathy,<\/em> 2011; <strong>100<\/strong>: 253-258<\/p>\n<p><span class=\"no-underline\"><a href=\"http:\/\/www.ncbi.nlm.nih.gov\/pubmed\/16226199\" target=\"_blank\" rel=\"noopener noreferrer\">Changes in patients visiting a homeopathic clinic in Norway from 1994 to 2004<\/a>.<\/span><strong><span style=\"text-decoration: underline;\"><br \/>\n<\/span><\/strong>Viksveen P, Steinsbekk A.<br \/>\n<em>Homeopathy,<\/em> 2005; <strong>94<\/strong>: 222-228<\/p>\n<p><span class=\"no-underline\"><a href=\"http:\/\/www.ncbi.nlm.nih.gov\/pubmed\/12725252\" target=\"_blank\" rel=\"noopener noreferrer\">Antibiotics and the development of resistant microorganisms.\u00a0 Can homeopathy be an alternative?<\/a><\/span><strong><br \/>\n<\/strong>Viksveen P.<br \/>\n<em>Homeopathy,<\/em> 2003; <strong>92:<\/strong>99-107 \u00a0<\/div><!-- de -->\n","protected":false},"excerpt":{"rendered":"<p>Leitende Forscherin \u2013 Dr Petter Viksveen Projektabschluss: September 2018 Worum geht es bei diesem Projekt? Dieses Projekt, das im Rahmen eines PhD-Programms an der University of Sheffield (Gro\u00dfbritannien) durchgef\u00fchrt wird, soll die Wirkung einer zus\u00e4tzlich zum Therapiestandard verordneten hom\u00f6opathischen Behandlung bei Patienten untersuchen, die nach eigener Aussage an Depressionen leiden. Durch die Kombination mehrerer Forschungsmethoden [&hellip;]<\/p>\n","protected":false},"author":835,"featured_media":0,"parent":11516,"menu_order":0,"comment_status":"closed","ping_status":"closed","template":"","meta":{"footnotes":""},"class_list":["post-11499","page","type-page","status-publish","hentry"],"jetpack_sharing_enabled":true,"_links":{"self":[{"href":"https:\/\/www.hri-research.org\/de\/wp-json\/wp\/v2\/pages\/11499","targetHints":{"allow":["GET"]}}],"collection":[{"href":"https:\/\/www.hri-research.org\/de\/wp-json\/wp\/v2\/pages"}],"about":[{"href":"https:\/\/www.hri-research.org\/de\/wp-json\/wp\/v2\/types\/page"}],"author":[{"embeddable":true,"href":"https:\/\/www.hri-research.org\/de\/wp-json\/wp\/v2\/users\/835"}],"replies":[{"embeddable":true,"href":"https:\/\/www.hri-research.org\/de\/wp-json\/wp\/v2\/comments?post=11499"}],"version-history":[{"count":0,"href":"https:\/\/www.hri-research.org\/de\/wp-json\/wp\/v2\/pages\/11499\/revisions"}],"up":[{"embeddable":true,"href":"https:\/\/www.hri-research.org\/de\/wp-json\/wp\/v2\/pages\/11516"}],"wp:attachment":[{"href":"https:\/\/www.hri-research.org\/de\/wp-json\/wp\/v2\/media?parent=11499"}],"curies":[{"name":"wp","href":"https:\/\/api.w.org\/{rel}","templated":true}]}}