{"id":11493,"date":"2019-05-11T17:52:56","date_gmt":"2019-05-11T17:52:56","guid":{"rendered":"https:\/\/www.hri-research.org\/?page_id=11493\/"},"modified":"2023-05-05T11:55:40","modified_gmt":"2023-05-05T11:55:40","slug":"welche-erkrankungen-lassen-sich-mithilfe-der-homoeopathie-behandeln","status":"publish","type":"page","link":"https:\/\/www.hri-research.org\/de\/laufende-projekte\/welche-erkrankungen-lassen-sich-mithilfe-der-homoeopathie-behandeln\/","title":{"rendered":"Welche Erkrankungen lassen sich mithilfe der Hom\u00f6opathie behandeln?"},"content":{"rendered":"<p class=\"10ptText1After12pt\"><span lang=\"DE\">W\u00e4hrend sich manche Menschen mit der theoretischen Frage besch\u00e4ftigen, wie hom\u00f6opathische Arzneimittel wirken, besteht f\u00fcr andere die wichtigere Frage darin, welche Erkrankungen sich mithilfe der Hom\u00f6opathie behandeln lassen.<\/span><\/p>\n<p class=\"10ptText1After12pt\"><span lang=\"DE\">Um fundierte Entscheidungen \u00fcber die Gesundheitsversorgung treffen zu k\u00f6nnen, m\u00fcssen sowohl Patienten als auch Gesundheitsdienstleister wissen, ob die Hom\u00f6opathie bei bestimmten Erkrankungen helfen kann.<\/span><\/p>\n<p>Das HRI unterst\u00fctzt Projekte, die sich auf klinische Bereiche konzentrieren, in denen die Hom\u00f6opathie von besonderem Nutzen sein k\u00f6nnte.<\/p>\n<p>Zurzeit gibt es keine aktiven klinischen Forschungsprojekte des HRI.<\/p>\n<p>Um unsere abgeschlossenen klinischen Forschungsprojekte zu sehen, klicken Sie <a href=\"https:\/\/www.hri-research.org\/de\/laufende-projekte\/abgeschlossene-projekte\/\">hier<\/a>.<\/p>\n","protected":false},"excerpt":{"rendered":"<p>W\u00e4hrend sich manche Menschen mit der theoretischen Frage besch\u00e4ftigen, wie hom\u00f6opathische Arzneimittel wirken, besteht f\u00fcr andere die wichtigere Frage darin, welche Erkrankungen sich mithilfe der Hom\u00f6opathie behandeln lassen. Um fundierte Entscheidungen \u00fcber die Gesundheitsversorgung treffen zu k\u00f6nnen, m\u00fcssen sowohl Patienten als auch Gesundheitsdienstleister wissen, ob die Hom\u00f6opathie bei bestimmten Erkrankungen helfen kann. Das HRI unterst\u00fctzt [&hellip;]<\/p>\n","protected":false},"author":835,"featured_media":0,"parent":11483,"menu_order":0,"comment_status":"closed","ping_status":"closed","template":"","meta":{"footnotes":""},"class_list":["post-11493","page","type-page","status-publish","hentry"],"jetpack_sharing_enabled":true,"_links":{"self":[{"href":"https:\/\/www.hri-research.org\/de\/wp-json\/wp\/v2\/pages\/11493","targetHints":{"allow":["GET"]}}],"collection":[{"href":"https:\/\/www.hri-research.org\/de\/wp-json\/wp\/v2\/pages"}],"about":[{"href":"https:\/\/www.hri-research.org\/de\/wp-json\/wp\/v2\/types\/page"}],"author":[{"embeddable":true,"href":"https:\/\/www.hri-research.org\/de\/wp-json\/wp\/v2\/users\/835"}],"replies":[{"embeddable":true,"href":"https:\/\/www.hri-research.org\/de\/wp-json\/wp\/v2\/comments?post=11493"}],"version-history":[{"count":0,"href":"https:\/\/www.hri-research.org\/de\/wp-json\/wp\/v2\/pages\/11493\/revisions"}],"up":[{"embeddable":true,"href":"https:\/\/www.hri-research.org\/de\/wp-json\/wp\/v2\/pages\/11483"}],"wp:attachment":[{"href":"https:\/\/www.hri-research.org\/de\/wp-json\/wp\/v2\/media?parent=11493"}],"curies":[{"name":"wp","href":"https:\/\/api.w.org\/{rel}","templated":true}]}}