{"id":11488,"date":"2019-05-11T17:33:15","date_gmt":"2019-05-11T17:33:15","guid":{"rendered":"https:\/\/www.hri-research.org\/?page_id=11488\/"},"modified":"2021-01-11T16:08:27","modified_gmt":"2021-01-11T16:08:27","slug":"water-research-laboratory","status":"publish","type":"page","link":"https:\/\/www.hri-research.org\/de\/laufende-projekte\/wie-wirken-homoeopathische-arzneimittel\/water-research-laboratory\/","title":{"rendered":"Water Research Laboratory"},"content":{"rendered":"<h3><span class=\"accent\">Worum geht es bei diesem Projekt?<\/span><\/h3>\n<p>Das <a href=\"https:\/\/www.wrl-lab.org\/\">Water Research Lab (WRL)<\/a>\u00a0erforscht die Physik des Wassers unter Verwendung modernster experimenteller Techniken.<\/p>\n<p>Die zu erwartenden Ergebnisse dieses Projekts werden ein breites Spektrum potenzieller Anwendungsm\u00f6glichkeiten bieten. Das HRI kofinanziert das WRL-Projekt aber vor allem deshalb, weil das auf f\u00fcnf Jahre angelegte Forschungsprogramm den Wirkmechanismus hom\u00f6opathischer Arzneimittel aufdecken k\u00f6nnte.<\/p>\n<p>Mithilfe von Verfahren wie der Nahinfrarotspektroskopie, Magnetresonanztomografie, Leitf\u00e4higkeitsmessung und Massenspektrometrie soll die den Wassereigenschaften zugrundeliegende Physik untersucht werden. Auf diese Weise wollen wir herausfinden, wie hohe (\u00fcber die Avogadro-Konstante hinausgehende) hom\u00f6opathische Verd\u00fcnnungen Informationen enthalten und biologisch aktiv sein k\u00f6nnen.<\/p>\n<p>Das Forschungsteam unter der Leitung von Dr. Alexander Tournier arbeitet auf internationaler Ebene mit f\u00fchrenden Experten der diversen angewendeten Verfahren zusammen.<\/p>\n<p>Das in Heidelberg ans\u00e4ssige Labor wurde im Juni\u00a02018 offiziell er\u00f6ffnet und begann noch im selben Monat mit der Durchf\u00fchrung der ersten Versuche.<\/p>\n<p><span class=\"embed-youtube\" style=\"text-align:center; display: block;\"><iframe loading=\"lazy\" class=\"youtube-player\" width=\"520\" height=\"293\" src=\"https:\/\/www.youtube.com\/embed\/mnBs6oELE4Q?version=3&#038;rel=1&#038;showsearch=0&#038;showinfo=1&#038;iv_load_policy=1&#038;fs=1&#038;hl=de-DE&#038;autohide=2&#038;wmode=transparent\" allowfullscreen=\"true\" style=\"border:0;\" sandbox=\"allow-scripts allow-same-origin allow-popups allow-presentation allow-popups-to-escape-sandbox\"><\/iframe><\/span><\/p>\n<h3><b><span class=\"accent\">Leitender Forscher<\/span><\/b><\/h3>\n<p><strong>Alexander Tournier BSc DIC MASt Cantab PhD<\/strong><\/p>\n<p>Dr. Tournier studierte Physik am <em>Imperial College <\/em>in London und theoretische Physik an der <em>University of Cambridge<\/em>. Er promovierte mit einer Dissertation \u00fcber die Biophysik von Wasser-Protein-Wechselwirkungen an der Universit\u00e4t Heidelberg. Im vergangenen Jahrzehnt hat er als unabh\u00e4ngiger Forscher f\u00fcr die Wohlt\u00e4tigkeitsorganisation <em>Cancer\u00a0Research\u00a0UK<\/em> (das f\u00fcnftgr\u00f6\u00dfte Institut f\u00fcr Molekularbiologie weltweit) interdisziplin\u00e4re Forschung an den Grenzen zwischen Mathematik, Physik und Biologie betrieben.<\/p>\n<h3><span class=\"accent\">Warum ist dieses Projekt wichtig?<\/span><\/h3>\n<blockquote><p>\u201e<em>Die Best\u00e4tigung der Existenz einer strukturierten Phase von Wasser h\u00e4tte nicht nur erhebliche Auswirkungen f\u00fcr die Hom\u00f6opathie, sondern k\u00f6nnte auch zu vollkommen neuen Therapie- und Diagnoseverfahren f\u00fchren<\/em>.\u201c<\/p><\/blockquote>\n<p style=\"text-align: right;\">\u00a0<strong>Dr. Alexander Tournier, PhD<\/strong><\/p>\n<h3><span class=\"accent\">Weitere Informationen zu diesem Projekt<\/span><\/h3>\n<p><span class=\"no-underline\"><strong>Water Research Lab<\/strong><\/span><\/p>\n<p class=\"10ptText1After12pt\" style=\"line-height: 105%;\"><span lang=\"DE\">Die offizielle Webseite des WRL finden Sie <a href=\"https:\/\/www.wrl-lab.org\/\">hier<\/a>.<\/span><\/p>\n<p><a href=\"#\" class=\"expand-content button accent-bg\" id=\"69f75dd12fb1b\"><span class=\"expand-content-more\">Author publications<\/span><span class=\"expand-content-less\">Weniger<\/span><\/a><\/p><div class=\"collapse-content\" id=\"panel-69f75dd12fb1b\">\n<ol>\n<li>Tozluo\u011flu M, Tournier AL, Jenkins RP, Hooper S, Bates PA, Sahai E. Matrix geometry determines optimal cancer cell migration strategy and modulates response to interventions.\u00a0<em>Nature Cell Biology<\/em>. 2013, <strong>15<\/strong>(7):751-62 | <a href=\"http:\/\/www.ncbi.nlm.nih.gov\/pubmed\/23792690\" target=\"_blank\" rel=\"noopener noreferrer\">Pubmed<\/a><\/li>\n<li>Mao Y, Tournier AL, Hoppe A, Kester L, Thompson BJ, Tapon N. Differential proliferation rates generate patterns of mechanical tension that orient tissue growth.\u00a0<em>EMBO J<\/em>. 2013,\u00a0<strong>32<\/strong>(21):2790-803 | <a href=\"http:\/\/www.ncbi.nlm.nih.gov\/pubmed\/24022370\" target=\"_blank\" rel=\"noopener noreferrer\">Pubmed<\/a><\/li>\n<li>Mao Y, Tournier AL, Bates PA, Gale JE, Tapon N, Thompson BJ. Planar polarization of the atypical myosin Dachs orients cell divisions in Drosophila.\u00a0<em>Genes Dev<\/em>. 2011, <strong>25<\/strong>(2):131-6. | <a href=\"http:\/\/www.ncbi.nlm.nih.gov\/pubmed\/21245166\" target=\"_blank\" rel=\"noopener noreferrer\">Pubmed<\/a><\/li>\n<li>Schmierer B, Tournier AL, Bates PA, Hill CS. Mathematical modeling identifies Smad nucleocytoplasmic shuttling as a dynamic signal-interpreting system.\u00a0<em>Proc Natl Acad Sci U S A<\/em>. 2008; <strong>105<\/strong>(18):6608-13. | <a href=\"http:\/\/www.ncbi.nlm.nih.gov\/pubmed\/18443295\" target=\"_blank\" rel=\"noopener noreferrer\">Pubmed<\/a><\/li>\n<li>Tournier AL, R\u00e9at V, Dunn R, Daniel R, Smith JC, Finney J. Temperature and timescale dependence of protein dynamics in methanol : water mixtures.\u00a0<em>Phys Chem Chem Phys<\/em>. 2005,\u00a0B(7):1388-93. | <a href=\"http:\/\/www.ncbi.nlm.nih.gov\/pubmed\/19787959\" target=\"_blank\" rel=\"noopener noreferrer\">Pubmed<\/a><\/li>\n<li>Tournier AL, Smith JC. Principal components of the protein dynamical transition.\u00a0<em>Phys Rev Lett<\/em>. 2003; <strong>91<\/strong>(20):208106. | <a href=\"http:\/\/www.ncbi.nlm.nih.gov\/pubmed\/14683404\" target=\"_blank\" rel=\"noopener noreferrer\">Pubmed<\/a><\/li>\n<li>Tournier AL, Xu J, Smith JC. Translational hydration water dynamics drives the protein glass transition.\u00a0<em>Biophys J<\/em>. 2003, <strong>85<\/strong>(3):1871 | <a href=\"http:\/\/www.ncbi.nlm.nih.gov\/pubmed\/12944299\" target=\"_blank\" rel=\"noopener noreferrer\">Pubmed<\/a><\/li>\n<\/ol>\n<\/div><!-- de -->\n<p><a href=\"#\" class=\"expand-content button accent-bg\" id=\"69f75dd12fb43\"><span class=\"expand-content-more\">Referenzen<\/span><span class=\"expand-content-less\">Weniger<\/span><\/a><\/p><div class=\"collapse-content\" id=\"panel-69f75dd12fb43\">\n<ol>\n<li>Montagnier, L., A\u00efssa, J., Ferris, S., Montagnier, J.-L. &amp; Lavall\u00e9ee, C. Electromagnetic signals are produced by aqueous nanostructures derived from bacterial DNA sequences.\u00a0<i>Interdiscip. Sci. Comput. Life Sci.<\/i>\u00a02009,\u00a0<b>1,<\/b>\u00a081\u201390. | <a href=\"http:\/\/www.ncbi.nlm.nih.gov\/pubmed\/20640822\">Pubmed<\/a><\/li>\n<li>Montagnier, L.\u00a0<i>et al.<\/i>\u00a0DNA waves and water.\u00a0<i>J. Phys. Conf. Ser.<\/i>\u00a0<b>306,<\/b>\u00a0012007 (2011). | <a href=\"http:\/\/dx.doi.org\/10.1088\/1742-6596\/306\/1\/012007\">Link<\/a><\/li>\n<li>Davenas E, et al.\u00a0Human basophil degranulation triggered by very dilute antiserum against IgE.\u00a0<em>Nature<\/em>. 1988 <strong>333<\/strong>(6176):816-8. | <a href=\"http:\/\/www.ncbi.nlm.nih.gov\/pubmed\/2455231\">Pubmed<\/a><\/li>\n<li>Witt CM, Bluth M, Albrecht H, Weisshuhn TE, Baumgartner S, Willich SN.\u00a0The in vitro evidence for an effect of high homeopathic potencies&#8211;a systematic review of the literature.\u00a0<em>Complement Ther Med<\/em>. 2007 Jun;<strong>15<\/strong>(2):128-38. |\u00a0<a href=\"http:\/\/www.ncbi.nlm.nih.gov\/pubmed\/17544864\">Pubmed<\/a><\/li>\n<\/ol>\n<\/div><!-- de -->\n","protected":false},"excerpt":{"rendered":"<p>Worum geht es bei diesem Projekt? Das Water Research Lab (WRL)\u00a0erforscht die Physik des Wassers unter Verwendung modernster experimenteller Techniken. Die zu erwartenden Ergebnisse dieses Projekts werden ein breites Spektrum potenzieller Anwendungsm\u00f6glichkeiten bieten. Das HRI kofinanziert das WRL-Projekt aber vor allem deshalb, weil das auf f\u00fcnf Jahre angelegte Forschungsprogramm den Wirkmechanismus hom\u00f6opathischer Arzneimittel aufdecken k\u00f6nnte. [&hellip;]<\/p>\n","protected":false},"author":835,"featured_media":0,"parent":11485,"menu_order":0,"comment_status":"closed","ping_status":"closed","template":"","meta":{"footnotes":""},"class_list":["post-11488","page","type-page","status-publish","hentry"],"jetpack_sharing_enabled":true,"_links":{"self":[{"href":"https:\/\/www.hri-research.org\/de\/wp-json\/wp\/v2\/pages\/11488","targetHints":{"allow":["GET"]}}],"collection":[{"href":"https:\/\/www.hri-research.org\/de\/wp-json\/wp\/v2\/pages"}],"about":[{"href":"https:\/\/www.hri-research.org\/de\/wp-json\/wp\/v2\/types\/page"}],"author":[{"embeddable":true,"href":"https:\/\/www.hri-research.org\/de\/wp-json\/wp\/v2\/users\/835"}],"replies":[{"embeddable":true,"href":"https:\/\/www.hri-research.org\/de\/wp-json\/wp\/v2\/comments?post=11488"}],"version-history":[{"count":0,"href":"https:\/\/www.hri-research.org\/de\/wp-json\/wp\/v2\/pages\/11488\/revisions"}],"up":[{"embeddable":true,"href":"https:\/\/www.hri-research.org\/de\/wp-json\/wp\/v2\/pages\/11485"}],"wp:attachment":[{"href":"https:\/\/www.hri-research.org\/de\/wp-json\/wp\/v2\/media?parent=11488"}],"curies":[{"name":"wp","href":"https:\/\/api.w.org\/{rel}","templated":true}]}}