{"id":11483,"date":"2019-05-11T14:14:33","date_gmt":"2019-05-11T14:14:33","guid":{"rendered":"https:\/\/www.hri-research.org\/?page_id=11483\/"},"modified":"2020-11-06T14:13:56","modified_gmt":"2020-11-06T14:13:56","slug":"laufende-projekte","status":"publish","type":"page","link":"https:\/\/www.hri-research.org\/de\/laufende-projekte\/","title":{"rendered":"Laufende Projekte"},"content":{"rendered":"<p class=\"10ptText1After12pt\"><span lang=\"DE\">Wir f\u00fchren derzeit sowohl im Vereinigten K\u00f6nigreich als auch im Ausland eine Reihe von Projekten durch, indem wir wissenschaftliche oder finanzielle Unterst\u00fctzung oder beides zur Verf\u00fcgung stellen. Diese Projekte stehen im Einklang mit unserer <a href=\"https:\/\/www.hri-research.org\/de\/laufende-projekte\/forschungsstrategie\/\">Forschungsstrategie<\/a> und decken folgende Kernbereiche ab:<\/span><\/p>\n<table>\n<tbody>\n<tr>\n<td><a href=\"https:\/\/www.hri-research.org\/de\/laufende-projekte\/wie-wirken-homoeopathische-arzneimittel\/\"><img loading=\"lazy\" decoding=\"async\" class=\"alignnone wp-image-1869\" src=\"https:\/\/www.hri-research.org\/wp-content\/uploads\/2013\/11\/How-do-hom-med-work_shutterstock_124722004-300x200.jpg\" alt=\"How do hom med work_shutterstock_124722004\" width=\"149\" height=\"100\" srcset=\"https:\/\/www.hri-research.org\/wp-content\/uploads\/2013\/11\/How-do-hom-med-work_shutterstock_124722004-300x200.jpg 300w, https:\/\/www.hri-research.org\/wp-content\/uploads\/2013\/11\/How-do-hom-med-work_shutterstock_124722004-1024x685.jpg 1024w, https:\/\/www.hri-research.org\/wp-content\/uploads\/2013\/11\/How-do-hom-med-work_shutterstock_124722004-98x65.jpg 98w, https:\/\/www.hri-research.org\/wp-content\/uploads\/2013\/11\/How-do-hom-med-work_shutterstock_124722004-198x132.jpg 198w, https:\/\/www.hri-research.org\/wp-content\/uploads\/2013\/11\/How-do-hom-med-work_shutterstock_124722004-158x105.jpg 158w, https:\/\/www.hri-research.org\/wp-content\/uploads\/2013\/11\/How-do-hom-med-work_shutterstock_124722004-160x107.jpg 160w, https:\/\/www.hri-research.org\/wp-content\/uploads\/2013\/11\/How-do-hom-med-work_shutterstock_124722004-520x348.jpg 520w\" sizes=\"auto, (max-width: 149px) 100vw, 149px\" \/><\/a><\/td>\n<td>\n<h3><span class=\"no-underline\"><a href=\"https:\/\/www.hri-research.org\/de\/laufende-projekte\/wie-wirken-homoeopathische-arzneimittel\/\">Wie wirken hom\u00f6opathische Arzneimittel?<\/a><\/span><\/h3>\n<p class=\"10ptText1ItalicAfter12pt\"><em><span lang=\"DE\">Grundlagenforschung<\/span><\/em><\/p>\n<\/td>\n<\/tr>\n<tr>\n<td><a href=\"https:\/\/www.hri-research.org\/de\/laufende-projekte\/welche-erkrankungen-lassen-sich-mithilfe-der-homoeopathie-behandeln\/\"><img loading=\"lazy\" decoding=\"async\" class=\"alignnone wp-image-1904\" src=\"https:\/\/www.hri-research.org\/wp-content\/uploads\/2013\/11\/Clinical-research_shutterstock_177908072-scaled-300x200.jpg\" alt=\"Clinical research_shutterstock_177908072 scaled\" width=\"150\" height=\"100\" srcset=\"https:\/\/www.hri-research.org\/wp-content\/uploads\/2013\/11\/Clinical-research_shutterstock_177908072-scaled-300x200.jpg 300w, https:\/\/www.hri-research.org\/wp-content\/uploads\/2013\/11\/Clinical-research_shutterstock_177908072-scaled-98x65.jpg 98w, https:\/\/www.hri-research.org\/wp-content\/uploads\/2013\/11\/Clinical-research_shutterstock_177908072-scaled-198x132.jpg 198w, https:\/\/www.hri-research.org\/wp-content\/uploads\/2013\/11\/Clinical-research_shutterstock_177908072-scaled-158x105.jpg 158w, https:\/\/www.hri-research.org\/wp-content\/uploads\/2013\/11\/Clinical-research_shutterstock_177908072-scaled-160x106.jpg 160w, https:\/\/www.hri-research.org\/wp-content\/uploads\/2013\/11\/Clinical-research_shutterstock_177908072-scaled-520x346.jpg 520w, https:\/\/www.hri-research.org\/wp-content\/uploads\/2013\/11\/Clinical-research_shutterstock_177908072-scaled.jpg 591w\" sizes=\"auto, (max-width: 150px) 100vw, 150px\" \/><\/a><\/td>\n<td>\n<h3><span class=\"no-underline\"><a href=\"https:\/\/www.hri-research.org\/de\/laufende-projekte\/welche-erkrankungen-lassen-sich-mithilfe-der-homoeopathie-behandeln\/\">Welche Erkrankungen lassen sich mithilfe der Hom\u00f6opathie behandeln?<\/a><\/span><\/h3>\n<p class=\"10ptText1ItalicAfter12pt\"><em><span lang=\"DE\">Klinische Forschung<\/span><\/em><\/p>\n<\/td>\n<\/tr>\n<tr>\n<td><a href=\"https:\/\/www.hri-research.org\/de\/laufende-projekte\/mehr-informationen-aus-dem-vorhandenen-wissenschaftlichen-datenmaterial-ziehen\/\"><img loading=\"lazy\" decoding=\"async\" class=\"alignnone wp-image-2614\" src=\"https:\/\/www.hri-research.org\/wp-content\/uploads\/2014\/10\/Learning-more_134114783-150x150.jpg\" alt=\"\" width=\"150\" height=\"100\" srcset=\"https:\/\/www.hri-research.org\/wp-content\/uploads\/2014\/10\/Learning-more_134114783-300x200.jpg 300w, https:\/\/www.hri-research.org\/wp-content\/uploads\/2014\/10\/Learning-more_134114783-98x65.jpg 98w, https:\/\/www.hri-research.org\/wp-content\/uploads\/2014\/10\/Learning-more_134114783-198x132.jpg 198w, https:\/\/www.hri-research.org\/wp-content\/uploads\/2014\/10\/Learning-more_134114783-158x105.jpg 158w, https:\/\/www.hri-research.org\/wp-content\/uploads\/2014\/10\/Learning-more_134114783-160x106.jpg 160w, https:\/\/www.hri-research.org\/wp-content\/uploads\/2014\/10\/Learning-more_134114783-520x346.jpg 520w, https:\/\/www.hri-research.org\/wp-content\/uploads\/2014\/10\/Learning-more_134114783.jpg 1000w\" sizes=\"auto, (max-width: 150px) 100vw, 150px\" \/><\/a><\/td>\n<td>\n<h3><span class=\"no-underline\"><a href=\"https:\/\/www.hri-research.org\/de\/laufende-projekte\/mehr-informationen-aus-dem-vorhandenen-wissenschaftlichen-datenmaterial-ziehen\/\">Mehr aus der vorhandenen Faktenlage lernen<\/a><\/span><\/h3>\n<p class=\"10ptText1ItalicAfter12pt\"><em><span lang=\"DE\">\u00dcbersichtsarbeiten &amp; Datenbanken<\/span><\/em><\/p>\n<\/td>\n<\/tr>\n<tr>\n<td><a href=\"https:\/\/www.hri-research.org\/hri-research\/learning-from-day-to-day-practice\/\" target=\"_blank\" rel=\"noopener noreferrer\"><img loading=\"lazy\" decoding=\"async\" class=\"alignnone wp-image-14710\" src=\"https:\/\/www.hri-research.org\/wp-content\/uploads\/2020\/07\/Data-Collection.jpg\" alt=\"\" width=\"150\" height=\"100\" srcset=\"https:\/\/www.hri-research.org\/wp-content\/uploads\/2020\/07\/Data-Collection.jpg 300w, https:\/\/www.hri-research.org\/wp-content\/uploads\/2020\/07\/Data-Collection-98x65.jpg 98w, https:\/\/www.hri-research.org\/wp-content\/uploads\/2020\/07\/Data-Collection-198x132.jpg 198w, https:\/\/www.hri-research.org\/wp-content\/uploads\/2020\/07\/Data-Collection-158x105.jpg 158w, https:\/\/www.hri-research.org\/wp-content\/uploads\/2020\/07\/Data-Collection-160x107.jpg 160w\" sizes=\"auto, (max-width: 150px) 100vw, 150px\" \/><\/a><\/td>\n<td>\n<h3><span class=\"no-underline\"><a href=\"https:\/\/www.hri-research.org\/de\/laufende-projekte\/von-der-taeglichen-praxis-lernen\/\" target=\"_blank\" rel=\"noopener noreferrer\">Von der t\u00e4glichen Praxis lernen<\/a><\/span><\/h3>\n<p><em>Datensammlung<\/em><\/td>\n<\/tr>\n<tr>\n<td><a href=\"https:\/\/www.hri-research.org\/hri-research\/facilitating-future-research\/\" target=\"_blank\" rel=\"noopener noreferrer\"><img loading=\"lazy\" decoding=\"async\" class=\"alignnone wp-image-14756\" src=\"https:\/\/www.hri-research.org\/wp-content\/uploads\/2020\/07\/Expert-Meetings.png\" alt=\"\" width=\"150\" height=\"100\" srcset=\"https:\/\/www.hri-research.org\/wp-content\/uploads\/2020\/07\/Expert-Meetings.png 300w, https:\/\/www.hri-research.org\/wp-content\/uploads\/2020\/07\/Expert-Meetings-98x65.png 98w, https:\/\/www.hri-research.org\/wp-content\/uploads\/2020\/07\/Expert-Meetings-198x132.png 198w, https:\/\/www.hri-research.org\/wp-content\/uploads\/2020\/07\/Expert-Meetings-158x105.png 158w, https:\/\/www.hri-research.org\/wp-content\/uploads\/2020\/07\/Expert-Meetings-160x107.png 160w\" sizes=\"auto, (max-width: 150px) 100vw, 150px\" \/><\/a><\/td>\n<td>\n<h3><span class=\"no-underline\"><a href=\"https:\/\/www.hri-research.org\/de\/laufende-projekte\/erleichterung-der-zukuenftigen-forschung\/\" target=\"_blank\" rel=\"noopener noreferrer\">Erleichterung der zuk\u00fcnftigen Forschung<\/a><\/span><\/h3>\n<p><em>Expertentreffen<\/em><\/td>\n<\/tr>\n<\/tbody>\n<\/table>\n<p><\/br><\/p>\n<h3>Dr. Steven Cartwright | Homeopathy Research und HRI<\/h3>\n<p><span class=\"embed-youtube\" style=\"text-align:center; display: block;\"><iframe loading=\"lazy\" class=\"youtube-player\" width=\"520\" height=\"293\" src=\"https:\/\/www.youtube.com\/embed\/85oT1Y-lnbA?version=3&#038;rel=1&#038;showsearch=0&#038;showinfo=1&#038;iv_load_policy=1&#038;fs=1&#038;hl=de-DE&#038;autohide=2&#038;wmode=transparent\" allowfullscreen=\"true\" style=\"border:0;\" sandbox=\"allow-scripts allow-same-origin allow-popups allow-presentation allow-popups-to-escape-sandbox\"><\/iframe><\/span><\/p>\n","protected":false},"excerpt":{"rendered":"<p>Wir f\u00fchren derzeit sowohl im Vereinigten K\u00f6nigreich als auch im Ausland eine Reihe von Projekten durch, indem wir wissenschaftliche oder finanzielle Unterst\u00fctzung oder beides zur Verf\u00fcgung stellen. Diese Projekte stehen im Einklang mit unserer Forschungsstrategie und decken folgende Kernbereiche ab: Wie wirken hom\u00f6opathische Arzneimittel? Grundlagenforschung Welche Erkrankungen lassen sich mithilfe der Hom\u00f6opathie behandeln? Klinische Forschung [&hellip;]<\/p>\n","protected":false},"author":835,"featured_media":826,"parent":0,"menu_order":300,"comment_status":"closed","ping_status":"closed","template":"","meta":{"footnotes":""},"class_list":["post-11483","page","type-page","status-publish","has-post-thumbnail","hentry"],"jetpack_sharing_enabled":true,"_links":{"self":[{"href":"https:\/\/www.hri-research.org\/de\/wp-json\/wp\/v2\/pages\/11483","targetHints":{"allow":["GET"]}}],"collection":[{"href":"https:\/\/www.hri-research.org\/de\/wp-json\/wp\/v2\/pages"}],"about":[{"href":"https:\/\/www.hri-research.org\/de\/wp-json\/wp\/v2\/types\/page"}],"author":[{"embeddable":true,"href":"https:\/\/www.hri-research.org\/de\/wp-json\/wp\/v2\/users\/835"}],"replies":[{"embeddable":true,"href":"https:\/\/www.hri-research.org\/de\/wp-json\/wp\/v2\/comments?post=11483"}],"version-history":[{"count":0,"href":"https:\/\/www.hri-research.org\/de\/wp-json\/wp\/v2\/pages\/11483\/revisions"}],"wp:featuredmedia":[{"embeddable":true,"href":"https:\/\/www.hri-research.org\/de\/wp-json\/wp\/v2\/media\/826"}],"wp:attachment":[{"href":"https:\/\/www.hri-research.org\/de\/wp-json\/wp\/v2\/media?parent=11483"}],"curies":[{"name":"wp","href":"https:\/\/api.w.org\/{rel}","templated":true}]}}